{"id":1361,"date":"2022-06-22T19:05:00","date_gmt":"2022-06-22T19:05:00","guid":{"rendered":"https:\/\/esfinge.mx\/inicio\/?page_id=1361"},"modified":"2025-09-27T12:14:49","modified_gmt":"2025-09-27T18:14:49","slug":"contacto","status":"publish","type":"page","link":"https:\/\/esfinge.mx\/inicio\/contacto\/","title":{"rendered":"Contacto"},"content":{"rendered":"\n<p>Puede contactarnos de cualquier manera que sea conveniente para usted.<\/p>\n\n\n\n<div class=\"wp-block-columns is-layout-flex wp-container-core-columns-is-layout-9d6595d7 wp-block-columns-is-layout-flex\">\n<div class=\"wp-block-column is-layout-flow wp-block-column-is-layout-flow\"><div class=\"wpforms-container wpforms-container-full\" id=\"wpforms-1364\"><form id=\"wpforms-form-1364\" class=\"wpforms-validate wpforms-form wpforms-ajax-form\" data-formid=\"1364\" method=\"post\" enctype=\"multipart\/form-data\" action=\"\/inicio\/wp-json\/wp\/v2\/pages\/1361\" data-token=\"8c666a0fbca35aab718cf965332f43c0\" data-token-time=\"1775545045\"><noscript class=\"wpforms-error-noscript\">Por favor, activa JavaScript en tu navegador para completar este formulario.<\/noscript><div class=\"wpforms-field-container\"><div id=\"wpforms-1364-field_0-container\" class=\"wpforms-field wpforms-field-name\" data-field-id=\"0\"><label class=\"wpforms-field-label\" for=\"wpforms-1364-field_0\">Nombre  <span class=\"wpforms-required-label\">*<\/span><\/label><input type=\"text\" id=\"wpforms-1364-field_0\" class=\"wpforms-field-medium wpforms-field-required\" name=\"wpforms[fields][0]\" required><\/div><div id=\"wpforms-1364-field_3-container\" class=\"wpforms-field wpforms-field-number\" data-field-id=\"3\"><label class=\"wpforms-field-label\" for=\"wpforms-1364-field_3\">Telefono<\/label><input type=\"number\" id=\"wpforms-1364-field_3\" class=\"wpforms-field-medium\" name=\"wpforms[fields][3]\" step=\"any\" ><\/div><div id=\"wpforms-1364-field_1-container\" class=\"wpforms-field wpforms-field-email\" data-field-id=\"1\"><label class=\"wpforms-field-label\" for=\"wpforms-1364-field_1\">Email <span class=\"wpforms-required-label\">*<\/span><\/label><input type=\"email\" id=\"wpforms-1364-field_1\" class=\"wpforms-field-medium wpforms-field-required\" name=\"wpforms[fields][1]\" spellcheck=\"false\" required><\/div><div id=\"wpforms-1364-field_2-container\" class=\"wpforms-field wpforms-field-textarea\" data-field-id=\"2\"><label class=\"wpforms-field-label\" for=\"wpforms-1364-field_2\">Mensaje <span class=\"wpforms-required-label\">*<\/span><\/label><textarea id=\"wpforms-1364-field_2\" class=\"wpforms-field-medium wpforms-field-required\" name=\"wpforms[fields][2]\" required><\/textarea><\/div><\/div><!-- .wpforms-field-container --><div class=\"wpforms-submit-container\" ><input type=\"hidden\" name=\"wpforms[id]\" value=\"1364\"><input type=\"hidden\" name=\"page_title\" value=\"\"><input type=\"hidden\" name=\"page_url\" value=\"https:\/\/esfinge.mx\/inicio\/wp-json\/wp\/v2\/pages\/1361\"><input type=\"hidden\" name=\"url_referer\" value=\"\"><button type=\"submit\" name=\"wpforms[submit]\" id=\"wpforms-submit-1364\" class=\"wpforms-submit\" data-alt-text=\"Enviando...\" data-submit-text=\"Enviar\" aria-live=\"assertive\" value=\"wpforms-submit\">Enviar<\/button><img loading=\"lazy\" decoding=\"async\" src=\"https:\/\/esfinge.mx\/inicio\/wp-content\/plugins\/wpforms-lite\/assets\/images\/submit-spin.svg\" class=\"wpforms-submit-spinner\" style=\"display: none;\" width=\"26\" height=\"26\" alt=\"Cargando\"><\/div><\/form><\/div>  <!-- .wpforms-container -->\n<\/div>\n\n\n\n<div class=\"wp-block-column is-layout-flow wp-block-column-is-layout-flow\">\n<p><strong>Tel\u00e9fonos<\/strong>: 5553591111 Ext. 1112, 555 357 6905<br>559 660 2716<\/p>\n\n\n\n<p><strong>E-mail:<\/strong><\/p>\n\n\n\n<p><a href=\"mailto:contacto@esfinge.com.mx\">gracielagarcia@esfinge.com.mx<\/a><\/p>\n\n\n\n<p><\/p>\n\n\n\n<p><strong>Direcci\u00f3n<\/strong>: Calle \u00c1tomo 24 Colonia Parque Industrial Naucalpan, Nacualpan de Ju\u00e1rez, Estado de M\u00e9xico, C.P. 53489<\/p>\n\n\n\n<p><strong>Horario<\/strong>: Lunes-Viernes: 8:00am-4:00pm<\/p>\n<\/div>\n<\/div>\n\n\n\n<div class=\"wp-block-columns is-layout-flex wp-container-core-columns-is-layout-9d6595d7 wp-block-columns-is-layout-flex\">\n<div class=\"wp-block-column is-layout-flow wp-block-column-is-layout-flow\">\n<div class=\"wp-block-columns is-layout-flex wp-container-core-columns-is-layout-9d6595d7 wp-block-columns-is-layout-flex\">\n<div class=\"wp-block-column is-layout-flow wp-block-column-is-layout-flow\">\n<div class=\"wp-block-buttons is-layout-flex wp-block-buttons-is-layout-flex\"><\/div>\n\n\n<div class=\"wp-block-image\">\n<figure class=\"aligncenter size-full is-resized\"><a href=\"https:\/\/www.facebook.com\/EditorialEsfingeOficial\" target=\"_blank\" rel=\"noopener\"><img loading=\"lazy\" decoding=\"async\" width=\"512\" height=\"512\" src=\"https:\/\/esfinge.mx\/inicio\/wp-content\/uploads\/2022\/06\/facebook.png\" alt=\"\" class=\"wp-image-1396\" style=\"width:79px;height:79px\" srcset=\"https:\/\/esfinge.mx\/inicio\/wp-content\/uploads\/2022\/06\/facebook.png 512w, https:\/\/esfinge.mx\/inicio\/wp-content\/uploads\/2022\/06\/facebook-300x300.png 300w, https:\/\/esfinge.mx\/inicio\/wp-content\/uploads\/2022\/06\/facebook-150x150.png 150w, https:\/\/esfinge.mx\/inicio\/wp-content\/uploads\/2022\/06\/facebook-100x100.png 100w, https:\/\/esfinge.mx\/inicio\/wp-content\/uploads\/2022\/06\/facebook-90x90.png 90w\" sizes=\"auto, (max-width: 512px) 100vw, 512px\" \/><\/a><figcaption class=\"wp-element-caption\">Facebook<\/figcaption><\/figure>\n<\/div><\/div>\n\n\n\n<div class=\"wp-block-column is-layout-flow wp-block-column-is-layout-flow\">\n<div class=\"wp-block-buttons is-layout-flex wp-block-buttons-is-layout-flex\"><\/div>\n\n\n<div class=\"wp-block-image\">\n<figure class=\"aligncenter size-full is-resized\"><a href=\"https:\/\/www.instagram.com\/editorialesfinge\/?hl=es\" target=\"_blank\" rel=\"noopener\"><img loading=\"lazy\" decoding=\"async\" width=\"512\" height=\"512\" src=\"https:\/\/esfinge.mx\/inicio\/wp-content\/uploads\/2022\/06\/instagram.png\" alt=\"\" class=\"wp-image-1398\" style=\"width:87px;height:87px\" srcset=\"https:\/\/esfinge.mx\/inicio\/wp-content\/uploads\/2022\/06\/instagram.png 512w, https:\/\/esfinge.mx\/inicio\/wp-content\/uploads\/2022\/06\/instagram-300x300.png 300w, https:\/\/esfinge.mx\/inicio\/wp-content\/uploads\/2022\/06\/instagram-150x150.png 150w, https:\/\/esfinge.mx\/inicio\/wp-content\/uploads\/2022\/06\/instagram-100x100.png 100w, https:\/\/esfinge.mx\/inicio\/wp-content\/uploads\/2022\/06\/instagram-90x90.png 90w\" sizes=\"auto, (max-width: 512px) 100vw, 512px\" \/><\/a><figcaption class=\"wp-element-caption\">Instagram<\/figcaption><\/figure>\n<\/div><\/div>\n<\/div>\n<\/div>\n\n\n\n<div class=\"wp-block-column is-layout-flow wp-block-column-is-layout-flow\">\n<div class=\"wp-block-columns is-layout-flex wp-container-core-columns-is-layout-9d6595d7 wp-block-columns-is-layout-flex\">\n<div class=\"wp-block-column is-layout-flow wp-block-column-is-layout-flow\">\n<div class=\"wp-block-buttons is-layout-flex wp-block-buttons-is-layout-flex\"><\/div>\n\n\n<div class=\"wp-block-image\">\n<figure class=\"aligncenter size-full is-resized\"><a href=\"https:\/\/www.youtube.com\/channel\/UChuYm0R5ttoUlmCHiduqq6w\" target=\"_blank\" rel=\"noopener\"><img loading=\"lazy\" decoding=\"async\" width=\"512\" height=\"512\" src=\"https:\/\/esfinge.mx\/inicio\/wp-content\/uploads\/2022\/06\/youtube.png\" alt=\"\" class=\"wp-image-1399\" style=\"width:94px;height:94px\" srcset=\"https:\/\/esfinge.mx\/inicio\/wp-content\/uploads\/2022\/06\/youtube.png 512w, https:\/\/esfinge.mx\/inicio\/wp-content\/uploads\/2022\/06\/youtube-300x300.png 300w, https:\/\/esfinge.mx\/inicio\/wp-content\/uploads\/2022\/06\/youtube-150x150.png 150w, https:\/\/esfinge.mx\/inicio\/wp-content\/uploads\/2022\/06\/youtube-100x100.png 100w, https:\/\/esfinge.mx\/inicio\/wp-content\/uploads\/2022\/06\/youtube-90x90.png 90w\" sizes=\"auto, (max-width: 512px) 100vw, 512px\" \/><\/a><figcaption class=\"wp-element-caption\">YouTube<\/figcaption><\/figure>\n<\/div><\/div>\n\n\n\n<div class=\"wp-block-column is-layout-flow wp-block-column-is-layout-flow\">\n<div class=\"wp-block-buttons is-layout-flex wp-block-buttons-is-layout-flex\"><\/div>\n\n\n<div class=\"wp-block-image\">\n<figure class=\"aligncenter size-full is-resized\"><a href=\"https:\/\/twitter.com\/Esfingemx\" target=\"_blank\" rel=\"noopener\"><img loading=\"lazy\" decoding=\"async\" width=\"512\" height=\"512\" src=\"https:\/\/esfinge.mx\/inicio\/wp-content\/uploads\/2022\/06\/gorjeo.png\" alt=\"\" class=\"wp-image-1400\" style=\"width:86px;height:86px\" srcset=\"https:\/\/esfinge.mx\/inicio\/wp-content\/uploads\/2022\/06\/gorjeo.png 512w, https:\/\/esfinge.mx\/inicio\/wp-content\/uploads\/2022\/06\/gorjeo-300x300.png 300w, https:\/\/esfinge.mx\/inicio\/wp-content\/uploads\/2022\/06\/gorjeo-150x150.png 150w, https:\/\/esfinge.mx\/inicio\/wp-content\/uploads\/2022\/06\/gorjeo-100x100.png 100w, https:\/\/esfinge.mx\/inicio\/wp-content\/uploads\/2022\/06\/gorjeo-90x90.png 90w\" sizes=\"auto, (max-width: 512px) 100vw, 512px\" \/><\/a><figcaption class=\"wp-element-caption\">Twitter<\/figcaption><\/figure>\n<\/div><\/div>\n<\/div>\n<\/div>\n<\/div>\n\n\n\n<h2 class=\"wp-block-heading\">Sucursales<\/h2>\n\n\n\n<div class=\"wp-block-columns is-layout-flex wp-container-core-columns-is-layout-9d6595d7 wp-block-columns-is-layout-flex\">\n<div class=\"wp-block-column is-layout-flow wp-block-column-is-layout-flow\">\n<p><strong>Centro:<\/strong> Ciudad de M\u00e9xico, Estado de M\u00e9xico, Hidalgo, Morelos, Guerrero y Quer\u00e9taro<\/p>\n\n\n\n<p>\u00c1tomo 24 Colonia Parque Industrial Naucalpan. Estado de M\u00e9xico, C.P. 53489<\/p>\n\n\n\n<p>Tel\u00e9fono: 55-5359-1111<\/p>\n<\/div>\n\n\n\n<div class=\"wp-block-column is-layout-flow wp-block-column-is-layout-flow\">\n<p><strong>Librer\u00eda Esfinge:<\/strong> Pasaje Z\u00f3calo-Pino Su\u00e1rez, Local #2, Colonia Centro, Ciudad de M\u00e9xico, C.P. 06090<\/p>\n\n\n\n<p>Tel\u00e9fono: 55-5522-1763<\/p>\n<\/div>\n\n\n\n<div class=\"wp-block-column is-layout-flow wp-block-column-is-layout-flow\">\n<p><strong>Occidente \/ Baj\u00edo:<\/strong> Atenci\u00f3n y servicio: celular 33-3809-4247 y 33 1011-6366<\/p>\n<\/div>\n<\/div>\n\n\n\n<div class=\"wp-block-columns is-layout-flex wp-container-core-columns-is-layout-9d6595d7 wp-block-columns-is-layout-flex\">\n<div class=\"wp-block-column is-layout-flow wp-block-column-is-layout-flow\">\n<p><strong>Norte:<\/strong> Nuevo Le\u00f3n, Coahuila, Tamaulipas, Durango y Chihuahua, Baja California y Sonora Atenci\u00f3n y servicio: celular 811-229-6618<\/p>\n<\/div>\n\n\n\n<div class=\"wp-block-column is-layout-flow wp-block-column-is-layout-flow\">\n<p><strong>Sureste:<\/strong> Tabasco, Chiapas, Yucat\u00e1n y Campeche<\/p>\n\n\n\n<p>Atenci\u00f3n y servicio: celular 55-4193-6918<\/p>\n<\/div>\n\n\n\n<div class=\"wp-block-column is-layout-flow wp-block-column-is-layout-flow\">\n<p><strong>Sur: <\/strong>Oaxaca, Puebla y Tlaxcala<\/p>\n\n\n\n<p>Atenci\u00f3n y servicio: celular 222-563-6200<\/p>\n\n\n\n<p>Veracruz: celular 229-960-8553<\/p>\n<\/div>\n<\/div>\n\n\n\n<p><\/p>\n\n\n\n<p><\/p>\n\n\n\n<p><\/p>\n\n\n\n<p><\/p>\n","protected":false},"excerpt":{"rendered":"<p>Puede contactarnos de cualquier manera que sea conveniente para usted. Tel\u00e9fonos: 5553591111 Ext. 1112, 555 357 6905559 660 2716 E-mail: gracielagarcia@esfinge.com.mx Direcci\u00f3n: Calle \u00c1tomo 24 Colonia Parque Industrial Naucalpan, Nacualpan de Ju\u00e1rez, Estado de M\u00e9xico, C.P. 53489 Horario: Lunes-Viernes: 8:00am-4:00pm Sucursales Centro: Ciudad de M\u00e9xico, Estado de M\u00e9xico, Hidalgo, Morelos, Guerrero y Quer\u00e9taro \u00c1tomo 24 [&hellip;]<\/p>\n","protected":false},"author":1,"featured_media":0,"parent":0,"menu_order":0,"comment_status":"closed","ping_status":"closed","template":"","meta":{"footnotes":""},"class_list":["post-1361","page","type-page","status-publish","hentry"],"_links":{"self":[{"href":"https:\/\/esfinge.mx\/inicio\/wp-json\/wp\/v2\/pages\/1361","targetHints":{"allow":["GET"]}}],"collection":[{"href":"https:\/\/esfinge.mx\/inicio\/wp-json\/wp\/v2\/pages"}],"about":[{"href":"https:\/\/esfinge.mx\/inicio\/wp-json\/wp\/v2\/types\/page"}],"author":[{"embeddable":true,"href":"https:\/\/esfinge.mx\/inicio\/wp-json\/wp\/v2\/users\/1"}],"replies":[{"embeddable":true,"href":"https:\/\/esfinge.mx\/inicio\/wp-json\/wp\/v2\/comments?post=1361"}],"version-history":[{"count":12,"href":"https:\/\/esfinge.mx\/inicio\/wp-json\/wp\/v2\/pages\/1361\/revisions"}],"predecessor-version":[{"id":2592,"href":"https:\/\/esfinge.mx\/inicio\/wp-json\/wp\/v2\/pages\/1361\/revisions\/2592"}],"wp:attachment":[{"href":"https:\/\/esfinge.mx\/inicio\/wp-json\/wp\/v2\/media?parent=1361"}],"curies":[{"name":"wp","href":"https:\/\/api.w.org\/{rel}","templated":true}]}}