{"id":2,"date":"2021-09-21T18:54:41","date_gmt":"2021-09-21T18:54:41","guid":{"rendered":"https:\/\/esfinge.mx\/inicio\/?page_id=2"},"modified":"2026-03-04T09:18:48","modified_gmt":"2026-03-04T15:18:48","slug":"pagina-ejemplo","status":"publish","type":"page","link":"https:\/\/esfinge.mx\/inicio\/","title":{"rendered":"Inicio"},"content":{"rendered":"\t\t<div data-elementor-type=\"wp-page\" data-elementor-id=\"2\" class=\"elementor elementor-2\">\n\t\t\t\t\t\t\t\t\t<section class=\"elementor-section elementor-top-section elementor-element elementor-element-2aa4185a elementor-section-boxed elementor-section-height-default elementor-section-height-default\" data-id=\"2aa4185a\" data-element_type=\"section\">\n\t\t\t\t\t\t<div class=\"elementor-container elementor-column-gap-default\">\n\t\t\t\t\t<div class=\"elementor-column elementor-col-100 elementor-top-column elementor-element elementor-element-5a4ef1d4\" data-id=\"5a4ef1d4\" data-element_type=\"column\">\n\t\t\t<div class=\"elementor-widget-wrap elementor-element-populated\">\n\t\t\t\t\t\t\t\t<div class=\"elementor-element elementor-element-68723213 elementor-widget elementor-widget-text-editor\" data-id=\"68723213\" data-element_type=\"widget\" data-widget_type=\"text-editor.default\">\n\t\t\t\t<div class=\"elementor-widget-container\">\n\t\t\t<style>\/*! elementor - v3.13.3 - 28-05-2023 *\/\n.elementor-widget-text-editor.elementor-drop-cap-view-stacked .elementor-drop-cap{background-color:#69727d;color:#fff}.elementor-widget-text-editor.elementor-drop-cap-view-framed .elementor-drop-cap{color:#69727d;border:3px solid;background-color:transparent}.elementor-widget-text-editor:not(.elementor-drop-cap-view-default) .elementor-drop-cap{margin-top:8px}.elementor-widget-text-editor:not(.elementor-drop-cap-view-default) .elementor-drop-cap-letter{width:1em;height:1em}.elementor-widget-text-editor .elementor-drop-cap{float:left;text-align:center;line-height:1;font-size:50px}.elementor-widget-text-editor .elementor-drop-cap-letter{display:inline-block}<\/style>\t\t\t\t<!-- wp:nextend\/smartslider3 {\"slider\":\"1\"} -->\n<div class=\"wp-block-nextend-smartslider3\"><\/div>\n<div class=\"wp-block-columns\">\n<div class=\"wp-block-column\">\n<p>\u00a0<\/p>\n<!-- \/wp:paragraph --><\/div>\n<!-- \/wp:column --><\/div>\n<!-- \/wp:columns -->\t\t\t\t\t\t<\/div>\n\t\t\t\t<\/div>\n\t\t\t\t\t<\/div>\n\t\t<\/div>\n\t\t\t\t\t\t\t<\/div>\n\t\t<\/section>\n\t\t\t\t<section class=\"elementor-section elementor-top-section elementor-element elementor-element-8c7fb00 elementor-section-full_width elementor-section-height-default elementor-section-height-default\" data-id=\"8c7fb00\" data-element_type=\"section\">\n\t\t\t\t\t\t<div class=\"elementor-container elementor-column-gap-extended\">\n\t\t\t\t\t<div class=\"elementor-column elementor-col-33 elementor-top-column elementor-element elementor-element-649f9ea\" data-id=\"649f9ea\" data-element_type=\"column\">\n\t\t\t<div class=\"elementor-widget-wrap elementor-element-populated\">\n\t\t\t\t\t\t\t\t<div class=\"elementor-element elementor-element-038edb5 elementor-widget elementor-widget-image\" data-id=\"038edb5\" data-element_type=\"widget\" data-widget_type=\"image.default\">\n\t\t\t\t<div class=\"elementor-widget-container\">\n\t\t\t<style>\/*! elementor - v3.13.3 - 28-05-2023 *\/\n.elementor-widget-image{text-align:center}.elementor-widget-image a{display:inline-block}.elementor-widget-image a img[src$=\".svg\"]{width:48px}.elementor-widget-image img{vertical-align:middle;display:inline-block}<\/style>\t\t\t\t\t\t\t\t\t\t\t\t\t<a href=\"https:\/\/esfinge.mx\/recursos\/catalogos2025\/Catalogo_Preescolar_Primaria_Esfinge_2025_WEB.pdf\">\n\t\t\t\t\t\t\t<img loading=\"lazy\" decoding=\"async\" width=\"640\" height=\"485\" src=\"https:\/\/esfinge.mx\/inicio\/wp-content\/uploads\/2025\/02\/Portada_Catalogo_Preescolar_Primaria_Esfinge_2025-1024x776.png\" class=\"attachment-large size-large wp-image-2402\" alt=\"\" srcset=\"https:\/\/esfinge.mx\/inicio\/wp-content\/uploads\/2025\/02\/Portada_Catalogo_Preescolar_Primaria_Esfinge_2025-1024x776.png 1024w, https:\/\/esfinge.mx\/inicio\/wp-content\/uploads\/2025\/02\/Portada_Catalogo_Preescolar_Primaria_Esfinge_2025-300x227.png 300w, https:\/\/esfinge.mx\/inicio\/wp-content\/uploads\/2025\/02\/Portada_Catalogo_Preescolar_Primaria_Esfinge_2025-768x582.png 768w, https:\/\/esfinge.mx\/inicio\/wp-content\/uploads\/2025\/02\/Portada_Catalogo_Preescolar_Primaria_Esfinge_2025-1536x1164.png 1536w, https:\/\/esfinge.mx\/inicio\/wp-content\/uploads\/2025\/02\/Portada_Catalogo_Preescolar_Primaria_Esfinge_2025-2048x1551.png 2048w, https:\/\/esfinge.mx\/inicio\/wp-content\/uploads\/2025\/02\/Portada_Catalogo_Preescolar_Primaria_Esfinge_2025-119x90.png 119w, https:\/\/esfinge.mx\/inicio\/wp-content\/uploads\/2025\/02\/Portada_Catalogo_Preescolar_Primaria_Esfinge_2025-600x455.png 600w\" sizes=\"auto, (max-width: 640px) 100vw, 640px\" \/>\t\t\t\t\t\t\t\t<\/a>\n\t\t\t\t\t\t\t\t\t\t\t\t\t\t\t<\/div>\n\t\t\t\t<\/div>\n\t\t\t\t\t<\/div>\n\t\t<\/div>\n\t\t\t\t<div class=\"elementor-column elementor-col-33 elementor-top-column elementor-element elementor-element-779fa25\" data-id=\"779fa25\" data-element_type=\"column\">\n\t\t\t<div class=\"elementor-widget-wrap elementor-element-populated\">\n\t\t\t\t\t\t\t\t<div class=\"elementor-element elementor-element-cbb9b8a elementor-widget elementor-widget-image\" data-id=\"cbb9b8a\" data-element_type=\"widget\" data-widget_type=\"image.default\">\n\t\t\t\t<div class=\"elementor-widget-container\">\n\t\t\t\t\t\t\t\t\t\t\t\t\t\t\t\t<a href=\"https:\/\/esfinge.mx\/recursos\/catalogos2025\/Catalogo_Secundaria_Esfinge_2025_WEB.pdf\">\n\t\t\t\t\t\t\t<img loading=\"lazy\" decoding=\"async\" width=\"640\" height=\"481\" src=\"https:\/\/esfinge.mx\/inicio\/wp-content\/uploads\/2025\/02\/Portada_Catalogo_Secundaria_Esfinge_2025-1024x770.png\" class=\"attachment-large size-large wp-image-2401\" alt=\"\" srcset=\"https:\/\/esfinge.mx\/inicio\/wp-content\/uploads\/2025\/02\/Portada_Catalogo_Secundaria_Esfinge_2025-1024x770.png 1024w, https:\/\/esfinge.mx\/inicio\/wp-content\/uploads\/2025\/02\/Portada_Catalogo_Secundaria_Esfinge_2025-300x226.png 300w, https:\/\/esfinge.mx\/inicio\/wp-content\/uploads\/2025\/02\/Portada_Catalogo_Secundaria_Esfinge_2025-768x578.png 768w, https:\/\/esfinge.mx\/inicio\/wp-content\/uploads\/2025\/02\/Portada_Catalogo_Secundaria_Esfinge_2025-1536x1155.png 1536w, https:\/\/esfinge.mx\/inicio\/wp-content\/uploads\/2025\/02\/Portada_Catalogo_Secundaria_Esfinge_2025-2048x1540.png 2048w, https:\/\/esfinge.mx\/inicio\/wp-content\/uploads\/2025\/02\/Portada_Catalogo_Secundaria_Esfinge_2025-120x90.png 120w, https:\/\/esfinge.mx\/inicio\/wp-content\/uploads\/2025\/02\/Portada_Catalogo_Secundaria_Esfinge_2025-600x451.png 600w\" sizes=\"auto, (max-width: 640px) 100vw, 640px\" \/>\t\t\t\t\t\t\t\t<\/a>\n\t\t\t\t\t\t\t\t\t\t\t\t\t\t\t<\/div>\n\t\t\t\t<\/div>\n\t\t\t\t\t<\/div>\n\t\t<\/div>\n\t\t\t\t<div class=\"elementor-column elementor-col-33 elementor-top-column elementor-element elementor-element-6483d66\" data-id=\"6483d66\" data-element_type=\"column\">\n\t\t\t<div class=\"elementor-widget-wrap elementor-element-populated\">\n\t\t\t\t\t\t\t\t<div class=\"elementor-element elementor-element-ba22603 elementor-widget__width-initial elementor-widget elementor-widget-image\" data-id=\"ba22603\" data-element_type=\"widget\" data-widget_type=\"image.default\">\n\t\t\t\t<div class=\"elementor-widget-container\">\n\t\t\t\t\t\t\t\t\t\t\t\t\t\t\t\t<a href=\"https:\/\/esfinge.mx\/recursos\/Catalogo2026\/Catalogo_Bachillerato\/index.html\">\n\t\t\t\t\t\t\t<img loading=\"lazy\" decoding=\"async\" width=\"640\" height=\"849\" src=\"https:\/\/esfinge.mx\/inicio\/wp-content\/uploads\/2026\/03\/Captura-de-Pantalla-2026-03-03-a-las-21.13.10.png\" class=\"attachment-large size-large wp-image-2731\" alt=\"\" srcset=\"https:\/\/esfinge.mx\/inicio\/wp-content\/uploads\/2026\/03\/Captura-de-Pantalla-2026-03-03-a-las-21.13.10.png 693w, https:\/\/esfinge.mx\/inicio\/wp-content\/uploads\/2026\/03\/Captura-de-Pantalla-2026-03-03-a-las-21.13.10-226x300.png 226w, https:\/\/esfinge.mx\/inicio\/wp-content\/uploads\/2026\/03\/Captura-de-Pantalla-2026-03-03-a-las-21.13.10-100x133.png 100w, https:\/\/esfinge.mx\/inicio\/wp-content\/uploads\/2026\/03\/Captura-de-Pantalla-2026-03-03-a-las-21.13.10-68x90.png 68w, https:\/\/esfinge.mx\/inicio\/wp-content\/uploads\/2026\/03\/Captura-de-Pantalla-2026-03-03-a-las-21.13.10-600x796.png 600w\" sizes=\"auto, (max-width: 640px) 100vw, 640px\" \/>\t\t\t\t\t\t\t\t<\/a>\n\t\t\t\t\t\t\t\t\t\t\t\t\t\t\t<\/div>\n\t\t\t\t<\/div>\n\t\t\t\t\t<\/div>\n\t\t<\/div>\n\t\t\t\t\t\t\t<\/div>\n\t\t<\/section>\n\t\t\t\t<section class=\"elementor-section elementor-top-section elementor-element elementor-element-ef20124 elementor-section-full_width elementor-section-content-middle elementor-section-height-default elementor-section-height-default\" data-id=\"ef20124\" data-element_type=\"section\">\n\t\t\t\t\t\t<div class=\"elementor-container elementor-column-gap-extended\">\n\t\t\t\t\t<div class=\"elementor-column elementor-col-100 elementor-top-column elementor-element elementor-element-e19094e\" data-id=\"e19094e\" data-element_type=\"column\">\n\t\t\t<div class=\"elementor-widget-wrap elementor-element-populated\">\n\t\t\t\t\t\t\t\t<div class=\"elementor-element elementor-element-b3ec14c elementor-widget elementor-widget-image\" data-id=\"b3ec14c\" data-element_type=\"widget\" data-widget_type=\"image.default\">\n\t\t\t\t<div class=\"elementor-widget-container\">\n\t\t\t\t\t\t\t\t\t\t\t\t\t\t\t\t<a href=\"https:\/\/esfinge.mx\/recursos\/Folleto_NEM\/DipticoNEM.pdf\">\n\t\t\t\t\t\t\t<img loading=\"lazy\" decoding=\"async\" width=\"3129\" height=\"1251\" src=\"https:\/\/esfinge.mx\/inicio\/wp-content\/uploads\/2023\/04\/image002.png\" class=\"attachment-full size-full wp-image-1716\" alt=\"\" srcset=\"https:\/\/esfinge.mx\/inicio\/wp-content\/uploads\/2023\/04\/image002.png 3129w, https:\/\/esfinge.mx\/inicio\/wp-content\/uploads\/2023\/04\/image002-300x120.png 300w, https:\/\/esfinge.mx\/inicio\/wp-content\/uploads\/2023\/04\/image002-1024x409.png 1024w, https:\/\/esfinge.mx\/inicio\/wp-content\/uploads\/2023\/04\/image002-768x307.png 768w, https:\/\/esfinge.mx\/inicio\/wp-content\/uploads\/2023\/04\/image002-1536x614.png 1536w, https:\/\/esfinge.mx\/inicio\/wp-content\/uploads\/2023\/04\/image002-2048x819.png 2048w, https:\/\/esfinge.mx\/inicio\/wp-content\/uploads\/2023\/04\/image002-600x240.png 600w, https:\/\/esfinge.mx\/inicio\/wp-content\/uploads\/2023\/04\/image002-190x76.png 190w, https:\/\/esfinge.mx\/inicio\/wp-content\/uploads\/2023\/04\/image002-225x90.png 225w\" sizes=\"auto, (max-width: 3129px) 100vw, 3129px\" \/>\t\t\t\t\t\t\t\t<\/a>\n\t\t\t\t\t\t\t\t\t\t\t\t\t\t\t<\/div>\n\t\t\t\t<\/div>\n\t\t\t\t\t<\/div>\n\t\t<\/div>\n\t\t\t\t\t\t\t<\/div>\n\t\t<\/section>\n\t\t\t\t<section class=\"elementor-section elementor-top-section elementor-element elementor-element-cc8974e elementor-section-boxed elementor-section-height-default elementor-section-height-default\" data-id=\"cc8974e\" data-element_type=\"section\">\n\t\t\t\t\t\t<div class=\"elementor-container elementor-column-gap-default\">\n\t\t\t\t\t<div class=\"elementor-column elementor-col-100 elementor-top-column elementor-element elementor-element-1d9c608\" data-id=\"1d9c608\" data-element_type=\"column\">\n\t\t\t<div class=\"elementor-widget-wrap elementor-element-populated\">\n\t\t\t\t\t\t\t\t<div class=\"elementor-element elementor-element-738a95e elementor-widget elementor-widget-image\" data-id=\"738a95e\" data-element_type=\"widget\" data-widget_type=\"image.default\">\n\t\t\t\t<div class=\"elementor-widget-container\">\n\t\t\t\t\t\t\t\t\t\t\t\t\t\t\t<img loading=\"lazy\" decoding=\"async\" width=\"1495\" height=\"517\" src=\"https:\/\/esfinge.mx\/inicio\/wp-content\/uploads\/2021\/10\/Profesor_Esfinge_y_Biblioteca_Virtual.jpeg\" class=\"attachment-full size-full wp-image-939\" alt=\"\" srcset=\"https:\/\/esfinge.mx\/inicio\/wp-content\/uploads\/2021\/10\/Profesor_Esfinge_y_Biblioteca_Virtual.jpeg 1495w, https:\/\/esfinge.mx\/inicio\/wp-content\/uploads\/2021\/10\/Profesor_Esfinge_y_Biblioteca_Virtual-300x104.jpeg 300w, https:\/\/esfinge.mx\/inicio\/wp-content\/uploads\/2021\/10\/Profesor_Esfinge_y_Biblioteca_Virtual-1024x354.jpeg 1024w, https:\/\/esfinge.mx\/inicio\/wp-content\/uploads\/2021\/10\/Profesor_Esfinge_y_Biblioteca_Virtual-768x266.jpeg 768w, https:\/\/esfinge.mx\/inicio\/wp-content\/uploads\/2021\/10\/Profesor_Esfinge_y_Biblioteca_Virtual-600x207.jpeg 600w, https:\/\/esfinge.mx\/inicio\/wp-content\/uploads\/2021\/10\/Profesor_Esfinge_y_Biblioteca_Virtual-190x66.jpeg 190w, https:\/\/esfinge.mx\/inicio\/wp-content\/uploads\/2021\/10\/Profesor_Esfinge_y_Biblioteca_Virtual-260x90.jpeg 260w\" sizes=\"auto, (max-width: 1495px) 100vw, 1495px\" \/>\t\t\t\t\t\t\t\t\t\t\t\t\t\t\t<\/div>\n\t\t\t\t<\/div>\n\t\t\t\t\t<\/div>\n\t\t<\/div>\n\t\t\t\t\t\t\t<\/div>\n\t\t<\/section>\n\t\t\t\t<section class=\"elementor-section elementor-top-section elementor-element elementor-element-5ed6bc4 elementor-section-full_width elementor-section-height-default elementor-section-height-default\" data-id=\"5ed6bc4\" data-element_type=\"section\">\n\t\t\t\t\t\t<div class=\"elementor-container elementor-column-gap-extended\">\n\t\t\t\t\t<div class=\"elementor-column elementor-col-33 elementor-top-column elementor-element elementor-element-b7989e0\" data-id=\"b7989e0\" data-element_type=\"column\">\n\t\t\t<div class=\"elementor-widget-wrap elementor-element-populated\">\n\t\t\t\t\t\t\t\t<div class=\"elementor-element elementor-element-022d314 elementor-view-default elementor-widget elementor-widget-icon\" data-id=\"022d314\" data-element_type=\"widget\" data-widget_type=\"icon.default\">\n\t\t\t\t<div class=\"elementor-widget-container\">\n\t\t\t\t\t<div class=\"elementor-icon-wrapper\">\n\t\t\t<div class=\"elementor-icon\">\n\t\t\t<i aria-hidden=\"true\" class=\"fas fa-phone-square-alt\"><\/i>\t\t\t<\/div>\n\t\t<\/div>\n\t\t\t\t<\/div>\n\t\t\t\t<\/div>\n\t\t\t\t<div class=\"elementor-element elementor-element-2b49d9d elementor-widget elementor-widget-heading\" data-id=\"2b49d9d\" data-element_type=\"widget\" data-widget_type=\"heading.default\">\n\t\t\t\t<div class=\"elementor-widget-container\">\n\t\t\t<style>\/*! elementor - v3.13.3 - 28-05-2023 *\/\n.elementor-heading-title{padding:0;margin:0;line-height:1}.elementor-widget-heading .elementor-heading-title[class*=elementor-size-]>a{color:inherit;font-size:inherit;line-height:inherit}.elementor-widget-heading .elementor-heading-title.elementor-size-small{font-size:15px}.elementor-widget-heading .elementor-heading-title.elementor-size-medium{font-size:19px}.elementor-widget-heading .elementor-heading-title.elementor-size-large{font-size:29px}.elementor-widget-heading .elementor-heading-title.elementor-size-xl{font-size:39px}.elementor-widget-heading .elementor-heading-title.elementor-size-xxl{font-size:59px}<\/style><h2 class=\"elementor-heading-title elementor-size-default\">Tel\u00e9fono<br><br>55 5359 1111<\/h2>\t\t<\/div>\n\t\t\t\t<\/div>\n\t\t\t\t\t<\/div>\n\t\t<\/div>\n\t\t\t\t<div class=\"elementor-column elementor-col-33 elementor-top-column elementor-element elementor-element-9fbbb4f\" data-id=\"9fbbb4f\" data-element_type=\"column\">\n\t\t\t<div class=\"elementor-widget-wrap elementor-element-populated\">\n\t\t\t\t\t\t\t\t<div class=\"elementor-element elementor-element-c95cea6 elementor-view-default elementor-widget elementor-widget-icon\" data-id=\"c95cea6\" data-element_type=\"widget\" data-widget_type=\"icon.default\">\n\t\t\t\t<div class=\"elementor-widget-container\">\n\t\t\t\t\t<div class=\"elementor-icon-wrapper\">\n\t\t\t<div class=\"elementor-icon\">\n\t\t\t<i aria-hidden=\"true\" class=\"fas fa-map-marked-alt\"><\/i>\t\t\t<\/div>\n\t\t<\/div>\n\t\t\t\t<\/div>\n\t\t\t\t<\/div>\n\t\t\t\t<div class=\"elementor-element elementor-element-2228d0b elementor-widget__width-initial elementor-widget elementor-widget-heading\" data-id=\"2228d0b\" data-element_type=\"widget\" data-widget_type=\"heading.default\">\n\t\t\t\t<div class=\"elementor-widget-container\">\n\t\t\t<h2 class=\"elementor-heading-title elementor-size-default\">Direcci\u00f3n <br><br>Calle \u00c1tomo 24 Col. Parque Industrial Naucalpan, Naucalpan de Ju\u00e1rez, Estado de M\u00e9xico C.P. 53489<\/h2>\t\t<\/div>\n\t\t\t\t<\/div>\n\t\t\t\t\t<\/div>\n\t\t<\/div>\n\t\t\t\t<div class=\"elementor-column elementor-col-33 elementor-top-column elementor-element elementor-element-d3e5b5a\" data-id=\"d3e5b5a\" data-element_type=\"column\">\n\t\t\t<div class=\"elementor-widget-wrap elementor-element-populated\">\n\t\t\t\t\t\t\t\t<div class=\"elementor-element elementor-element-2104d0b elementor-view-default elementor-widget elementor-widget-icon\" data-id=\"2104d0b\" data-element_type=\"widget\" data-widget_type=\"icon.default\">\n\t\t\t\t<div class=\"elementor-widget-container\">\n\t\t\t\t\t<div class=\"elementor-icon-wrapper\">\n\t\t\t<div class=\"elementor-icon\">\n\t\t\t<i aria-hidden=\"true\" class=\"fas fa-mail-bulk\"><\/i>\t\t\t<\/div>\n\t\t<\/div>\n\t\t\t\t<\/div>\n\t\t\t\t<\/div>\n\t\t\t\t<div class=\"elementor-element elementor-element-178dd64 elementor-widget__width-initial elementor-widget elementor-widget-heading\" data-id=\"178dd64\" data-element_type=\"widget\" data-widget_type=\"heading.default\">\n\t\t\t\t<div class=\"elementor-widget-container\">\n\t\t\t<h2 class=\"elementor-heading-title elementor-size-default\">Email<br><br>servicioalcliente@esfinge.com.mx<\/h2>\t\t<\/div>\n\t\t\t\t<\/div>\n\t\t\t\t\t<\/div>\n\t\t<\/div>\n\t\t\t\t\t\t\t<\/div>\n\t\t<\/section>\n\t\t\t\t\t\t\t<\/div>\n\t\t","protected":false},"excerpt":{"rendered":"<p>Tel\u00e9fono 55 5359 1111 Direcci\u00f3n Calle \u00c1tomo 24 Col. Parque Industrial Naucalpan, Naucalpan de Ju\u00e1rez, Estado de M\u00e9xico C.P. 53489 Email servicioalcliente@esfinge.com.mx<\/p>\n","protected":false},"author":1,"featured_media":0,"parent":0,"menu_order":0,"comment_status":"closed","ping_status":"open","template":"","meta":{"footnotes":""},"class_list":["post-2","page","type-page","status-publish","hentry"],"_links":{"self":[{"href":"https:\/\/esfinge.mx\/inicio\/wp-json\/wp\/v2\/pages\/2","targetHints":{"allow":["GET"]}}],"collection":[{"href":"https:\/\/esfinge.mx\/inicio\/wp-json\/wp\/v2\/pages"}],"about":[{"href":"https:\/\/esfinge.mx\/inicio\/wp-json\/wp\/v2\/types\/page"}],"author":[{"embeddable":true,"href":"https:\/\/esfinge.mx\/inicio\/wp-json\/wp\/v2\/users\/1"}],"replies":[{"embeddable":true,"href":"https:\/\/esfinge.mx\/inicio\/wp-json\/wp\/v2\/comments?post=2"}],"version-history":[{"count":221,"href":"https:\/\/esfinge.mx\/inicio\/wp-json\/wp\/v2\/pages\/2\/revisions"}],"predecessor-version":[{"id":2745,"href":"https:\/\/esfinge.mx\/inicio\/wp-json\/wp\/v2\/pages\/2\/revisions\/2745"}],"wp:attachment":[{"href":"https:\/\/esfinge.mx\/inicio\/wp-json\/wp\/v2\/media?parent=2"}],"curies":[{"name":"wp","href":"https:\/\/api.w.org\/{rel}","templated":true}]}}