{"id":3,"date":"2021-09-21T18:54:41","date_gmt":"2021-09-21T18:54:41","guid":{"rendered":"https:\/\/esfinge.mx\/inicio\/?page_id=3"},"modified":"2021-09-27T19:16:39","modified_gmt":"2021-09-27T19:16:39","slug":"politica-privacidad","status":"publish","type":"page","link":"https:\/\/esfinge.mx\/inicio\/politica-privacidad\/","title":{"rendered":"Pol\u00edtica de privacidad"},"content":{"rendered":"\n<p><strong>Editorial Esfinge S. de R. L. de C.V.,<\/strong>&nbsp;con domicilio el ubicado en Calle \u00c1tomo 24, Colonia Parque Industrial Naucalpan, C.P. 53489, en Naucalpan de Ju\u00e1rez, Estado de M\u00e9xico, Tel\u00e9fono 5359-1111; con fundamento en los art\u00edculos 8, 13, 15, 16, 17, 36 y dem\u00e1s aplicables de la&nbsp;<strong>Ley Federal de Protecci\u00f3n de Datos Personales en Posesi\u00f3n de los Particulares<\/strong>; art\u00edculos 89, 90, 91 y dem\u00e1s aplicables del Reglamento de la Ley Federal de Protecci\u00f3n de Datos Personales en Posesi\u00f3n de los Particulares, hacemos de su conocimiento que&nbsp;<strong>Editorial Esfinge S. de R. L. de C.V.,<\/strong>&nbsp;es la responsable de recabar sus datos personales, del uso que se les d\u00e9 a los mismos y de su protecci\u00f3n, al respecto le informamos lo siguiente:<\/p>\n\n\n\n<p><strong>DATOS PERSONALES QUE RECABAMOS Y FINALIDADES DE SU USO.<\/strong><\/p>\n\n\n\n<p><strong>Editorial Esfinge S. de R. L. de C.V.<\/strong>, recaba datos personales de autores, de distribuidores, de clientes, empleados, proveedores y\/o prospectos de publicaciones, los cuales pueden incluir nombre, edad, domicilio, tel\u00e9fono, correo electr\u00f3nico, informaci\u00f3n financiera, estado civil, ocupaci\u00f3n, experiencias diversas y cualquier otra informaci\u00f3n que se considere necesaria para determinar el perfil dependiendo de la necesidad de cada caso. Dichos datos son utilizados \u00fanica y exclusivamente para fines de prestaci\u00f3n de nuestros servicios y en cumplimiento de nuestro objeto social, siendo esta empresa responsable de su tratamiento y comprometi\u00e9ndose a respetar la privacidad de los mismos, tratar\u00e1 los datos personales del titular de manera confidencial con la finalidad de llevar a cabo las actividades y gestiones enfocadas al cumplimiento de las obligaciones originadas y derivadas de la relaci\u00f3n jur\u00eddica o comercial que establezca con el titular, incluyendo los fines mercadot\u00e9cnicos, publicitarios o de prospecci\u00f3n comercial; o bien, con motivo de la pasada, presente o futura relaci\u00f3n y\/o relaciones laborales. Lo anterior significa que sus datos no ser\u00e1n transferidos ni tratados por persona distinta a&nbsp;<strong>Editorial Esfinge S. de R.L. de C.V.<\/strong><\/p>\n\n\n\n<p><strong>DERECHOS ARCO.<\/strong><\/p>\n\n\n\n<p>Usted tiene derecho a conocer qu\u00e9 datos personales tenemos de usted, para qu\u00e9 los utilizamos y las condiciones del uso que les damos (Acceso). Asimismo, es su derecho solicitar la correcci\u00f3n de su informaci\u00f3n personal en caso de que est\u00e9 desactualizada, sea inexacta o incompleta (Rectificaci\u00f3n); que la eliminemos de nuestros registros o bases de datos cuando considere que la misma no est\u00e1 siendo utilizada conforme a los principios, deberes y obligaciones previstas en La Ley (Cancelaci\u00f3n); as\u00ed como oponerse al uso de sus datos personales para fines espec\u00edficos (Oposici\u00f3n).<\/p>\n\n\n\n<p><strong>MECANISMOS Y PROCEDIMIENTO PARA REVOCAR SU CONSENTIMIENTO.<\/strong><\/p>\n\n\n\n<p>Para el ejercicio de cualquiera de los derechos ARCO, usted deber\u00e1 presentar la solicitud respectiva en el correo electr\u00f3nico&nbsp;<a href=\"mailto:contacto@esfinge.com.mx\">contacto@esfinge.com.mx<\/a>., incluyendo: nombre completo, tel\u00e9fono, domicilio, o correo electr\u00f3nico para recibir notificaciones y copia simple de su identificaci\u00f3n oficial, describiendo los datos personales a los que se refiere, debiendo la solicitud contener en su totalidad una clara y precisa descripci\u00f3n de hechos con los que considera se afectan sus datos personales.<\/p>\n\n\n\n<p>En los t\u00e9rminos de la normativa aplicable, usted puede revocar el consentimiento que en su caso nos haya otorgado. Sin embargo, es importante que tenga en cuenta que no en todos los casos ser\u00e1 procedente su solicitud o podremos concluir el uso de forma inmediata, ya que es posible que por alguna obligaci\u00f3n legal requiramos seguir tratando sus datos personales. La negativa para el uso de sus datos personales para estas finalidades no podr\u00e1 ser un motivo para que le neguemos los servicios y productos que solicita o contrata con nosotros.<\/p>\n\n\n\n<p><strong>Cabe mencionar que,<\/strong><strong>&nbsp;Editorial Esfinge S. de R. L. de C.V.<\/strong>&nbsp;entender\u00e1 que el titular ha manifestado su consentimiento, si este, no manifiesta la revocaci\u00f3n de su consentimiento a trav\u00e9s del mecanismo se\u00f1alado para tales efectos.<\/p>\n\n\n\n<p><strong>MODIFICACIONES AL AVISO DE PRIVACIDAD.<\/strong><\/p>\n\n\n\n<p>Nos reservamos el derecho de efectuar en cualquier momento modificaciones o actualizaciones al presente aviso de privacidad atendiendo a novedades legislativas, pol\u00edticas internas o nuevos requerimientos para la prestaci\u00f3n u ofrecimiento de nuestros servicios o productos. El presente Aviso aplica para todos los servicios de&nbsp;<strong>Editorial Esfinge S. de R. L. de C.V.<\/strong><\/p>\n","protected":false},"excerpt":{"rendered":"<p>Editorial Esfinge S. de R. L. de C.V.,&nbsp;con domicilio el ubicado en Calle \u00c1tomo 24, Colonia Parque Industrial Naucalpan, C.P. 53489, en Naucalpan de Ju\u00e1rez, Estado de M\u00e9xico, Tel\u00e9fono 5359-1111; con fundamento en los art\u00edculos 8, 13, 15, 16, 17, 36 y dem\u00e1s aplicables de la&nbsp;Ley Federal de Protecci\u00f3n de Datos Personales en Posesi\u00f3n de [&hellip;]<\/p>\n","protected":false},"author":1,"featured_media":0,"parent":0,"menu_order":0,"comment_status":"closed","ping_status":"open","template":"","meta":{"footnotes":""},"class_list":["post-3","page","type-page","status-publish","hentry"],"_links":{"self":[{"href":"https:\/\/esfinge.mx\/inicio\/wp-json\/wp\/v2\/pages\/3","targetHints":{"allow":["GET"]}}],"collection":[{"href":"https:\/\/esfinge.mx\/inicio\/wp-json\/wp\/v2\/pages"}],"about":[{"href":"https:\/\/esfinge.mx\/inicio\/wp-json\/wp\/v2\/types\/page"}],"author":[{"embeddable":true,"href":"https:\/\/esfinge.mx\/inicio\/wp-json\/wp\/v2\/users\/1"}],"replies":[{"embeddable":true,"href":"https:\/\/esfinge.mx\/inicio\/wp-json\/wp\/v2\/comments?post=3"}],"version-history":[{"count":1,"href":"https:\/\/esfinge.mx\/inicio\/wp-json\/wp\/v2\/pages\/3\/revisions"}],"predecessor-version":[{"id":418,"href":"https:\/\/esfinge.mx\/inicio\/wp-json\/wp\/v2\/pages\/3\/revisions\/418"}],"wp:attachment":[{"href":"https:\/\/esfinge.mx\/inicio\/wp-json\/wp\/v2\/media?parent=3"}],"curies":[{"name":"wp","href":"https:\/\/api.w.org\/{rel}","templated":true}]}}