{"id":950,"date":"2021-10-15T16:42:52","date_gmt":"2021-10-15T16:42:52","guid":{"rendered":"https:\/\/esfinge.mx\/inicio\/?page_id=950"},"modified":"2022-01-11T22:00:09","modified_gmt":"2022-01-11T22:00:09","slug":"quienes-somos","status":"publish","type":"page","link":"https:\/\/esfinge.mx\/inicio\/quienes-somos\/","title":{"rendered":"Qui\u00e9nes somos"},"content":{"rendered":"\n<div class=\"wp-block-columns is-layout-flex wp-container-core-columns-is-layout-9d6595d7 wp-block-columns-is-layout-flex\">\n<div class=\"wp-block-column is-layout-flow wp-block-column-is-layout-flow\">\n<figure class=\"wp-block-image size-full\"><img loading=\"lazy\" decoding=\"async\" width=\"164\" height=\"163\" src=\"https:\/\/esfinge.mx\/inicio\/wp-content\/uploads\/2021\/10\/MISION.jpeg\" alt=\"\" class=\"wp-image-951\" srcset=\"https:\/\/esfinge.mx\/inicio\/wp-content\/uploads\/2021\/10\/MISION.jpeg 164w, https:\/\/esfinge.mx\/inicio\/wp-content\/uploads\/2021\/10\/MISION-150x150.jpeg 150w, https:\/\/esfinge.mx\/inicio\/wp-content\/uploads\/2021\/10\/MISION-100x100.jpeg 100w, https:\/\/esfinge.mx\/inicio\/wp-content\/uploads\/2021\/10\/MISION-91x90.jpeg 91w\" sizes=\"auto, (max-width: 164px) 100vw, 164px\" \/><figcaption>Editorial Esfinge ser\u00e1 una empresa l\u00edder en la generaci\u00f3n de materiales pedag\u00f3gicos en apoyo de la educaci\u00f3n.<\/figcaption><\/figure>\n<\/div>\n\n\n\n<div class=\"wp-block-column is-layout-flow wp-block-column-is-layout-flow\">\n<figure class=\"wp-block-image size-full\"><img loading=\"lazy\" decoding=\"async\" width=\"164\" height=\"164\" src=\"https:\/\/esfinge.mx\/inicio\/wp-content\/uploads\/2021\/10\/VISION.jpeg\" alt=\"\" class=\"wp-image-952\" srcset=\"https:\/\/esfinge.mx\/inicio\/wp-content\/uploads\/2021\/10\/VISION.jpeg 164w, https:\/\/esfinge.mx\/inicio\/wp-content\/uploads\/2021\/10\/VISION-150x150.jpeg 150w, https:\/\/esfinge.mx\/inicio\/wp-content\/uploads\/2021\/10\/VISION-100x100.jpeg 100w, https:\/\/esfinge.mx\/inicio\/wp-content\/uploads\/2021\/10\/VISION-90x90.jpeg 90w\" sizes=\"auto, (max-width: 164px) 100vw, 164px\" \/><figcaption>Editorial Esfinge tiene como misi\u00f3n apoyar a maestros y alumnos con herramientas pedag\u00f3gicas de calidad, creadas bajo un c\u00f3digo \u00e9tico para alcanzar el desarrollo pleno de la educaci\u00f3n en M\u00e9xico.<\/figcaption><\/figure>\n<\/div>\n\n\n\n<div class=\"wp-block-column is-layout-flow wp-block-column-is-layout-flow\">\n<figure class=\"wp-block-image size-full\"><img loading=\"lazy\" decoding=\"async\" width=\"164\" height=\"164\" src=\"https:\/\/esfinge.mx\/inicio\/wp-content\/uploads\/2021\/10\/HISTORIA.jpeg\" alt=\"\" class=\"wp-image-953\" srcset=\"https:\/\/esfinge.mx\/inicio\/wp-content\/uploads\/2021\/10\/HISTORIA.jpeg 164w, https:\/\/esfinge.mx\/inicio\/wp-content\/uploads\/2021\/10\/HISTORIA-150x150.jpeg 150w, https:\/\/esfinge.mx\/inicio\/wp-content\/uploads\/2021\/10\/HISTORIA-100x100.jpeg 100w, https:\/\/esfinge.mx\/inicio\/wp-content\/uploads\/2021\/10\/HISTORIA-90x90.jpeg 90w\" sizes=\"auto, (max-width: 164px) 100vw, 164px\" \/><figcaption>Editorial Esfinge contin\u00faa fiel al compromiso de apoyar a la educaci\u00f3n mexicana. Este compromiso se ha manifestado en la gran calidad editorial, de la que dan fe los t\u00edtulos cl\u00e1sicos que siguen siendo indispensables para la educaci\u00f3n mexicana pero tambi\u00e9n la propuesta de las nuevas generaciones de autores mexicanos que orgullosamente forman parte del cat\u00e1logo actual de Editorial Esfinge.<\/figcaption><\/figure>\n<\/div>\n<\/div>\n","protected":false},"excerpt":{"rendered":"","protected":false},"author":1,"featured_media":0,"parent":0,"menu_order":0,"comment_status":"closed","ping_status":"closed","template":"","meta":{"footnotes":""},"class_list":["post-950","page","type-page","status-publish","hentry"],"_links":{"self":[{"href":"https:\/\/esfinge.mx\/inicio\/wp-json\/wp\/v2\/pages\/950","targetHints":{"allow":["GET"]}}],"collection":[{"href":"https:\/\/esfinge.mx\/inicio\/wp-json\/wp\/v2\/pages"}],"about":[{"href":"https:\/\/esfinge.mx\/inicio\/wp-json\/wp\/v2\/types\/page"}],"author":[{"embeddable":true,"href":"https:\/\/esfinge.mx\/inicio\/wp-json\/wp\/v2\/users\/1"}],"replies":[{"embeddable":true,"href":"https:\/\/esfinge.mx\/inicio\/wp-json\/wp\/v2\/comments?post=950"}],"version-history":[{"count":3,"href":"https:\/\/esfinge.mx\/inicio\/wp-json\/wp\/v2\/pages\/950\/revisions"}],"predecessor-version":[{"id":1136,"href":"https:\/\/esfinge.mx\/inicio\/wp-json\/wp\/v2\/pages\/950\/revisions\/1136"}],"wp:attachment":[{"href":"https:\/\/esfinge.mx\/inicio\/wp-json\/wp\/v2\/media?parent=950"}],"curies":[{"name":"wp","href":"https:\/\/api.w.org\/{rel}","templated":true}]}}