{"id":1004,"date":"2021-10-19T08:58:22","date_gmt":"2021-10-19T08:58:22","guid":{"rendered":"https:\/\/esfinge.mx\/inicio\/?post_type=product&#038;p=1004"},"modified":"2026-03-29T02:00:09","modified_gmt":"2026-03-29T08:00:09","slug":"cuentos-y-leyendas-de-amor-para-ninos","status":"publish","type":"product","link":"https:\/\/esfinge.mx\/inicio\/producto\/cuentos-y-leyendas-de-amor-para-ninos\/","title":{"rendered":"Cuentos y leyendas de amor para ni\u00f1os"},"content":{"rendered":"<div class=\"caracteristicas\"><b class=\"subtitulo\">Resumen<\/b><\/div>\n<div class=\"caracteristicas\">Once cuentos que recrean leyendas y relatos tradicionales en los que el tema principal es el amor. En ellos los protagonistas, para permanecer juntos, se convierten en flores bell\u00edsimas, en estatuas de piedra o en aves multicolores. La fuerza del amor lucha para alcanzar la felicidad y vence las desigualdades e imposiciones sociales, consum\u00e1ndose a trav\u00e9s de la transformaci\u00f3n de los amantes.<\/div>\n","protected":false},"excerpt":{"rendered":"<p>Varios autores e ilustradores<\/p>\n","protected":false},"featured_media":1005,"comment_status":"open","ping_status":"closed","template":"","meta":[],"product_brand":[],"product_cat":[35],"product_tag":[],"class_list":{"0":"post-1004","1":"product","2":"type-product","3":"status-publish","4":"has-post-thumbnail","6":"product_cat-literatura","8":"first","9":"instock","10":"taxable","11":"shipping-taxable","12":"purchasable","13":"product-type-simple"},"_links":{"self":[{"href":"https:\/\/esfinge.mx\/inicio\/wp-json\/wp\/v2\/product\/1004","targetHints":{"allow":["GET"]}}],"collection":[{"href":"https:\/\/esfinge.mx\/inicio\/wp-json\/wp\/v2\/product"}],"about":[{"href":"https:\/\/esfinge.mx\/inicio\/wp-json\/wp\/v2\/types\/product"}],"replies":[{"embeddable":true,"href":"https:\/\/esfinge.mx\/inicio\/wp-json\/wp\/v2\/comments?post=1004"}],"wp:featuredmedia":[{"embeddable":true,"href":"https:\/\/esfinge.mx\/inicio\/wp-json\/wp\/v2\/media\/1005"}],"wp:attachment":[{"href":"https:\/\/esfinge.mx\/inicio\/wp-json\/wp\/v2\/media?parent=1004"}],"wp:term":[{"taxonomy":"product_brand","embeddable":true,"href":"https:\/\/esfinge.mx\/inicio\/wp-json\/wp\/v2\/product_brand?post=1004"},{"taxonomy":"product_cat","embeddable":true,"href":"https:\/\/esfinge.mx\/inicio\/wp-json\/wp\/v2\/product_cat?post=1004"},{"taxonomy":"product_tag","embeddable":true,"href":"https:\/\/esfinge.mx\/inicio\/wp-json\/wp\/v2\/product_tag?post=1004"}],"curies":[{"name":"wp","href":"https:\/\/api.w.org\/{rel}","templated":true}]}}