{"id":1009,"date":"2021-10-19T09:02:04","date_gmt":"2021-10-19T09:02:04","guid":{"rendered":"https:\/\/esfinge.mx\/inicio\/?post_type=product&#038;p=1009"},"modified":"2026-03-29T02:00:09","modified_gmt":"2026-03-29T08:00:09","slug":"24-poetas-latinoamericanos","status":"publish","type":"product","link":"https:\/\/esfinge.mx\/inicio\/producto\/24-poetas-latinoamericanos\/","title":{"rendered":"24 Poetas latinoamericanos"},"content":{"rendered":"<div class=\"caracteristicas\"><b class=\"subtitulo\">Resumen<\/b><\/div>\n<div class=\"caracteristicas\">Esta antolog\u00eda re\u00fane algunas de las obras m\u00e1s significativas de 24 poetas latinoamericanos que contribuyeron a enriquecer el universo literario de nuestra lengua. Recorriendo obras de distintas \u00e9pocas, regiones y estilos, esta selecci\u00f3n presenta un panorama de la producci\u00f3n po\u00e9tica durante el siglo XX: inicia con el vanguardismo, en los a\u00f1os veinte, incluye ejemplos de los grandes poemas de mitad del siglo y concluye con autores que contin\u00faan escribiendo.<\/div>\n","protected":false},"excerpt":{"rendered":"<p>Francisco Serrano<\/p>\n","protected":false},"featured_media":1010,"comment_status":"open","ping_status":"closed","template":"","meta":[],"product_brand":[],"product_cat":[35],"product_tag":[],"class_list":{"0":"post-1009","1":"product","2":"type-product","3":"status-publish","4":"has-post-thumbnail","6":"product_cat-literatura","8":"first","9":"instock","10":"taxable","11":"shipping-taxable","12":"purchasable","13":"product-type-simple"},"_links":{"self":[{"href":"https:\/\/esfinge.mx\/inicio\/wp-json\/wp\/v2\/product\/1009","targetHints":{"allow":["GET"]}}],"collection":[{"href":"https:\/\/esfinge.mx\/inicio\/wp-json\/wp\/v2\/product"}],"about":[{"href":"https:\/\/esfinge.mx\/inicio\/wp-json\/wp\/v2\/types\/product"}],"replies":[{"embeddable":true,"href":"https:\/\/esfinge.mx\/inicio\/wp-json\/wp\/v2\/comments?post=1009"}],"wp:featuredmedia":[{"embeddable":true,"href":"https:\/\/esfinge.mx\/inicio\/wp-json\/wp\/v2\/media\/1010"}],"wp:attachment":[{"href":"https:\/\/esfinge.mx\/inicio\/wp-json\/wp\/v2\/media?parent=1009"}],"wp:term":[{"taxonomy":"product_brand","embeddable":true,"href":"https:\/\/esfinge.mx\/inicio\/wp-json\/wp\/v2\/product_brand?post=1009"},{"taxonomy":"product_cat","embeddable":true,"href":"https:\/\/esfinge.mx\/inicio\/wp-json\/wp\/v2\/product_cat?post=1009"},{"taxonomy":"product_tag","embeddable":true,"href":"https:\/\/esfinge.mx\/inicio\/wp-json\/wp\/v2\/product_tag?post=1009"}],"curies":[{"name":"wp","href":"https:\/\/api.w.org\/{rel}","templated":true}]}}