{"id":1017,"date":"2021-10-19T09:08:48","date_gmt":"2021-10-19T09:08:48","guid":{"rendered":"https:\/\/esfinge.mx\/inicio\/?post_type=product&#038;p=1017"},"modified":"2026-03-29T02:00:31","modified_gmt":"2026-03-29T08:00:31","slug":"una-aventura-inesperada","status":"publish","type":"product","link":"https:\/\/esfinge.mx\/inicio\/producto\/una-aventura-inesperada\/","title":{"rendered":"Una aventura inesperada"},"content":{"rendered":"<div class=\"caracteristicas\"><b class=\"subtitulo\">Resumen<\/b><\/div>\n<div class=\"caracteristicas\">Una tarde, Luis se queda en casa castigado. La televisi\u00f3n no sirve y busca formas de no aburrirse. Comienza a hojear los libros que su padre guarda. Poco a poco descubre la gran variedad que tiene su biblioteca. Encuentra un libro que comienza a leer y que lo invita a vivir aventuras en alta mar acompa\u00f1ado de piratas y corsarios. A partir de esa tarde, Luis se vuelve un \u00e1vido lector que, adem\u00e1s, comparte sus descubrimientos con sus hermanos.<\/div>\n","protected":false},"excerpt":{"rendered":"<p>Isabel Fraire<\/p>\n","protected":false},"featured_media":1018,"comment_status":"open","ping_status":"closed","template":"","meta":[],"product_brand":[],"product_cat":[35],"product_tag":[],"class_list":{"0":"post-1017","1":"product","2":"type-product","3":"status-publish","4":"has-post-thumbnail","6":"product_cat-literatura","8":"first","9":"instock","10":"taxable","11":"shipping-taxable","12":"purchasable","13":"product-type-simple"},"_links":{"self":[{"href":"https:\/\/esfinge.mx\/inicio\/wp-json\/wp\/v2\/product\/1017","targetHints":{"allow":["GET"]}}],"collection":[{"href":"https:\/\/esfinge.mx\/inicio\/wp-json\/wp\/v2\/product"}],"about":[{"href":"https:\/\/esfinge.mx\/inicio\/wp-json\/wp\/v2\/types\/product"}],"replies":[{"embeddable":true,"href":"https:\/\/esfinge.mx\/inicio\/wp-json\/wp\/v2\/comments?post=1017"}],"wp:featuredmedia":[{"embeddable":true,"href":"https:\/\/esfinge.mx\/inicio\/wp-json\/wp\/v2\/media\/1018"}],"wp:attachment":[{"href":"https:\/\/esfinge.mx\/inicio\/wp-json\/wp\/v2\/media?parent=1017"}],"wp:term":[{"taxonomy":"product_brand","embeddable":true,"href":"https:\/\/esfinge.mx\/inicio\/wp-json\/wp\/v2\/product_brand?post=1017"},{"taxonomy":"product_cat","embeddable":true,"href":"https:\/\/esfinge.mx\/inicio\/wp-json\/wp\/v2\/product_cat?post=1017"},{"taxonomy":"product_tag","embeddable":true,"href":"https:\/\/esfinge.mx\/inicio\/wp-json\/wp\/v2\/product_tag?post=1017"}],"curies":[{"name":"wp","href":"https:\/\/api.w.org\/{rel}","templated":true}]}}