{"id":1023,"date":"2021-10-19T09:12:27","date_gmt":"2021-10-19T09:12:27","guid":{"rendered":"https:\/\/esfinge.mx\/inicio\/?post_type=product&#038;p=1023"},"modified":"2026-03-29T02:00:23","modified_gmt":"2026-03-29T08:00:23","slug":"la-luciernaga","status":"publish","type":"product","link":"https:\/\/esfinge.mx\/inicio\/producto\/la-luciernaga\/","title":{"rendered":"La Luci\u00e9rnaga"},"content":{"rendered":"<div class=\"caracteristicas\"><b class=\"subtitulo\">Resumen<\/b><\/div>\n<div class=\"caracteristicas\">Una selecci\u00f3n de obras de 25 notables poetas mexicanos del siglo XX, que resultar\u00e1 atractiva y significativa para un p\u00fablico joven. Se trata de textos de iniciaci\u00f3n po\u00e9tica. Los autores incluidos son ampliamente conocidos y le\u00eddos por p\u00fablicos diversos. La poes\u00eda es para todos, hay textos que no s\u00f3lo nos remiten a la infancia, parece que han sido escritos desde una perspectiva infantil.<\/div>\n","protected":false},"excerpt":{"rendered":"<p>Francisco Serrano<\/p>\n","protected":false},"featured_media":1024,"comment_status":"open","ping_status":"closed","template":"","meta":[],"product_brand":[],"product_cat":[35],"product_tag":[],"class_list":{"0":"post-1023","1":"product","2":"type-product","3":"status-publish","4":"has-post-thumbnail","6":"product_cat-literatura","8":"first","9":"instock","10":"taxable","11":"shipping-taxable","12":"purchasable","13":"product-type-simple"},"_links":{"self":[{"href":"https:\/\/esfinge.mx\/inicio\/wp-json\/wp\/v2\/product\/1023","targetHints":{"allow":["GET"]}}],"collection":[{"href":"https:\/\/esfinge.mx\/inicio\/wp-json\/wp\/v2\/product"}],"about":[{"href":"https:\/\/esfinge.mx\/inicio\/wp-json\/wp\/v2\/types\/product"}],"replies":[{"embeddable":true,"href":"https:\/\/esfinge.mx\/inicio\/wp-json\/wp\/v2\/comments?post=1023"}],"wp:featuredmedia":[{"embeddable":true,"href":"https:\/\/esfinge.mx\/inicio\/wp-json\/wp\/v2\/media\/1024"}],"wp:attachment":[{"href":"https:\/\/esfinge.mx\/inicio\/wp-json\/wp\/v2\/media?parent=1023"}],"wp:term":[{"taxonomy":"product_brand","embeddable":true,"href":"https:\/\/esfinge.mx\/inicio\/wp-json\/wp\/v2\/product_brand?post=1023"},{"taxonomy":"product_cat","embeddable":true,"href":"https:\/\/esfinge.mx\/inicio\/wp-json\/wp\/v2\/product_cat?post=1023"},{"taxonomy":"product_tag","embeddable":true,"href":"https:\/\/esfinge.mx\/inicio\/wp-json\/wp\/v2\/product_tag?post=1023"}],"curies":[{"name":"wp","href":"https:\/\/api.w.org\/{rel}","templated":true}]}}