{"id":1030,"date":"2021-10-19T09:18:16","date_gmt":"2021-10-19T09:18:16","guid":{"rendered":"https:\/\/esfinge.mx\/inicio\/?post_type=product&#038;p=1030"},"modified":"2026-03-29T02:00:23","modified_gmt":"2026-03-29T08:00:23","slug":"la-tienda-de-los-animalhombres-del-senor-larsen","status":"publish","type":"product","link":"https:\/\/esfinge.mx\/inicio\/producto\/la-tienda-de-los-animalhombres-del-senor-larsen\/","title":{"rendered":"La tienda de los animalhombres del se\u00f1or Larsen"},"content":{"rendered":"<div class=\"caracteristicas\"><b class=\"subtitulo\">Resumen<\/b><\/div>\n<div class=\"caracteristicas\">El se\u00f1or Larsen viaj\u00f3 durante a\u00f1os para reunir los espec\u00edmenes que habitan su tienda: Animalhombres, mezcla de animal y hombre, y Animajetos, mezcla de animales y objetos. Son extraordinarios por sus formas y sus atributos, como el Calamar de las palabras (en su tinta), que con cada tent\u00e1culo crea una obra distinta. Muchas otras criaturas se pueden encontrar en este libro, algunas de las cuales nos recordar\u00e1n a personas que conocemos, algunas por su comportamiento, otras por su apariencia.<\/div>\n","protected":false},"excerpt":{"rendered":"<p>Daniel Monedero<\/p>\n","protected":false},"featured_media":1031,"comment_status":"open","ping_status":"closed","template":"","meta":[],"product_brand":[],"product_cat":[35],"product_tag":[],"class_list":{"0":"post-1030","1":"product","2":"type-product","3":"status-publish","4":"has-post-thumbnail","6":"product_cat-literatura","8":"first","9":"instock","10":"taxable","11":"shipping-taxable","12":"purchasable","13":"product-type-simple"},"_links":{"self":[{"href":"https:\/\/esfinge.mx\/inicio\/wp-json\/wp\/v2\/product\/1030","targetHints":{"allow":["GET"]}}],"collection":[{"href":"https:\/\/esfinge.mx\/inicio\/wp-json\/wp\/v2\/product"}],"about":[{"href":"https:\/\/esfinge.mx\/inicio\/wp-json\/wp\/v2\/types\/product"}],"replies":[{"embeddable":true,"href":"https:\/\/esfinge.mx\/inicio\/wp-json\/wp\/v2\/comments?post=1030"}],"wp:featuredmedia":[{"embeddable":true,"href":"https:\/\/esfinge.mx\/inicio\/wp-json\/wp\/v2\/media\/1031"}],"wp:attachment":[{"href":"https:\/\/esfinge.mx\/inicio\/wp-json\/wp\/v2\/media?parent=1030"}],"wp:term":[{"taxonomy":"product_brand","embeddable":true,"href":"https:\/\/esfinge.mx\/inicio\/wp-json\/wp\/v2\/product_brand?post=1030"},{"taxonomy":"product_cat","embeddable":true,"href":"https:\/\/esfinge.mx\/inicio\/wp-json\/wp\/v2\/product_cat?post=1030"},{"taxonomy":"product_tag","embeddable":true,"href":"https:\/\/esfinge.mx\/inicio\/wp-json\/wp\/v2\/product_tag?post=1030"}],"curies":[{"name":"wp","href":"https:\/\/api.w.org\/{rel}","templated":true}]}}