{"id":1035,"date":"2021-10-19T09:21:28","date_gmt":"2021-10-19T09:21:28","guid":{"rendered":"https:\/\/esfinge.mx\/inicio\/?post_type=product&#038;p=1035"},"modified":"2026-03-29T02:00:31","modified_gmt":"2026-03-29T08:00:31","slug":"seis-leones","status":"publish","type":"product","link":"https:\/\/esfinge.mx\/inicio\/producto\/seis-leones\/","title":{"rendered":"Seis Leones"},"content":{"rendered":"<div class=\"caracteristicas\"><b class=\"subtitulo\">Resumen<\/b><\/div>\n<div class=\"caracteristicas\">Un buen d\u00eda, los leones de un circo deciden abandonarlo. Cuando el domador se da cuenta de que han desaparecido, se pregunta: \u201c\u00bfPor qu\u00e9 se han ido sin despedirse?\u201d. La forma juguetona en la que est\u00e1 escrito y la novedosa propuesta de ilustraci\u00f3n invitan a leer este libro varias veces, para detenerse no s\u00f3lo en la narraci\u00f3n, sino en las palabras \u2014algunas de las cuales ser\u00e1n nuevas para los j\u00f3venes lectores\u2014, y en todos los rincones de las p\u00e1ginas, en los que cada vez se descubrir\u00e1n nuevos detalles.<\/div>\n","protected":false},"excerpt":{"rendered":"<p>Daniel Nesquens<\/p>\n","protected":false},"featured_media":1036,"comment_status":"open","ping_status":"closed","template":"","meta":[],"product_brand":[],"product_cat":[35],"product_tag":[],"class_list":{"0":"post-1035","1":"product","2":"type-product","3":"status-publish","4":"has-post-thumbnail","6":"product_cat-literatura","8":"first","9":"instock","10":"taxable","11":"shipping-taxable","12":"purchasable","13":"product-type-simple"},"_links":{"self":[{"href":"https:\/\/esfinge.mx\/inicio\/wp-json\/wp\/v2\/product\/1035","targetHints":{"allow":["GET"]}}],"collection":[{"href":"https:\/\/esfinge.mx\/inicio\/wp-json\/wp\/v2\/product"}],"about":[{"href":"https:\/\/esfinge.mx\/inicio\/wp-json\/wp\/v2\/types\/product"}],"replies":[{"embeddable":true,"href":"https:\/\/esfinge.mx\/inicio\/wp-json\/wp\/v2\/comments?post=1035"}],"wp:featuredmedia":[{"embeddable":true,"href":"https:\/\/esfinge.mx\/inicio\/wp-json\/wp\/v2\/media\/1036"}],"wp:attachment":[{"href":"https:\/\/esfinge.mx\/inicio\/wp-json\/wp\/v2\/media?parent=1035"}],"wp:term":[{"taxonomy":"product_brand","embeddable":true,"href":"https:\/\/esfinge.mx\/inicio\/wp-json\/wp\/v2\/product_brand?post=1035"},{"taxonomy":"product_cat","embeddable":true,"href":"https:\/\/esfinge.mx\/inicio\/wp-json\/wp\/v2\/product_cat?post=1035"},{"taxonomy":"product_tag","embeddable":true,"href":"https:\/\/esfinge.mx\/inicio\/wp-json\/wp\/v2\/product_tag?post=1035"}],"curies":[{"name":"wp","href":"https:\/\/api.w.org\/{rel}","templated":true}]}}