{"id":1040,"date":"2021-10-19T09:25:04","date_gmt":"2021-10-19T09:25:04","guid":{"rendered":"https:\/\/esfinge.mx\/inicio\/?post_type=product&#038;p=1040"},"modified":"2026-03-29T02:00:16","modified_gmt":"2026-03-29T08:00:16","slug":"el-grito","status":"publish","type":"product","link":"https:\/\/esfinge.mx\/inicio\/producto\/el-grito\/","title":{"rendered":"El grito"},"content":{"rendered":"<div class=\"caracteristicas\"><b class=\"subtitulo\">Resumen<\/b><\/div>\n<div class=\"caracteristicas\">Entre rimas jocosas y lecciones cantarinas, este libro ofrecer\u00e1 a sus lectores un recorrido por la historia de M\u00e9xico, con ca\u00f1onazos y toda la cosa. En \u00e9l, la maestra D\u00edaz de Mitote, de la escuela Fiestas Patrias, nos explica por qu\u00e9 al pronunciar la palabra \u201cgrito\u201d, \u00e9sta suele llenarse de historia y al mismo tiempo de celebraci\u00f3n.<\/div>\n","protected":false},"excerpt":{"rendered":"<p>Alonso N\u00fa\u00f1ez<\/p>\n","protected":false},"featured_media":1041,"comment_status":"open","ping_status":"closed","template":"","meta":[],"product_brand":[],"product_cat":[35],"product_tag":[],"class_list":{"0":"post-1040","1":"product","2":"type-product","3":"status-publish","4":"has-post-thumbnail","6":"product_cat-literatura","8":"first","9":"instock","10":"taxable","11":"shipping-taxable","12":"purchasable","13":"product-type-simple"},"_links":{"self":[{"href":"https:\/\/esfinge.mx\/inicio\/wp-json\/wp\/v2\/product\/1040","targetHints":{"allow":["GET"]}}],"collection":[{"href":"https:\/\/esfinge.mx\/inicio\/wp-json\/wp\/v2\/product"}],"about":[{"href":"https:\/\/esfinge.mx\/inicio\/wp-json\/wp\/v2\/types\/product"}],"replies":[{"embeddable":true,"href":"https:\/\/esfinge.mx\/inicio\/wp-json\/wp\/v2\/comments?post=1040"}],"wp:featuredmedia":[{"embeddable":true,"href":"https:\/\/esfinge.mx\/inicio\/wp-json\/wp\/v2\/media\/1041"}],"wp:attachment":[{"href":"https:\/\/esfinge.mx\/inicio\/wp-json\/wp\/v2\/media?parent=1040"}],"wp:term":[{"taxonomy":"product_brand","embeddable":true,"href":"https:\/\/esfinge.mx\/inicio\/wp-json\/wp\/v2\/product_brand?post=1040"},{"taxonomy":"product_cat","embeddable":true,"href":"https:\/\/esfinge.mx\/inicio\/wp-json\/wp\/v2\/product_cat?post=1040"},{"taxonomy":"product_tag","embeddable":true,"href":"https:\/\/esfinge.mx\/inicio\/wp-json\/wp\/v2\/product_tag?post=1040"}],"curies":[{"name":"wp","href":"https:\/\/api.w.org\/{rel}","templated":true}]}}