{"id":1042,"date":"2021-10-19T09:27:47","date_gmt":"2021-10-19T09:27:47","guid":{"rendered":"https:\/\/esfinge.mx\/inicio\/?post_type=product&#038;p=1042"},"modified":"2026-03-29T02:00:09","modified_gmt":"2026-03-29T08:00:09","slug":"abc-un-invento-extraordinario","status":"publish","type":"product","link":"https:\/\/esfinge.mx\/inicio\/producto\/abc-un-invento-extraordinario\/","title":{"rendered":"Abc: un invento extraordinario"},"content":{"rendered":"<div class=\"caracteristicas\"><b class=\"subtitulo\">Resumen<\/b><\/div>\n<div class=\"caracteristicas\">El maestro Grafo Lat\u00edn explica a los ni\u00f1os, con un texto divertido y lleno de m\u00fasica, qu\u00e9 es el alfabeto, de d\u00f3nde viene, por qu\u00e9 es importante conocerlo y todas las cosas que se pueden hacer a partir de \u00e9l. Los ni\u00f1os conocer\u00e1n la forma y el nombre de las letras, sabr\u00e1n que hay may\u00fasculas y min\u00fasculas, y distinguir\u00e1n las vocales de las consonantes, as\u00ed como su uso y pronunciaci\u00f3n.<\/div>\n","protected":false},"excerpt":{"rendered":"<p>Alonso N\u00fa\u00f1ez<\/p>\n","protected":false},"featured_media":1043,"comment_status":"open","ping_status":"closed","template":"","meta":[],"product_brand":[],"product_cat":[35],"product_tag":[],"class_list":{"0":"post-1042","1":"product","2":"type-product","3":"status-publish","4":"has-post-thumbnail","6":"product_cat-literatura","8":"first","9":"instock","10":"taxable","11":"shipping-taxable","12":"purchasable","13":"product-type-simple"},"_links":{"self":[{"href":"https:\/\/esfinge.mx\/inicio\/wp-json\/wp\/v2\/product\/1042","targetHints":{"allow":["GET"]}}],"collection":[{"href":"https:\/\/esfinge.mx\/inicio\/wp-json\/wp\/v2\/product"}],"about":[{"href":"https:\/\/esfinge.mx\/inicio\/wp-json\/wp\/v2\/types\/product"}],"replies":[{"embeddable":true,"href":"https:\/\/esfinge.mx\/inicio\/wp-json\/wp\/v2\/comments?post=1042"}],"wp:featuredmedia":[{"embeddable":true,"href":"https:\/\/esfinge.mx\/inicio\/wp-json\/wp\/v2\/media\/1043"}],"wp:attachment":[{"href":"https:\/\/esfinge.mx\/inicio\/wp-json\/wp\/v2\/media?parent=1042"}],"wp:term":[{"taxonomy":"product_brand","embeddable":true,"href":"https:\/\/esfinge.mx\/inicio\/wp-json\/wp\/v2\/product_brand?post=1042"},{"taxonomy":"product_cat","embeddable":true,"href":"https:\/\/esfinge.mx\/inicio\/wp-json\/wp\/v2\/product_cat?post=1042"},{"taxonomy":"product_tag","embeddable":true,"href":"https:\/\/esfinge.mx\/inicio\/wp-json\/wp\/v2\/product_tag?post=1042"}],"curies":[{"name":"wp","href":"https:\/\/api.w.org\/{rel}","templated":true}]}}