{"id":1044,"date":"2021-10-19T09:29:20","date_gmt":"2021-10-19T09:29:20","guid":{"rendered":"https:\/\/esfinge.mx\/inicio\/?post_type=product&#038;p=1044"},"modified":"2026-03-29T02:00:23","modified_gmt":"2026-03-29T08:00:23","slug":"la-cancion-del-grillo","status":"publish","type":"product","link":"https:\/\/esfinge.mx\/inicio\/producto\/la-cancion-del-grillo\/","title":{"rendered":"La canci\u00f3n del grillo"},"content":{"rendered":"<div class=\"caracteristicas\"><b class=\"subtitulo\">Resumen<\/b><\/div>\n<div class=\"caracteristicas\">Margarita es una ni\u00f1a hu\u00e9rfana de madre que padece una rara enfermedad. Er\u00e9ndira, la ni\u00f1a protagonista de esta historia, piensa que Margarita est\u00e1 loca porque le dice que su mejor amigo es un grillo que canta todas las noches en su ventana; adem\u00e1s, le confiesa que cada vez que lo escucha recuerda a su madre. Margarita deja la ciudad, pero en las noches a\u00fan puede escucharse el canto de un grillo.<\/div>\n","protected":false},"excerpt":{"rendered":"<p>Cristina Pacheco<\/p>\n","protected":false},"featured_media":1045,"comment_status":"open","ping_status":"closed","template":"","meta":[],"product_brand":[],"product_cat":[35],"product_tag":[],"class_list":{"0":"post-1044","1":"product","2":"type-product","3":"status-publish","4":"has-post-thumbnail","6":"product_cat-literatura","8":"first","9":"instock","10":"taxable","11":"shipping-taxable","12":"purchasable","13":"product-type-simple"},"_links":{"self":[{"href":"https:\/\/esfinge.mx\/inicio\/wp-json\/wp\/v2\/product\/1044","targetHints":{"allow":["GET"]}}],"collection":[{"href":"https:\/\/esfinge.mx\/inicio\/wp-json\/wp\/v2\/product"}],"about":[{"href":"https:\/\/esfinge.mx\/inicio\/wp-json\/wp\/v2\/types\/product"}],"replies":[{"embeddable":true,"href":"https:\/\/esfinge.mx\/inicio\/wp-json\/wp\/v2\/comments?post=1044"}],"wp:featuredmedia":[{"embeddable":true,"href":"https:\/\/esfinge.mx\/inicio\/wp-json\/wp\/v2\/media\/1045"}],"wp:attachment":[{"href":"https:\/\/esfinge.mx\/inicio\/wp-json\/wp\/v2\/media?parent=1044"}],"wp:term":[{"taxonomy":"product_brand","embeddable":true,"href":"https:\/\/esfinge.mx\/inicio\/wp-json\/wp\/v2\/product_brand?post=1044"},{"taxonomy":"product_cat","embeddable":true,"href":"https:\/\/esfinge.mx\/inicio\/wp-json\/wp\/v2\/product_cat?post=1044"},{"taxonomy":"product_tag","embeddable":true,"href":"https:\/\/esfinge.mx\/inicio\/wp-json\/wp\/v2\/product_tag?post=1044"}],"curies":[{"name":"wp","href":"https:\/\/api.w.org\/{rel}","templated":true}]}}