{"id":1048,"date":"2021-10-19T09:32:42","date_gmt":"2021-10-19T09:32:42","guid":{"rendered":"https:\/\/esfinge.mx\/inicio\/?post_type=product&#038;p=1048"},"modified":"2026-03-29T02:00:16","modified_gmt":"2026-03-29T08:00:16","slug":"el-pirata-malapata","status":"publish","type":"product","link":"https:\/\/esfinge.mx\/inicio\/producto\/el-pirata-malapata\/","title":{"rendered":"El pirata Malapata"},"content":{"rendered":"<div class=\"caracteristicas\"><b class=\"subtitulo\">Resumen<\/b><\/div>\n<div class=\"caracteristicas\">El pirata Malapata huye despu\u00e9s de haber cometido el hurto de mercanc\u00edas destinadas al rey. Lo que no saben \u00e9l y sus acompa\u00f1antes es que adem\u00e1s de los barcos de la flota real que los persiguen, tambi\u00e9n ser\u00e1n presa de una gigantesca ballena. Los piratas sobreviven, pero en pleno naufragio tienen que enfrentar el clima, la sed y la falta de comida. Finalmente, aparece un velero con monjitas que los rescatan, tratan de ense\u00f1arles buenos modales y los ponen a trabajar.<\/div>\n","protected":false},"excerpt":{"rendered":"<p>Alonso N\u00fa\u00f1ez<\/p>\n","protected":false},"featured_media":1049,"comment_status":"open","ping_status":"closed","template":"","meta":[],"product_brand":[],"product_cat":[35],"product_tag":[],"class_list":{"0":"post-1048","1":"product","2":"type-product","3":"status-publish","4":"has-post-thumbnail","6":"product_cat-literatura","8":"first","9":"instock","10":"taxable","11":"shipping-taxable","12":"purchasable","13":"product-type-simple"},"_links":{"self":[{"href":"https:\/\/esfinge.mx\/inicio\/wp-json\/wp\/v2\/product\/1048","targetHints":{"allow":["GET"]}}],"collection":[{"href":"https:\/\/esfinge.mx\/inicio\/wp-json\/wp\/v2\/product"}],"about":[{"href":"https:\/\/esfinge.mx\/inicio\/wp-json\/wp\/v2\/types\/product"}],"replies":[{"embeddable":true,"href":"https:\/\/esfinge.mx\/inicio\/wp-json\/wp\/v2\/comments?post=1048"}],"wp:featuredmedia":[{"embeddable":true,"href":"https:\/\/esfinge.mx\/inicio\/wp-json\/wp\/v2\/media\/1049"}],"wp:attachment":[{"href":"https:\/\/esfinge.mx\/inicio\/wp-json\/wp\/v2\/media?parent=1048"}],"wp:term":[{"taxonomy":"product_brand","embeddable":true,"href":"https:\/\/esfinge.mx\/inicio\/wp-json\/wp\/v2\/product_brand?post=1048"},{"taxonomy":"product_cat","embeddable":true,"href":"https:\/\/esfinge.mx\/inicio\/wp-json\/wp\/v2\/product_cat?post=1048"},{"taxonomy":"product_tag","embeddable":true,"href":"https:\/\/esfinge.mx\/inicio\/wp-json\/wp\/v2\/product_tag?post=1048"}],"curies":[{"name":"wp","href":"https:\/\/api.w.org\/{rel}","templated":true}]}}