{"id":1052,"date":"2021-10-19T09:35:51","date_gmt":"2021-10-19T09:35:51","guid":{"rendered":"https:\/\/esfinge.mx\/inicio\/?post_type=product&#038;p=1052"},"modified":"2026-03-29T02:00:23","modified_gmt":"2026-03-29T08:00:23","slug":"las-tres-manzanas-de-naranja","status":"publish","type":"product","link":"https:\/\/esfinge.mx\/inicio\/producto\/las-tres-manzanas-de-naranja\/","title":{"rendered":"Las tres manzanas de naranja"},"content":{"rendered":"<div class=\"caracteristicas\"><b class=\"subtitulo\">Resumen<\/b><\/div>\n<div class=\"caracteristicas\">La princesa est\u00e1 enferma y el sabio Perlimpl\u00edn dice que s\u00f3lo se curar\u00e1 cuando un joven le lleve tres manzanas de naranja, pero hay un peque\u00f1o inconveniente para los planes del rey, quien desea casarla con el aburrido pr\u00edncipe de Salsipuedes, pues la princesa desear\u00e1 casarse con quien le lleve las frutas sanadoras, que en este caso es un pobre panadero quien las llevar\u00e1.<\/div>\n","protected":false},"excerpt":{"rendered":"<p>Ulalume Gonz\u00e1lez de Le\u00f3n<\/p>\n","protected":false},"featured_media":1053,"comment_status":"open","ping_status":"closed","template":"","meta":[],"product_brand":[],"product_cat":[35],"product_tag":[],"class_list":{"0":"post-1052","1":"product","2":"type-product","3":"status-publish","4":"has-post-thumbnail","6":"product_cat-literatura","8":"first","9":"instock","10":"taxable","11":"shipping-taxable","12":"purchasable","13":"product-type-simple"},"_links":{"self":[{"href":"https:\/\/esfinge.mx\/inicio\/wp-json\/wp\/v2\/product\/1052","targetHints":{"allow":["GET"]}}],"collection":[{"href":"https:\/\/esfinge.mx\/inicio\/wp-json\/wp\/v2\/product"}],"about":[{"href":"https:\/\/esfinge.mx\/inicio\/wp-json\/wp\/v2\/types\/product"}],"replies":[{"embeddable":true,"href":"https:\/\/esfinge.mx\/inicio\/wp-json\/wp\/v2\/comments?post=1052"}],"wp:featuredmedia":[{"embeddable":true,"href":"https:\/\/esfinge.mx\/inicio\/wp-json\/wp\/v2\/media\/1053"}],"wp:attachment":[{"href":"https:\/\/esfinge.mx\/inicio\/wp-json\/wp\/v2\/media?parent=1052"}],"wp:term":[{"taxonomy":"product_brand","embeddable":true,"href":"https:\/\/esfinge.mx\/inicio\/wp-json\/wp\/v2\/product_brand?post=1052"},{"taxonomy":"product_cat","embeddable":true,"href":"https:\/\/esfinge.mx\/inicio\/wp-json\/wp\/v2\/product_cat?post=1052"},{"taxonomy":"product_tag","embeddable":true,"href":"https:\/\/esfinge.mx\/inicio\/wp-json\/wp\/v2\/product_tag?post=1052"}],"curies":[{"name":"wp","href":"https:\/\/api.w.org\/{rel}","templated":true}]}}