{"id":1162,"date":"2022-02-16T18:14:06","date_gmt":"2022-02-16T18:14:06","guid":{"rendered":"https:\/\/esfinge.mx\/inicio\/?post_type=product&#038;p=1162"},"modified":"2025-07-16T01:00:27","modified_gmt":"2025-07-16T07:00:27","slug":"historia-de-mexico-2-2","status":"publish","type":"product","link":"https:\/\/esfinge.mx\/inicio\/producto\/historia-de-mexico-2-2\/","title":{"rendered":"Historia de M\u00e9xico 2"},"content":{"rendered":"<table style=\"height: 67px;\" width=\"530\">\n<tbody>\n<tr>\n<td width=\"251\">Pineda R\u00edos Daniela , R\u00edos Z\u00fa\u00f1iga Rosalina y otros<\/td>\n<\/tr>\n<\/tbody>\n<\/table>\n","protected":false},"excerpt":{"rendered":"<table style=\"height: 65px;\" width=\"408\">\n<tbody>\n<tr>\n<td width=\"251\">Pineda R\u00edos Daniela , R\u00edos Z\u00fa\u00f1iga Rosalina y otros<\/td>\n<\/tr>\n<\/tbody>\n<\/table>\n","protected":false},"featured_media":1171,"comment_status":"open","ping_status":"closed","template":"","meta":[],"product_brand":[],"product_cat":[21],"product_tag":[],"class_list":{"0":"post-1162","1":"product","2":"type-product","3":"status-publish","4":"has-post-thumbnail","6":"product_cat-media-superior","8":"first","9":"instock","10":"taxable","11":"shipping-taxable","12":"purchasable","13":"product-type-simple"},"_links":{"self":[{"href":"https:\/\/esfinge.mx\/inicio\/wp-json\/wp\/v2\/product\/1162","targetHints":{"allow":["GET"]}}],"collection":[{"href":"https:\/\/esfinge.mx\/inicio\/wp-json\/wp\/v2\/product"}],"about":[{"href":"https:\/\/esfinge.mx\/inicio\/wp-json\/wp\/v2\/types\/product"}],"replies":[{"embeddable":true,"href":"https:\/\/esfinge.mx\/inicio\/wp-json\/wp\/v2\/comments?post=1162"}],"wp:featuredmedia":[{"embeddable":true,"href":"https:\/\/esfinge.mx\/inicio\/wp-json\/wp\/v2\/media\/1171"}],"wp:attachment":[{"href":"https:\/\/esfinge.mx\/inicio\/wp-json\/wp\/v2\/media?parent=1162"}],"wp:term":[{"taxonomy":"product_brand","embeddable":true,"href":"https:\/\/esfinge.mx\/inicio\/wp-json\/wp\/v2\/product_brand?post=1162"},{"taxonomy":"product_cat","embeddable":true,"href":"https:\/\/esfinge.mx\/inicio\/wp-json\/wp\/v2\/product_cat?post=1162"},{"taxonomy":"product_tag","embeddable":true,"href":"https:\/\/esfinge.mx\/inicio\/wp-json\/wp\/v2\/product_tag?post=1162"}],"curies":[{"name":"wp","href":"https:\/\/api.w.org\/{rel}","templated":true}]}}