{"id":1165,"date":"2022-02-16T18:23:30","date_gmt":"2022-02-16T18:23:30","guid":{"rendered":"https:\/\/esfinge.mx\/inicio\/?post_type=product&#038;p=1165"},"modified":"2025-12-18T02:00:19","modified_gmt":"2025-12-18T08:00:19","slug":"lectura-expresion-oral-y-escrita-ii-2","status":"publish","type":"product","link":"https:\/\/esfinge.mx\/inicio\/producto\/lectura-expresion-oral-y-escrita-ii-2\/","title":{"rendered":"Lectura, expresi\u00f3n oral y escrita II"},"content":{"rendered":"","protected":false},"excerpt":{"rendered":"<p>Ruiz Garc\u00eda Mar\u00eda Teresa<\/p>\n","protected":false},"featured_media":1172,"comment_status":"open","ping_status":"closed","template":"","meta":[],"product_brand":[],"product_cat":[21],"product_tag":[48,50,49,51],"class_list":{"0":"post-1165","1":"product","2":"type-product","3":"status-publish","4":"has-post-thumbnail","6":"product_cat-media-superior","7":"product_tag-48","8":"product_tag-expresion-oral-y-escrita-ii","9":"product_tag-lectura","10":"product_tag-ruiz-garcia-maria-teresa","12":"first","13":"instock","14":"taxable","15":"shipping-taxable","16":"purchasable","17":"product-type-simple"},"_links":{"self":[{"href":"https:\/\/esfinge.mx\/inicio\/wp-json\/wp\/v2\/product\/1165","targetHints":{"allow":["GET"]}}],"collection":[{"href":"https:\/\/esfinge.mx\/inicio\/wp-json\/wp\/v2\/product"}],"about":[{"href":"https:\/\/esfinge.mx\/inicio\/wp-json\/wp\/v2\/types\/product"}],"replies":[{"embeddable":true,"href":"https:\/\/esfinge.mx\/inicio\/wp-json\/wp\/v2\/comments?post=1165"}],"wp:featuredmedia":[{"embeddable":true,"href":"https:\/\/esfinge.mx\/inicio\/wp-json\/wp\/v2\/media\/1172"}],"wp:attachment":[{"href":"https:\/\/esfinge.mx\/inicio\/wp-json\/wp\/v2\/media?parent=1165"}],"wp:term":[{"taxonomy":"product_brand","embeddable":true,"href":"https:\/\/esfinge.mx\/inicio\/wp-json\/wp\/v2\/product_brand?post=1165"},{"taxonomy":"product_cat","embeddable":true,"href":"https:\/\/esfinge.mx\/inicio\/wp-json\/wp\/v2\/product_cat?post=1165"},{"taxonomy":"product_tag","embeddable":true,"href":"https:\/\/esfinge.mx\/inicio\/wp-json\/wp\/v2\/product_tag?post=1165"}],"curies":[{"name":"wp","href":"https:\/\/api.w.org\/{rel}","templated":true}]}}