{"id":1167,"date":"2022-02-16T18:27:32","date_gmt":"2022-02-16T18:27:32","guid":{"rendered":"https:\/\/esfinge.mx\/inicio\/?post_type=product&#038;p=1167"},"modified":"2025-12-18T02:00:32","modified_gmt":"2025-12-18T08:00:32","slug":"taller-de-lectura-y-redaccion-2-3","status":"publish","type":"product","link":"https:\/\/esfinge.mx\/inicio\/producto\/taller-de-lectura-y-redaccion-2-3\/","title":{"rendered":"Taller de lectura y redacci\u00f3n 2"},"content":{"rendered":"","protected":false},"excerpt":{"rendered":"<p>Ram\u00edrez Rodr\u00edguez Alan Giovanni<\/p>\n","protected":false},"featured_media":1173,"comment_status":"open","ping_status":"closed","template":"","meta":[],"product_brand":[],"product_cat":[21],"product_tag":[59,58,60],"class_list":{"0":"post-1167","1":"product","2":"type-product","3":"status-publish","4":"has-post-thumbnail","6":"product_cat-media-superior","7":"product_tag-59","8":"product_tag-ramirez-rodriguez-alan-giovanni","9":"product_tag-taller-de-lectura-y-redaccion-2","11":"first","12":"instock","13":"taxable","14":"shipping-taxable","15":"purchasable","16":"product-type-simple"},"_links":{"self":[{"href":"https:\/\/esfinge.mx\/inicio\/wp-json\/wp\/v2\/product\/1167","targetHints":{"allow":["GET"]}}],"collection":[{"href":"https:\/\/esfinge.mx\/inicio\/wp-json\/wp\/v2\/product"}],"about":[{"href":"https:\/\/esfinge.mx\/inicio\/wp-json\/wp\/v2\/types\/product"}],"replies":[{"embeddable":true,"href":"https:\/\/esfinge.mx\/inicio\/wp-json\/wp\/v2\/comments?post=1167"}],"wp:featuredmedia":[{"embeddable":true,"href":"https:\/\/esfinge.mx\/inicio\/wp-json\/wp\/v2\/media\/1173"}],"wp:attachment":[{"href":"https:\/\/esfinge.mx\/inicio\/wp-json\/wp\/v2\/media?parent=1167"}],"wp:term":[{"taxonomy":"product_brand","embeddable":true,"href":"https:\/\/esfinge.mx\/inicio\/wp-json\/wp\/v2\/product_brand?post=1167"},{"taxonomy":"product_cat","embeddable":true,"href":"https:\/\/esfinge.mx\/inicio\/wp-json\/wp\/v2\/product_cat?post=1167"},{"taxonomy":"product_tag","embeddable":true,"href":"https:\/\/esfinge.mx\/inicio\/wp-json\/wp\/v2\/product_tag?post=1167"}],"curies":[{"name":"wp","href":"https:\/\/api.w.org\/{rel}","templated":true}]}}