{"id":12,"date":"2021-09-22T16:50:49","date_gmt":"2021-09-22T16:50:49","guid":{"rendered":"https:\/\/esfinge.mx\/inicio\/?product=complemento-didactico-1-exploracion-y-conocimiento-del-mundo"},"modified":"2024-12-18T02:00:13","modified_gmt":"2024-12-18T08:00:13","slug":"complemento-didactico-1-exploracion-y-conocimiento-del-mundo","status":"publish","type":"product","link":"https:\/\/esfinge.mx\/inicio\/producto\/complemento-didactico-1-exploracion-y-conocimiento-del-mundo\/","title":{"rendered":"Complemento Did\u00e1ctico 1. Exploraci\u00f3n y Conocimiento del mundo"},"content":{"rendered":"<div class=\"caracteristicas\"><span style=\"color: #ff0000;\"><b class=\"subtitulo\">Propuesta did\u00e1ctica<\/b><\/span><\/div>\n<div class=\"caracteristicas\">\u2022 Beneficia los procesos del pensamiento y la creatividad.<br \/>\n\u2022 Favorece el desarrollo de competencias.<br \/>\n\u2022 Crea un ambiente estimulante en la construcci\u00f3n del conocimiento.<\/div>\n<div><\/div>\n<div class=\"caracteristicas\"><span style=\"color: #ff0000;\"><b class=\"subtitulo\">Actividades y contenido<\/b><\/span><\/div>\n<div class=\"caracteristicas\">\u2022 Organizaci\u00f3n de bloques bimestrales acordes al ciclo escolar.<br \/>\n\u2022 Maneja tema o eje articulador que facilita el abordaje transversal de los contenidos de cada una de las asignaturas del plan de estudios vigente.<br \/>\n\u2022 Actividades organizadas en campos formativos.<br \/>\n\u2022 Organiza su contenido a partir de una graduaci\u00f3n acorde con el nivel cognitivo de los alumnos.<br \/>\n\u2022 Propone actividades que benefician los procesos de pensamiento como observaci\u00f3n, descripci\u00f3n, comparaci\u00f3n. Adem\u00e1s de promover la creatividad y el trabajo colaborativo.<br \/>\n\u2022 Incluye para cada actividad: aspecto, competencia, forma manifiestay las sugerencias que facilitan la intervenci\u00f3n docente.<\/div>\n<div><\/div>\n<div class=\"caracteristicas\"><span style=\"color: #ff0000;\"><b class=\"subtitulo\">Apoyos did\u00e1cticos<\/b> <\/span><\/div>\n<div class=\"caracteristicas\">\u2022 Contiene gu\u00eda para la educadora que apoya los tres grados. Incluye planeaci\u00f3n general de un proyecto y los logros esperados, preguntas mediacionales, recomendaciones para guiar el trabajo en el aula y ejemplo de calendario que muestra c\u00f3mo programar d\u00eda a d\u00eda los ejercicios.<\/div>\n<div id=\"contenedor\">\n<div class=\"hijo\"><b class=\"subtitulo\"><span style=\"color: #ff0000;\">ISBN<\/span><br \/>\n<\/b>9786071004062<\/div>\n<div class=\"hijo\"><b class=\"subtitulo\"><span style=\"color: #ff0000;\">Formato<\/span><br \/>\n<\/b>33.5 22.5 cm<\/div>\n<div class=\"hijo\"><b class=\"subtitulo\"><span style=\"color: #ff0000;\">P\u00e1ginas<\/span><br \/>\n<\/b>100<\/div>\n<div class=\"hijo\"><b class=\"subtitulo\"><span style=\"color: #ff0000;\">Componentes<\/span><br \/>\n<\/b>Cuaderno de trabajo<br \/>\nGu\u00eda para la educadora<\/div>\n<div class=\"hijo\"><\/div>\n<div class=\"clear\"><\/div>\n<\/div>\n<div class=\"caracteristicas\"><span style=\"color: #ff0000;\"><b class=\"subtitulo\">Autor<\/b><\/span><\/div>\n<div class=\"caracteristicas\">Josefina D\u00edaz infante y N\u00fa\u00f1ez<\/div>\n","protected":false},"excerpt":{"rendered":"<p>Complemento Did\u00e1ctico 1. Exploraci\u00f3n y Conocimiento del mundo<\/p>\n<p>D\u00edaz Infante y N\u00fa\u00f1ez Josefina<\/p>\n","protected":false},"featured_media":615,"comment_status":"open","ping_status":"closed","template":"","meta":[],"product_brand":[],"product_cat":[16],"product_tag":[],"class_list":{"0":"post-12","1":"product","2":"type-product","3":"status-publish","4":"has-post-thumbnail","6":"product_cat-preescolar","8":"first","9":"instock","10":"taxable","11":"shipping-taxable","12":"purchasable","13":"product-type-simple"},"_links":{"self":[{"href":"https:\/\/esfinge.mx\/inicio\/wp-json\/wp\/v2\/product\/12","targetHints":{"allow":["GET"]}}],"collection":[{"href":"https:\/\/esfinge.mx\/inicio\/wp-json\/wp\/v2\/product"}],"about":[{"href":"https:\/\/esfinge.mx\/inicio\/wp-json\/wp\/v2\/types\/product"}],"replies":[{"embeddable":true,"href":"https:\/\/esfinge.mx\/inicio\/wp-json\/wp\/v2\/comments?post=12"}],"wp:featuredmedia":[{"embeddable":true,"href":"https:\/\/esfinge.mx\/inicio\/wp-json\/wp\/v2\/media\/615"}],"wp:attachment":[{"href":"https:\/\/esfinge.mx\/inicio\/wp-json\/wp\/v2\/media?parent=12"}],"wp:term":[{"taxonomy":"product_brand","embeddable":true,"href":"https:\/\/esfinge.mx\/inicio\/wp-json\/wp\/v2\/product_brand?post=12"},{"taxonomy":"product_cat","embeddable":true,"href":"https:\/\/esfinge.mx\/inicio\/wp-json\/wp\/v2\/product_cat?post=12"},{"taxonomy":"product_tag","embeddable":true,"href":"https:\/\/esfinge.mx\/inicio\/wp-json\/wp\/v2\/product_tag?post=12"}],"curies":[{"name":"wp","href":"https:\/\/api.w.org\/{rel}","templated":true}]}}