{"id":125,"date":"2021-09-22T16:50:55","date_gmt":"2021-09-22T16:50:55","guid":{"rendered":"https:\/\/esfinge.mx\/inicio\/?product=aparicion-del-hombre"},"modified":"2026-03-29T02:00:11","modified_gmt":"2026-03-29T08:00:11","slug":"aparicion-del-hombre","status":"publish","type":"product","link":"https:\/\/esfinge.mx\/inicio\/producto\/aparicion-del-hombre\/","title":{"rendered":"Aparici\u00f3n del hombre"},"content":{"rendered":"<div class=\"caracteristicas\"><b class=\"subtitulo\">Resumen<\/b><\/div>\n<div class=\"caracteristicas\">Parte de una colecci\u00f3n de 9 tomos. La aventura de la vida en la Tierra culmin\u00f3 hace m\u00e1s de ciento cincuenta mil a\u00f1os con la aparici\u00f3n del hombre. Tal odisea exige ser contada para conocer lo que somos, pues queremos saber de d\u00f3nde venimos. Ni\u00f1os, j\u00f3venes y adultos tienen la curiosidad \u2014as\u00ed me lo han expresado\u2014 por conocer la historia de la evoluci\u00f3n humana&#8230; De esto y m\u00e1s encontrar\u00e1n en este tomo.<\/div>\n","protected":false},"excerpt":{"rendered":"<p>Federico Ortiz Quezada<\/p>\n","protected":false},"featured_media":801,"comment_status":"open","ping_status":"closed","template":"","meta":[],"product_brand":[],"product_cat":[35],"product_tag":[],"class_list":{"0":"post-125","1":"product","2":"type-product","3":"status-publish","4":"has-post-thumbnail","6":"product_cat-literatura","8":"first","9":"instock","10":"taxable","11":"shipping-taxable","12":"purchasable","13":"product-type-simple"},"_links":{"self":[{"href":"https:\/\/esfinge.mx\/inicio\/wp-json\/wp\/v2\/product\/125","targetHints":{"allow":["GET"]}}],"collection":[{"href":"https:\/\/esfinge.mx\/inicio\/wp-json\/wp\/v2\/product"}],"about":[{"href":"https:\/\/esfinge.mx\/inicio\/wp-json\/wp\/v2\/types\/product"}],"replies":[{"embeddable":true,"href":"https:\/\/esfinge.mx\/inicio\/wp-json\/wp\/v2\/comments?post=125"}],"wp:featuredmedia":[{"embeddable":true,"href":"https:\/\/esfinge.mx\/inicio\/wp-json\/wp\/v2\/media\/801"}],"wp:attachment":[{"href":"https:\/\/esfinge.mx\/inicio\/wp-json\/wp\/v2\/media?parent=125"}],"wp:term":[{"taxonomy":"product_brand","embeddable":true,"href":"https:\/\/esfinge.mx\/inicio\/wp-json\/wp\/v2\/product_brand?post=125"},{"taxonomy":"product_cat","embeddable":true,"href":"https:\/\/esfinge.mx\/inicio\/wp-json\/wp\/v2\/product_cat?post=125"},{"taxonomy":"product_tag","embeddable":true,"href":"https:\/\/esfinge.mx\/inicio\/wp-json\/wp\/v2\/product_tag?post=125"}],"curies":[{"name":"wp","href":"https:\/\/api.w.org\/{rel}","templated":true}]}}