{"id":128,"date":"2021-09-22T16:50:55","date_gmt":"2021-09-22T16:50:55","guid":{"rendered":"https:\/\/esfinge.mx\/inicio\/?product=ciencias-3-quimica-serie-aqua"},"modified":"2026-03-29T02:00:11","modified_gmt":"2026-03-29T08:00:11","slug":"ciencias-3-quimica-serie-aqua","status":"publish","type":"product","link":"https:\/\/esfinge.mx\/inicio\/producto\/ciencias-3-quimica-serie-aqua\/","title":{"rendered":"Ciencias 3 Qu\u00edmica Serie Aqua"},"content":{"rendered":"","protected":false},"excerpt":{"rendered":"<p>Rosa Mar\u00eda Catal\u00e1 Rodes, Ana Mar\u00eda Jim\u00e9nez Aparicio, Mar\u00eda Eugenia Colsa G\u00f3mez<\/p>\n","protected":false},"featured_media":810,"comment_status":"open","ping_status":"closed","template":"","meta":[],"product_brand":[],"product_cat":[18],"product_tag":[],"class_list":{"0":"post-128","1":"product","2":"type-product","3":"status-publish","4":"has-post-thumbnail","6":"product_cat-secundaria","8":"first","9":"instock","10":"taxable","11":"shipping-taxable","12":"purchasable","13":"product-type-simple"},"_links":{"self":[{"href":"https:\/\/esfinge.mx\/inicio\/wp-json\/wp\/v2\/product\/128","targetHints":{"allow":["GET"]}}],"collection":[{"href":"https:\/\/esfinge.mx\/inicio\/wp-json\/wp\/v2\/product"}],"about":[{"href":"https:\/\/esfinge.mx\/inicio\/wp-json\/wp\/v2\/types\/product"}],"replies":[{"embeddable":true,"href":"https:\/\/esfinge.mx\/inicio\/wp-json\/wp\/v2\/comments?post=128"}],"wp:featuredmedia":[{"embeddable":true,"href":"https:\/\/esfinge.mx\/inicio\/wp-json\/wp\/v2\/media\/810"}],"wp:attachment":[{"href":"https:\/\/esfinge.mx\/inicio\/wp-json\/wp\/v2\/media?parent=128"}],"wp:term":[{"taxonomy":"product_brand","embeddable":true,"href":"https:\/\/esfinge.mx\/inicio\/wp-json\/wp\/v2\/product_brand?post=128"},{"taxonomy":"product_cat","embeddable":true,"href":"https:\/\/esfinge.mx\/inicio\/wp-json\/wp\/v2\/product_cat?post=128"},{"taxonomy":"product_tag","embeddable":true,"href":"https:\/\/esfinge.mx\/inicio\/wp-json\/wp\/v2\/product_tag?post=128"}],"curies":[{"name":"wp","href":"https:\/\/api.w.org\/{rel}","templated":true}]}}