{"id":142,"date":"2021-09-22T16:50:57","date_gmt":"2021-09-22T16:50:57","guid":{"rendered":"https:\/\/esfinge.mx\/inicio\/?product=evolucion"},"modified":"2026-03-29T02:00:18","modified_gmt":"2026-03-29T08:00:18","slug":"evolucion","status":"publish","type":"product","link":"https:\/\/esfinge.mx\/inicio\/producto\/evolucion\/","title":{"rendered":"Evoluci\u00f3n"},"content":{"rendered":"<div class=\"caracteristicas\"><b class=\"subtitulo\">Resumen<\/b><\/div>\n<div class=\"caracteristicas\">Parte de una colecci\u00f3n de 9 tomos. Siempre me ha llamado la atenci\u00f3n la diversidad de todo lo vivo existente en el planeta Tierra. Seres que encienden la imaginaci\u00f3n con su belleza y nos hacen preguntar: \u00bfde d\u00f3nde venimos?, \u00bfpor qu\u00e9 somos tan diferentes?, \u00bfpor qu\u00e9 estamos tan bien hechos?, \u00bfde d\u00f3nde viene el hombre? Interrogantes a las cuales buscaba respuesta cada vez que ve\u00eda un pez, un p\u00e1jaro, un tigre, un hombre, pues me interrogaba la raz\u00f3n por la cual somos como somos. Inc\u00f3gnita que se quedaba sin respuesta, simplemente aceptando la realidad de la vida. De esto y m\u00e1s encontrar\u00e1n en este tomo.<\/div>\n","protected":false},"excerpt":{"rendered":"<p>Federico Ortiz Quezada<\/p>\n","protected":false},"featured_media":866,"comment_status":"open","ping_status":"closed","template":"","meta":[],"product_brand":[],"product_cat":[35],"product_tag":[],"class_list":{"0":"post-142","1":"product","2":"type-product","3":"status-publish","4":"has-post-thumbnail","6":"product_cat-literatura","8":"first","9":"instock","10":"taxable","11":"shipping-taxable","12":"purchasable","13":"product-type-simple"},"_links":{"self":[{"href":"https:\/\/esfinge.mx\/inicio\/wp-json\/wp\/v2\/product\/142","targetHints":{"allow":["GET"]}}],"collection":[{"href":"https:\/\/esfinge.mx\/inicio\/wp-json\/wp\/v2\/product"}],"about":[{"href":"https:\/\/esfinge.mx\/inicio\/wp-json\/wp\/v2\/types\/product"}],"replies":[{"embeddable":true,"href":"https:\/\/esfinge.mx\/inicio\/wp-json\/wp\/v2\/comments?post=142"}],"wp:featuredmedia":[{"embeddable":true,"href":"https:\/\/esfinge.mx\/inicio\/wp-json\/wp\/v2\/media\/866"}],"wp:attachment":[{"href":"https:\/\/esfinge.mx\/inicio\/wp-json\/wp\/v2\/media?parent=142"}],"wp:term":[{"taxonomy":"product_brand","embeddable":true,"href":"https:\/\/esfinge.mx\/inicio\/wp-json\/wp\/v2\/product_brand?post=142"},{"taxonomy":"product_cat","embeddable":true,"href":"https:\/\/esfinge.mx\/inicio\/wp-json\/wp\/v2\/product_cat?post=142"},{"taxonomy":"product_tag","embeddable":true,"href":"https:\/\/esfinge.mx\/inicio\/wp-json\/wp\/v2\/product_tag?post=142"}],"curies":[{"name":"wp","href":"https:\/\/api.w.org\/{rel}","templated":true}]}}