{"id":1450,"date":"2022-08-04T13:18:44","date_gmt":"2022-08-04T13:18:44","guid":{"rendered":"https:\/\/esfinge.mx\/inicio\/?post_type=product&#038;p=1450"},"modified":"2026-03-29T02:00:09","modified_gmt":"2026-03-29T08:00:09","slug":"ciencia-tecnologia-sociedad-y-valores-2","status":"publish","type":"product","link":"https:\/\/esfinge.mx\/inicio\/producto\/ciencia-tecnologia-sociedad-y-valores-2\/","title":{"rendered":"Ciencia, tecnolog\u00eda, sociedad y valores"},"content":{"rendered":"<p class=\"p1\"><span class=\"s1\">BLOQUE 1 <\/span>Comunicarse, relacionarse 10<\/p>\n<p class=\"p1\">y colaborar con los dem\u00e1s<\/p>\n<p class=\"p2\">Evaluaci\u00f3n diagn\u00f3stica 12<\/p>\n<p class=\"p1\"><span class=\"s2\">Lecci\u00f3n 1.1 <\/span>Las ciencias sociales y su campo 13<\/p>\n<p class=\"p1\">de estudio<\/p>\n<p class=\"p1\">Particularidades de las ciencias naturales, 13<\/p>\n<p class=\"p1\">formales y sociales<\/p>\n<p class=\"p1\">y los puntos de encuentro<\/p>\n<p class=\"p1\">de estas ramas del conocimiento<\/p>\n<p class=\"p2\">Conecta lo que sabes 13<\/p>\n<p class=\"p1\">Ciencia, tecnolog\u00eda y desarrollo social 14<\/p>\n<p class=\"p1\">Ciencia, t\u00e9cnica y tecnolog\u00eda, un mismo 15<\/p>\n<p class=\"p1\">fin diversas aplicaciones<\/p>\n<p class=\"p1\">Influencia y relaci\u00f3n cient\u00edfica y tecnol\u00f3gica 18<\/p>\n<p class=\"p2\">Practico lo aprendido 20<\/p>\n<p class=\"p2\">Avance de proyecto 1.1 21<\/p>\n<p class=\"p2\">Habilidades socioemocionales 22<\/p>\n<p class=\"p1\"><span class=\"s2\">Lecci\u00f3n 1.2 <\/span>M\u00e9todos de investigaci\u00f3n 23<\/p>\n<p class=\"p1\">El campo y los m\u00e9todos de estudio 23<\/p>\n<p class=\"p1\">de las distintas disciplinas sociales<\/p>\n<p class=\"p1\">(econom\u00eda, sociolog\u00eda, ciencia pol\u00edtica,<\/p>\n<p class=\"p1\">derecho, historia y antropolog\u00eda)<\/p>\n<p class=\"p1\">y la importancia de la interdisciplinariedad<\/p>\n<p class=\"p2\">Conecta lo que sabes <span class=\"s3\">23<\/span><\/p>\n<p class=\"p1\">Un acercamiento al origen de las ciencias sociales 24<\/p>\n<p class=\"p1\">Del teocentrismo al antropocentrismo: 30<\/p>\n<p class=\"p1\">del Renacimiento a la Ilustraci\u00f3n<\/p>\n<p class=\"p2\">Practico lo aprendido 37<\/p>\n<p class=\"p2\">Avance de proyecto 1.2 38<\/p>\n<p class=\"p2\">Habilidades socioemocionales 39<\/p>\n<p class=\"p2\">Proyecto integrador 1 40<\/p>\n<p class=\"p1\"><span class=\"s1\">BLOQUE 2 <\/span>Comprender las identidades 42<\/p>\n<p class=\"p1\">demogr\u00e1ficas<\/p>\n<p class=\"p2\">Evaluaci\u00f3n diagn\u00f3stica 44<\/p>\n<p class=\"p1\"><span class=\"s2\">Lecci\u00f3n 2.1 <\/span>Demograf\u00eda 45<\/p>\n<p class=\"p1\">Los patrones de cambio social asociados 45<\/p>\n<p class=\"p1\">con el crecimiento demogr\u00e1fico<\/p>\n<p class=\"p1\">y envejecimiento poblacional<\/p>\n<p class=\"p2\">Conecta lo que sabes 45<\/p>\n<p class=\"p1\">El an\u00e1lisis poblacional en M\u00e9xico 46<\/p>\n<p class=\"p1\">Crecimiento y cambio poblacional 47<\/p>\n<p class=\"p2\">Practico lo aprendido 49<\/p>\n<p class=\"p2\">Avance de proyecto 2.1 50<\/p>\n<p class=\"p2\">Habilidades socioemocionales 51<\/p>\n<p class=\"p1\"><span class=\"s1\">Lecci\u00f3n 2.2 <\/span>Urbanizaci\u00f3n 52<\/p>\n<p class=\"p1\">La transformaci\u00f3n de sociedades rurales a urbanas 52<\/p>\n<p class=\"p2\">Conecta lo que sabes <span class=\"s2\">52<\/span><\/p>\n<p class=\"p1\">Un pa\u00eds, distintos entornos 53<\/p>\n<p class=\"p2\">Practico lo aprendido 56<\/p>\n<p class=\"p2\">Avance de proyecto 2.2 57<\/p>\n<p class=\"p2\">Habilidades socioemocionales 58<\/p>\n<p class=\"p1\"><span class=\"s1\">Lecci\u00f3n 2.3 <\/span>Migraci\u00f3n 59<\/p>\n<p class=\"p1\">Causas y consecuencias de la migraci\u00f3n 59<\/p>\n<p class=\"p1\">al interior del pa\u00eds y al extranjero<\/p>\n<p class=\"p2\">Conecta lo que sabes 59<\/p>\n<p class=\"p1\">Causas de la migraci\u00f3n 60<\/p>\n<p class=\"p1\">Algunos efectos de la migraci\u00f3n 61<\/p>\n<p class=\"p2\">Practico lo aprendido 63<\/p>\n<p class=\"p2\">Avance de proyecto 2.3 64<\/p>\n<p class=\"p2\">Habilidades socioemocionales 65<\/p>\n<p class=\"p2\">Proyecto integrador 2 66<\/p>\n<p class=\"p1\"><span class=\"s3\">BLOQUE 3 <\/span>Entender la relevancia 68<\/p>\n<p class=\"p1\">de los fen\u00f3menos sociales<\/p>\n<p class=\"p1\">contempor\u00e1neos<\/p>\n<p class=\"p2\">Evaluaci\u00f3n diagn\u00f3stica 70<\/p>\n<p class=\"p1\"><span class=\"s1\">Lecci\u00f3n 3.1 <\/span>Estratificaci\u00f3n socioecon\u00f3mica y desigualdad 71<\/p>\n<p class=\"p1\">C\u00f3mo la familia, la escuela, la comunidad 71<\/p>\n<p class=\"p1\">y los medios de comunicaci\u00f3n<\/p>\n<p class=\"p1\">influyen en la construcci\u00f3n social<\/p>\n<p class=\"p1\">de roles, estereotipos y prejuicios<\/p>\n<p class=\"p2\">Conecta lo que sabes 71<\/p>\n<p class=\"p2\">Practico lo aprendido 75<\/p>\n<p class=\"p1\">Conceptos de \u201cestatus\u201d, \u201cclase\u201d, \u201cpoder\u201d, 76<\/p>\n<p class=\"p1\">Conecta lo que sabes 76<\/p>\n<p class=\"p1\">Practico lo aprendido <span class=\"s1\">80<\/span><\/p>\n<p class=\"p2\">Causas y consecuencias de la desigualdad 81<\/p>\n<p class=\"p1\">Concecta lo que sabes 81<\/p>\n<p class=\"p1\">Practico lo aprendido <span class=\"s1\">85<\/span><\/p>\n<p class=\"p2\">El papel de la educaci\u00f3n en la movilidad social 86<\/p>\n<p class=\"p1\">Conecta lo que sabes 86<\/p>\n<p class=\"p1\">Practico lo aprendido 91<\/p>\n<p class=\"p1\">Avance de proyecto 3.1 92<\/p>\n<p class=\"p1\">Habilidades socioemocionales 93<\/p>\n<p class=\"p2\"><span class=\"s2\">Lecci\u00f3n 3.2 <\/span>Medio ambiente 94<\/p>\n<p class=\"p2\">Problemas ambientales y la importancia 94<\/p>\n<p class=\"p2\">de la sustentabilidad<\/p>\n<p class=\"p1\">Conecta lo que sabes 94<\/p>\n<p class=\"p1\">Practico lo aprendido 109<\/p>\n<p class=\"p1\">Avance de proyecto 3.2 110<\/p>\n<p class=\"p1\">Habilidades socioemocionales 111<\/p>\n<p class=\"p1\">Proyecto integrador 3 112<\/p>\n<p class=\"p2\"><span class=\"s3\">BLOQUE 4 <\/span>Entender la importancia 114<\/p>\n<p class=\"p2\">y las formas de la participaci\u00f3n ciudadana<\/p>\n<p class=\"p1\">Evaluaci\u00f3n diagn\u00f3stica <span class=\"s1\">116<\/span><\/p>\n<p class=\"p2\"><span class=\"s2\">Lecci\u00f3n 4.1 <\/span>Sistemas pol\u00edticos y representaci\u00f3n 117<\/p>\n<p class=\"p2\">Caracter\u00edsticas de los reg\u00edmenes 117<\/p>\n<p class=\"p2\">democr\u00e1ticos, autoritarios y totalitarios<\/p>\n<p class=\"p1\">Conecta lo que sabes 117<\/p>\n<p class=\"p1\">Practico lo aprendido 120<\/p>\n<p class=\"p2\">La divisi\u00f3n de poderes 121<\/p>\n<p class=\"p1\">Conecta lo que sabes <span class=\"s1\">121<\/span><\/p>\n<p class=\"p1\">Practico lo aprendido 122<\/p>\n<p class=\"p1\">Avance de proyecto 4.1 123<\/p>\n<p class=\"p1\">Habilidades socioemocionales 123<\/p>\n<p class=\"p1\"><span class=\"s1\">Lecci\u00f3n 4.2 <\/span>Cambio pol\u00edtico y social 124<\/p>\n<p class=\"p1\">Qu\u00e9 es la participaci\u00f3n ciudadana 124<\/p>\n<p class=\"p2\">Conecta lo que sabes 124<\/p>\n<p class=\"p2\">Practico lo aprendido 128<\/p>\n<p class=\"p2\">Avance de proyecto 4.2 129<\/p>\n<p class=\"p2\">Habilidades socioemocionales 129<\/p>\n<p class=\"p2\">Proyecto integrador 4 130<\/p>\n<p class=\"p1\"><span class=\"s2\">BLOQUE 5 <\/span>Comprender y analizar 132<\/p>\n<p class=\"p1\">los problemas sociales de hoy<\/p>\n<p class=\"p2\">Evaluaci\u00f3n diagn\u00f3stica 134<\/p>\n<p class=\"p1\"><span class=\"s1\">Lecci\u00f3n 5.1 <\/span>Revoluci\u00f3n digital 135<\/p>\n<p class=\"p2\">Conecta lo que sabes 135<\/p>\n<p class=\"p1\">Qu\u00e9 es la revoluci\u00f3n digital y cu\u00e1les 135<\/p>\n<p class=\"p1\">son sus consecuencias sociales<\/p>\n<p class=\"p1\">Algunas innovaciones en el campo 135<\/p>\n<p class=\"p1\">tecnol\u00f3gico cient\u00edfico<\/p>\n<p class=\"p1\">La tecnolog\u00eda y la interacci\u00f3n 138<\/p>\n<p class=\"p1\">en el mundo actual<\/p>\n<p class=\"p2\">Practico lo aprendido 140<\/p>\n<p class=\"p2\">Avance de proyecto 5.1 141<\/p>\n<p class=\"p2\">Habilidades socioemocionales 141<\/p>\n<p class=\"p1\"><span class=\"s1\">Lecci\u00f3n 5.2 <\/span>Desaf\u00edos sociales y modernizaci\u00f3n 142<\/p>\n<p class=\"p2\">Conecta lo que sabes 142<\/p>\n<p class=\"p1\">Corrupci\u00f3n 142<\/p>\n<p class=\"p1\">Crimen 143<\/p>\n<p class=\"p1\">Violencia 144<\/p>\n<p class=\"p2\">Practico lo aprendido 146<\/p>\n<p class=\"p2\">Avance de proyecto 5.2 147<\/p>\n<p class=\"p2\">Habilidades socioemocionales 147<\/p>\n<p class=\"p2\">Proyecto integrador 5 148<\/p>\n","protected":false},"excerpt":{"rendered":"<p class=\"p1\">Omar Alejandro Inzunza Quintana<\/p>\n","protected":false},"featured_media":1451,"comment_status":"open","ping_status":"closed","template":"","meta":[],"product_brand":[],"product_cat":[21],"product_tag":[],"class_list":{"0":"post-1450","1":"product","2":"type-product","3":"status-publish","4":"has-post-thumbnail","6":"product_cat-media-superior","8":"first","9":"instock","10":"taxable","11":"shipping-taxable","12":"purchasable","13":"product-type-simple"},"_links":{"self":[{"href":"https:\/\/esfinge.mx\/inicio\/wp-json\/wp\/v2\/product\/1450","targetHints":{"allow":["GET"]}}],"collection":[{"href":"https:\/\/esfinge.mx\/inicio\/wp-json\/wp\/v2\/product"}],"about":[{"href":"https:\/\/esfinge.mx\/inicio\/wp-json\/wp\/v2\/types\/product"}],"replies":[{"embeddable":true,"href":"https:\/\/esfinge.mx\/inicio\/wp-json\/wp\/v2\/comments?post=1450"}],"wp:featuredmedia":[{"embeddable":true,"href":"https:\/\/esfinge.mx\/inicio\/wp-json\/wp\/v2\/media\/1451"}],"wp:attachment":[{"href":"https:\/\/esfinge.mx\/inicio\/wp-json\/wp\/v2\/media?parent=1450"}],"wp:term":[{"taxonomy":"product_brand","embeddable":true,"href":"https:\/\/esfinge.mx\/inicio\/wp-json\/wp\/v2\/product_brand?post=1450"},{"taxonomy":"product_cat","embeddable":true,"href":"https:\/\/esfinge.mx\/inicio\/wp-json\/wp\/v2\/product_cat?post=1450"},{"taxonomy":"product_tag","embeddable":true,"href":"https:\/\/esfinge.mx\/inicio\/wp-json\/wp\/v2\/product_tag?post=1450"}],"curies":[{"name":"wp","href":"https:\/\/api.w.org\/{rel}","templated":true}]}}