{"id":1452,"date":"2022-08-04T13:38:29","date_gmt":"2022-08-04T13:38:29","guid":{"rendered":"https:\/\/esfinge.mx\/inicio\/?post_type=product&#038;p=1452"},"modified":"2026-03-29T02:00:09","modified_gmt":"2026-03-29T08:00:09","slug":"algebra-dgeti","status":"publish","type":"product","link":"https:\/\/esfinge.mx\/inicio\/producto\/algebra-dgeti\/","title":{"rendered":"Algebra (DGETI)"},"content":{"rendered":"<p class=\"p1\"><span class=\"s1\">Bloque 1 <\/span>De n\u00fameros a letras 9<\/p>\n<p class=\"p2\">Prop\u00f3sito 9<\/p>\n<p class=\"p2\">Eje 9<\/p>\n<p class=\"p2\">Contenido central 9<\/p>\n<p class=\"p2\">Aprendizajes esperados 9<\/p>\n<p class=\"p2\">Competencias gen\u00e9ricas 9<\/p>\n<p class=\"p2\">Competencias disciplinares 9<\/p>\n<p class=\"p3\">Formulario <span class=\"s2\">10<\/span><\/p>\n<p class=\"p3\">Evaluaci\u00f3n diagn\u00f3stica <span class=\"s2\">11<\/span><\/p>\n<p class=\"p4\">Desarrollo de Habilidades <span class=\"s3\">SOCIOEMOCIONALES 12<\/span><\/p>\n<p class=\"p5\">Lenguaje algebraico <span class=\"s4\">13<\/span><\/p>\n<p class=\"p5\">Expresiones algebraicas <span class=\"s4\">15<\/span><\/p>\n<p class=\"p5\">Evaluaci\u00f3n num\u00e9rica <span class=\"s4\">17<\/span><\/p>\n<p class=\"p5\">Razones y proporciones <span class=\"s4\">20<\/span><\/p>\n<p class=\"p5\">Reducci\u00f3n de t\u00e9rminos semejantes <span class=\"s4\">23<\/span><\/p>\n<p class=\"p3\">Reforzamiento <span class=\"s2\">25<\/span><\/p>\n<p class=\"p3\">Actividad transversal <span class=\"s2\">39<\/span><\/p>\n<p class=\"p6\">R\u00fabrica de evaluaci\u00f3n de actividad transversal 41<\/p>\n<p class=\"p1\"><span class=\"s1\">Bloque 2 <\/span>Operaciones fundamentales del \u00e1lgebra 43<\/p>\n<p class=\"p2\">Prop\u00f3sito 43<\/p>\n<p class=\"p2\">Eje 43<\/p>\n<p class=\"p2\">Contenido central 43<\/p>\n<p class=\"p2\">Aprendizajes esperados 43<\/p>\n<p class=\"p2\">Competencias gen\u00e9ricas 43<\/p>\n<p class=\"p2\">Competencias disciplinares 43<\/p>\n<p class=\"p1\">Multiplicaci\u00f3n algebraica (monomios, binomios<\/p>\n<p class=\"p1\">y polinomios) <span class=\"s1\">47<\/span><\/p>\n<p class=\"p1\">Divisi\u00f3n algebraica (monomios, binomios y polinomios) <span class=\"s1\">49<\/span><\/p>\n<p class=\"p1\">Productos notables (binomio al cuadrado, binomio conjugado,<\/p>\n<p class=\"p1\">binomio con t\u00e9rmino com\u00fan) <span class=\"s1\">53<\/span><\/p>\n<p class=\"p1\">Factorizaci\u00f3n (t\u00e9rmino com\u00fan, diferencia de cuadrados, trinomio<\/p>\n<p class=\"p1\">cuadrado perfecto) <span class=\"s1\">56<\/span><\/p>\n<p class=\"p2\">Reforzamiento <span class=\"s2\">64<\/span><\/p>\n<p class=\"p2\">Actividad transversal <span class=\"s2\">68<\/span><\/p>\n<p class=\"p3\">R\u00fabrica de evaluaci\u00f3n de actividad transversal 69<\/p>\n<p class=\"p4\"><span class=\"s3\">Bloque 3 <\/span>Modelos matem\u00e1ticos para solucionar casos<\/p>\n<p class=\"p4\">de aplicaci\u00f3n cotidiana 71<\/p>\n<p class=\"p5\">Prop\u00f3sito 71<\/p>\n<p class=\"p5\">Eje 71<\/p>\n<p class=\"p5\">Contenido central 71<\/p>\n<p class=\"p5\">Aprendizaje esperado 71<\/p>\n<p class=\"p5\">Competencias gen\u00e9ricas 71<\/p>\n<p class=\"p5\">Competencias disciplinares 71<\/p>\n<p class=\"p2\">Formulario <span class=\"s2\">72<\/span><\/p>\n<p class=\"p2\">Evaluaci\u00f3n diagn\u00f3stica <span class=\"s2\">73<\/span><\/p>\n<p class=\"p6\">Desarrollo de Habilidades <span class=\"s4\">SOCIOEMOCIONALES 74<\/span><\/p>\n<p class=\"p1\">Despejes <span class=\"s1\">75<\/span><\/p>\n<p class=\"p1\">Ecuaciones de primer grado <span class=\"s1\">79<\/span><\/p>\n<p class=\"p1\">Sistemas de ecuaciones (2 \u00c5~ 2 y 3 \u00c5~ 3) <span class=\"s1\">84<\/span><\/p>\n<p class=\"p2\">Sistema de ecuaciones de 2 \u00c5~ 2 <span class=\"s1\">84<\/span><\/p>\n<p class=\"p5\">M\u00e9todo de sustituci\u00f3n 85<\/p>\n<p class=\"p5\">M\u00e9todo de igualaci\u00f3n 88<\/p>\n<p class=\"p5\">M\u00e9todo de reducci\u00f3n 91<\/p>\n<p class=\"p2\">Sistema de ecuaciones de 3 \u00c5~ 3 <span class=\"s1\">93<\/span><\/p>\n","protected":false},"excerpt":{"rendered":"<p class=\"p1\">Karol Paulina Ju\u00e1rez Villeda<\/p>\n<p class=\"p1\">Lourdes Itzel Zapata Mart\u00edn<\/p>\n","protected":false},"featured_media":1453,"comment_status":"open","ping_status":"closed","template":"","meta":[],"product_brand":[],"product_cat":[21],"product_tag":[],"class_list":{"0":"post-1452","1":"product","2":"type-product","3":"status-publish","4":"has-post-thumbnail","6":"product_cat-media-superior","8":"first","9":"instock","10":"taxable","11":"shipping-taxable","12":"purchasable","13":"product-type-simple"},"_links":{"self":[{"href":"https:\/\/esfinge.mx\/inicio\/wp-json\/wp\/v2\/product\/1452","targetHints":{"allow":["GET"]}}],"collection":[{"href":"https:\/\/esfinge.mx\/inicio\/wp-json\/wp\/v2\/product"}],"about":[{"href":"https:\/\/esfinge.mx\/inicio\/wp-json\/wp\/v2\/types\/product"}],"replies":[{"embeddable":true,"href":"https:\/\/esfinge.mx\/inicio\/wp-json\/wp\/v2\/comments?post=1452"}],"wp:featuredmedia":[{"embeddable":true,"href":"https:\/\/esfinge.mx\/inicio\/wp-json\/wp\/v2\/media\/1453"}],"wp:attachment":[{"href":"https:\/\/esfinge.mx\/inicio\/wp-json\/wp\/v2\/media?parent=1452"}],"wp:term":[{"taxonomy":"product_brand","embeddable":true,"href":"https:\/\/esfinge.mx\/inicio\/wp-json\/wp\/v2\/product_brand?post=1452"},{"taxonomy":"product_cat","embeddable":true,"href":"https:\/\/esfinge.mx\/inicio\/wp-json\/wp\/v2\/product_cat?post=1452"},{"taxonomy":"product_tag","embeddable":true,"href":"https:\/\/esfinge.mx\/inicio\/wp-json\/wp\/v2\/product_tag?post=1452"}],"curies":[{"name":"wp","href":"https:\/\/api.w.org\/{rel}","templated":true}]}}