{"id":1456,"date":"2022-08-04T13:57:01","date_gmt":"2022-08-04T13:57:01","guid":{"rendered":"https:\/\/esfinge.mx\/inicio\/?post_type=product&#038;p=1456"},"modified":"2026-03-29T02:00:09","modified_gmt":"2026-03-29T08:00:09","slug":"calculo-integral-dgeti","status":"publish","type":"product","link":"https:\/\/esfinge.mx\/inicio\/producto\/calculo-integral-dgeti\/","title":{"rendered":"C\u00e1lculo Integral (DGETI)"},"content":{"rendered":"<p class=\"p1\">C\u00e1lculo de \u00e1reas por diferentes<\/p>\n<p class=\"p1\">m\u00e9todos &#8230;&#8230;&#8230;&#8230;&#8230;&#8230;&#8230;&#8230;&#8230;&#8230;&#8230;&#8230;&#8230;&#8230;&#8230;&#8230;&#8230;&#8230;.9<\/p>\n<p class=\"p2\">Prop\u00f3sito<\/p>\n<p class=\"p2\">Eje<\/p>\n<p class=\"p2\">Contenido central<\/p>\n<p class=\"p2\">Aprendizajes esperados<\/p>\n<p class=\"p2\">Competencias gen\u00e9ricas<\/p>\n<p class=\"p2\">Competencias disciplinares<\/p>\n<p class=\"p2\">Formulario &#8230;&#8230;&#8230;&#8230;&#8230;&#8230;&#8230;&#8230;&#8230;&#8230;&#8230;&#8230;&#8230;&#8230;&#8230;&#8230;&#8230;&#8230;&#8230;&#8230;&#8230;&#8230;&#8230;&#8230;&#8230;&#8230;&#8230;&#8230;&#8230;. 10<\/p>\n<p class=\"p2\">Evaluaci\u00f3n diagn\u00f3stica &#8230;&#8230;&#8230;&#8230;&#8230;&#8230;&#8230;&#8230;&#8230;&#8230;&#8230;&#8230;&#8230;&#8230;&#8230;&#8230;&#8230;&#8230;&#8230;&#8230;&#8230;&#8230;&#8230; 11<\/p>\n<p class=\"p3\">Desarrollo de Habilidades Socioemocionales &#8230;&#8230;..12<\/p>\n<p class=\"p4\">Origen del c\u00e1lculo integral &#8230;&#8230;&#8230;&#8230;&#8230;&#8230;&#8230;&#8230;&#8230;&#8230;&#8230;&#8230;.. 12<\/p>\n<p class=\"p5\">Una visi\u00f3n del c\u00e1lculo integral &#8230;&#8230;&#8230;&#8230;&#8230;&#8230;&#8230;&#8230;&#8230;&#8230;.13<\/p>\n<p class=\"p4\">C\u00e1lculo del \u00e1rea bajo la curva por exceso<\/p>\n<p class=\"p4\">y por defecto &#8230;&#8230;&#8230;&#8230;&#8230;&#8230;&#8230;&#8230;&#8230;&#8230;&#8230;&#8230;&#8230;&#8230;&#8230;&#8230;&#8230;&#8230;&#8230;&#8230; 14<\/p>\n<p class=\"p5\">C\u00e1lculo del \u00e1rea de figuras conocidas &#8230;&#8230;&#8230;&#8230;&#8230;&#8230;. 14<\/p>\n<p class=\"p5\">C\u00e1lculo del \u00e1rea de funciones constantes<\/p>\n<p class=\"p5\">y lineales &#8230;&#8230;&#8230;&#8230;&#8230;&#8230;&#8230;&#8230;&#8230;&#8230;&#8230;&#8230;&#8230;&#8230;&#8230;&#8230;&#8230;&#8230;&#8230;&#8230;&#8230;..17<\/p>\n<p class=\"p5\">C\u00e1lculo del \u00e1rea bajo la curva por el m\u00e9todo<\/p>\n<p class=\"p5\">de extremo izquierdo &#8230;&#8230;&#8230;&#8230;&#8230;&#8230;&#8230;&#8230;&#8230;&#8230;&#8230;&#8230;&#8230;&#8230;. 22<\/p>\n<p class=\"p5\">C\u00e1lculo del \u00e1rea bajo la curva por<\/p>\n<p class=\"p5\">el m\u00e9todo de extremo derecho &#8230;&#8230;&#8230;&#8230;&#8230;&#8230;&#8230;&#8230;&#8230;.26<\/p>\n<p class=\"p4\">C\u00e1lculo del \u00e1rea bajo la curva<\/p>\n<p class=\"p4\">por el m\u00e9todo de trapecios &#8230;&#8230;&#8230;&#8230;&#8230;&#8230;&#8230;&#8230;&#8230;&#8230;&#8230;&#8230;.. 31<\/p>\n<p class=\"p4\">Derivadas &#8230;&#8230;&#8230;&#8230;&#8230;&#8230;&#8230;&#8230;&#8230;&#8230;&#8230;&#8230;&#8230;&#8230;&#8230;&#8230;&#8230;&#8230;&#8230;&#8230;&#8230;36<\/p>\n<p class=\"p5\">Derivadas de funciones por f\u00f3rmula &#8230;&#8230;&#8230;&#8230;&#8230;&#8230;&#8230; 37<\/p>\n<p class=\"p5\">Antiderivadas y su relaci\u00f3n<\/p>\n<p class=\"p5\">con las derivadas &#8230;&#8230;&#8230;&#8230;&#8230;&#8230;&#8230;&#8230;&#8230;&#8230;&#8230;&#8230;&#8230;&#8230;&#8230;&#8230;.. 40<\/p>\n<p class=\"p1\">Aplicaci\u00f3n de la diferencial&#8230;&#8230;&#8230;&#8230;&#8230;&#8230;&#8230;..54<\/p>\n<p class=\"p2\">Prop\u00f3sito<\/p>\n<p class=\"p2\">Eje<\/p>\n<p class=\"p2\">Contenido central<\/p>\n<p class=\"p2\">Aprendizajes esperados<\/p>\n<p class=\"p2\">Competencias gen\u00e9ricas<\/p>\n<p class=\"p2\">Competencias disciplinares<\/p>\n<p class=\"p2\">Formulario &#8230;&#8230;&#8230;&#8230;&#8230;&#8230;&#8230;&#8230;&#8230;&#8230;&#8230;&#8230;&#8230;&#8230;&#8230;&#8230;&#8230;&#8230;&#8230;&#8230;&#8230;&#8230;&#8230;&#8230;&#8230;&#8230;&#8230;&#8230;&#8230;.56<\/p>\n<p class=\"p2\">Evaluaci\u00f3n diagn\u00f3stica &#8230;&#8230;&#8230;&#8230;&#8230;&#8230;&#8230;&#8230;&#8230;&#8230;&#8230;&#8230;&#8230;&#8230;&#8230;&#8230;&#8230;&#8230;&#8230;&#8230;&#8230;&#8230;..57<\/p>\n<p class=\"p3\">Desarrollo de Habilidades Socioemocionales &#8230;&#8230;.59<\/p>\n<p class=\"p4\">Construcci\u00f3n de tablas de integraci\u00f3n &#8230;&#8230;&#8230;&#8230;&#8230;&#8230;59<\/p>\n<p class=\"p5\">Integral definida &#8230;&#8230;&#8230;&#8230;&#8230;&#8230;&#8230;&#8230;&#8230;&#8230;&#8230;&#8230;&#8230;&#8230;&#8230;&#8230;&#8230;.59<\/p>\n<p class=\"p4\">Integraci\u00f3n de funciones inmediatas &#8230;&#8230;&#8230;&#8230;&#8230;&#8230;..63<\/p>\n<p class=\"p5\">C\u00e1lculo de la constante de integraci\u00f3n &#8230;&#8230;&#8230;&#8230;&#8230;..66<\/p>\n<p class=\"p4\">Teorema fundamental del c\u00e1lculo &#8230;&#8230;&#8230;&#8230;&#8230;&#8230;&#8230;&#8230;.69<\/p>\n<p class=\"p4\">Aplicaciones de la integral &#8230;&#8230;&#8230;&#8230;&#8230;&#8230;&#8230;&#8230;&#8230;&#8230;&#8230;&#8230;. 74<\/p>\n<p class=\"p1\">T\u00e9cnicas de integraci\u00f3n y sucesiones &#8230;..88<\/p>\n<p class=\"p2\">Prop\u00f3sito<\/p>\n<p class=\"p2\">Eje<\/p>\n<p class=\"p2\">Contenido central<\/p>\n<p class=\"p2\">Aprendizajes esperados<\/p>\n<p class=\"p2\">Competencias gen\u00e9ricas<\/p>\n<p class=\"p2\">Competencias disciplinares<\/p>\n<p class=\"p2\">Formulario &#8230;&#8230;&#8230;&#8230;&#8230;&#8230;&#8230;&#8230;&#8230;&#8230;&#8230;&#8230;&#8230;&#8230;&#8230;&#8230;&#8230;&#8230;&#8230;&#8230;&#8230;&#8230;&#8230;&#8230;&#8230;&#8230;&#8230;&#8230;&#8230; 90<\/p>\n<p class=\"p2\">Evaluaci\u00f3n diagn\u00f3stica &#8230;&#8230;&#8230;&#8230;&#8230;&#8230;&#8230;&#8230;&#8230;&#8230;&#8230;&#8230;&#8230;&#8230;&#8230;&#8230;&#8230;&#8230;&#8230;&#8230;&#8230;&#8230;.. 91<\/p>\n<p class=\"p3\">Desarrollo de Habilidades Socioemocionales &#8230;&#8230;.92<\/p>\n<p class=\"p4\">Integraci\u00f3n por sustituci\u00f3n<\/p>\n<p class=\"p4\">o cambio de variable &#8230;&#8230;&#8230;&#8230;&#8230;&#8230;&#8230;&#8230;&#8230;&#8230;&#8230;&#8230;&#8230;&#8230;&#8230;.92<\/p>\n<p class=\"p4\">Integraci\u00f3n por partes &#8230;&#8230;&#8230;&#8230;&#8230;&#8230;&#8230;&#8230;&#8230;&#8230;&#8230;&#8230;&#8230;&#8230;..96<\/p>\n<p class=\"p4\">Integraci\u00f3n por sustituci\u00f3n trigonom\u00e9trica &#8230;&#8230;&#8230;.100<\/p>\n<p class=\"p4\">Volumen de s\u00f3lido de revoluci\u00f3n &#8230;&#8230;&#8230;&#8230;&#8230;&#8230;&#8230;&#8230;..108<\/p>\n<p class=\"p5\">M\u00e9todo de discos &#8230;&#8230;&#8230;&#8230;&#8230;&#8230;&#8230;&#8230;&#8230;&#8230;&#8230;&#8230;&#8230;&#8230;&#8230;&#8230; 108<\/p>\n<p class=\"p6\">S\u00f3lidos sin huecos &#8230;&#8230;&#8230;&#8230;&#8230;&#8230;&#8230;&#8230;&#8230;&#8230;&#8230;&#8230;&#8230;&#8230;&#8230;&#8230;&#8230;&#8230;.. 108<\/p>\n<p class=\"p5\">M\u00e9todo de arandelas &#8230;&#8230;&#8230;&#8230;&#8230;&#8230;&#8230;&#8230;&#8230;&#8230;&#8230;&#8230;&#8230;&#8230;.. 110<\/p>\n<p class=\"p6\">S\u00f3lidos huecos &#8230;&#8230;&#8230;&#8230;&#8230;&#8230;&#8230;&#8230;&#8230;&#8230;&#8230;&#8230;&#8230;&#8230;&#8230;&#8230;&#8230;&#8230;&#8230;&#8230;&#8230; 110<\/p>\n","protected":false},"excerpt":{"rendered":"<p class=\"p1\">Roc\u00edo Garc\u00eda Garc\u00eda<\/p>\n<p class=\"p1\">Mart\u00edn V\u00e1zquez Labrada<\/p>\n","protected":false},"featured_media":1458,"comment_status":"open","ping_status":"closed","template":"","meta":[],"product_brand":[],"product_cat":[21],"product_tag":[],"class_list":{"0":"post-1456","1":"product","2":"type-product","3":"status-publish","4":"has-post-thumbnail","6":"product_cat-media-superior","8":"first","9":"instock","10":"taxable","11":"shipping-taxable","12":"purchasable","13":"product-type-simple"},"_links":{"self":[{"href":"https:\/\/esfinge.mx\/inicio\/wp-json\/wp\/v2\/product\/1456","targetHints":{"allow":["GET"]}}],"collection":[{"href":"https:\/\/esfinge.mx\/inicio\/wp-json\/wp\/v2\/product"}],"about":[{"href":"https:\/\/esfinge.mx\/inicio\/wp-json\/wp\/v2\/types\/product"}],"replies":[{"embeddable":true,"href":"https:\/\/esfinge.mx\/inicio\/wp-json\/wp\/v2\/comments?post=1456"}],"wp:featuredmedia":[{"embeddable":true,"href":"https:\/\/esfinge.mx\/inicio\/wp-json\/wp\/v2\/media\/1458"}],"wp:attachment":[{"href":"https:\/\/esfinge.mx\/inicio\/wp-json\/wp\/v2\/media?parent=1456"}],"wp:term":[{"taxonomy":"product_brand","embeddable":true,"href":"https:\/\/esfinge.mx\/inicio\/wp-json\/wp\/v2\/product_brand?post=1456"},{"taxonomy":"product_cat","embeddable":true,"href":"https:\/\/esfinge.mx\/inicio\/wp-json\/wp\/v2\/product_cat?post=1456"},{"taxonomy":"product_tag","embeddable":true,"href":"https:\/\/esfinge.mx\/inicio\/wp-json\/wp\/v2\/product_tag?post=1456"}],"curies":[{"name":"wp","href":"https:\/\/api.w.org\/{rel}","templated":true}]}}