{"id":1615,"date":"2023-02-16T16:02:27","date_gmt":"2023-02-16T16:02:27","guid":{"rendered":"https:\/\/esfinge.mx\/inicio\/?post_type=product&#038;p=1615"},"modified":"2026-03-29T02:00:16","modified_gmt":"2026-03-29T08:00:16","slug":"geometria-y-trigonometria-dgeti","status":"publish","type":"product","link":"https:\/\/esfinge.mx\/inicio\/producto\/geometria-y-trigonometria-dgeti\/","title":{"rendered":"Geometr\u00eda y trigonometr\u00eda DGETI"},"content":{"rendered":"<p>Descripci\u00f3n<\/p>\n<p>1. Poli\u00e1ngulos<\/p>\n<p>2. Forma, espacio y medida<\/p>\n<p>3. Base, altura y escalera<\/p>\n","protected":false},"excerpt":{"rendered":"<p>Esmeralda Guadalupe Aguilar Jim\u00e9nez<\/p>\n<p>Joaqu\u00edn Vera Gonz\u00e1lez<\/p>\n","protected":false},"featured_media":1616,"comment_status":"open","ping_status":"closed","template":"","meta":[],"product_brand":[],"product_cat":[15,21],"product_tag":[],"class_list":{"0":"post-1615","1":"product","2":"type-product","3":"status-publish","4":"has-post-thumbnail","6":"product_cat-novedades2023","7":"product_cat-media-superior","9":"first","10":"instock","11":"taxable","12":"shipping-taxable","13":"purchasable","14":"product-type-simple"},"_links":{"self":[{"href":"https:\/\/esfinge.mx\/inicio\/wp-json\/wp\/v2\/product\/1615","targetHints":{"allow":["GET"]}}],"collection":[{"href":"https:\/\/esfinge.mx\/inicio\/wp-json\/wp\/v2\/product"}],"about":[{"href":"https:\/\/esfinge.mx\/inicio\/wp-json\/wp\/v2\/types\/product"}],"replies":[{"embeddable":true,"href":"https:\/\/esfinge.mx\/inicio\/wp-json\/wp\/v2\/comments?post=1615"}],"wp:featuredmedia":[{"embeddable":true,"href":"https:\/\/esfinge.mx\/inicio\/wp-json\/wp\/v2\/media\/1616"}],"wp:attachment":[{"href":"https:\/\/esfinge.mx\/inicio\/wp-json\/wp\/v2\/media?parent=1615"}],"wp:term":[{"taxonomy":"product_brand","embeddable":true,"href":"https:\/\/esfinge.mx\/inicio\/wp-json\/wp\/v2\/product_brand?post=1615"},{"taxonomy":"product_cat","embeddable":true,"href":"https:\/\/esfinge.mx\/inicio\/wp-json\/wp\/v2\/product_cat?post=1615"},{"taxonomy":"product_tag","embeddable":true,"href":"https:\/\/esfinge.mx\/inicio\/wp-json\/wp\/v2\/product_tag?post=1615"}],"curies":[{"name":"wp","href":"https:\/\/api.w.org\/{rel}","templated":true}]}}