{"id":1619,"date":"2023-02-16T16:08:52","date_gmt":"2023-02-16T16:08:52","guid":{"rendered":"https:\/\/esfinge.mx\/inicio\/?post_type=product&#038;p=1619"},"modified":"2026-03-29T02:00:31","modified_gmt":"2026-03-29T08:00:31","slug":"temas-selectos-de-filosofia-dgeti","status":"publish","type":"product","link":"https:\/\/esfinge.mx\/inicio\/producto\/temas-selectos-de-filosofia-dgeti\/","title":{"rendered":"Temas Selectos de Filosof\u00eda DGETI"},"content":{"rendered":"<p>Descripci\u00f3n<\/p>\n<p>1. C\u00f3mo nos relacionamos con el mundo<\/p>\n<p>2. Ideas, creencias y conocimientos<\/p>\n<p>3. La naturaleza humana<\/p>\n<p>4. Arte, expresi\u00f3n y apreciaci\u00f3n art\u00edstica<\/p>\n<p>5. El ser humano en la sociedad<\/p>\n<p>6. El sentido de la vida humana<\/p>\n","protected":false},"excerpt":{"rendered":"<p>Jos\u00e9 Daniel Pi\u00f1\u00f3n Cuenca<\/p>\n<p>Jos\u00e9 Nava D\u00edaz<\/p>\n","protected":false},"featured_media":1620,"comment_status":"open","ping_status":"closed","template":"","meta":[],"product_brand":[],"product_cat":[15,35],"product_tag":[],"class_list":{"0":"post-1619","1":"product","2":"type-product","3":"status-publish","4":"has-post-thumbnail","6":"product_cat-novedades2023","7":"product_cat-literatura","9":"first","10":"instock","11":"taxable","12":"shipping-taxable","13":"purchasable","14":"product-type-simple"},"_links":{"self":[{"href":"https:\/\/esfinge.mx\/inicio\/wp-json\/wp\/v2\/product\/1619","targetHints":{"allow":["GET"]}}],"collection":[{"href":"https:\/\/esfinge.mx\/inicio\/wp-json\/wp\/v2\/product"}],"about":[{"href":"https:\/\/esfinge.mx\/inicio\/wp-json\/wp\/v2\/types\/product"}],"replies":[{"embeddable":true,"href":"https:\/\/esfinge.mx\/inicio\/wp-json\/wp\/v2\/comments?post=1619"}],"wp:featuredmedia":[{"embeddable":true,"href":"https:\/\/esfinge.mx\/inicio\/wp-json\/wp\/v2\/media\/1620"}],"wp:attachment":[{"href":"https:\/\/esfinge.mx\/inicio\/wp-json\/wp\/v2\/media?parent=1619"}],"wp:term":[{"taxonomy":"product_brand","embeddable":true,"href":"https:\/\/esfinge.mx\/inicio\/wp-json\/wp\/v2\/product_brand?post=1619"},{"taxonomy":"product_cat","embeddable":true,"href":"https:\/\/esfinge.mx\/inicio\/wp-json\/wp\/v2\/product_cat?post=1619"},{"taxonomy":"product_tag","embeddable":true,"href":"https:\/\/esfinge.mx\/inicio\/wp-json\/wp\/v2\/product_tag?post=1619"}],"curies":[{"name":"wp","href":"https:\/\/api.w.org\/{rel}","templated":true}]}}