{"id":1690,"date":"2023-03-23T15:21:13","date_gmt":"2023-03-23T15:21:13","guid":{"rendered":"https:\/\/esfinge.mx\/inicio\/?post_type=product&#038;p=1690"},"modified":"2026-03-29T02:00:15","modified_gmt":"2026-03-29T08:00:15","slug":"grandes-lectores-2-secundaria-2","status":"publish","type":"product","link":"https:\/\/esfinge.mx\/inicio\/producto\/grandes-lectores-2-secundaria-2\/","title":{"rendered":"Grandes lectores 2. Secundaria"},"content":{"rendered":"<p>Cuaderno de trabajo con secuencias did\u00e1cticas para el desarrollo de estrategias de comprensi\u00f3n lectora y producci\u00f3n de textos.<\/p>\n<p>Se abordan los siguientes aspectos para la comprensi\u00f3n lectora: recuperaci\u00f3n, interpretaci\u00f3n, reflexi\u00f3n y evaluaci\u00f3n cr\u00edtica y reflexi\u00f3n sobre la lengua.<\/p>\n<p>Incluye actividades para la producci\u00f3n de textos: planificaci\u00f3n, textualizaci\u00f3n y revisi\u00f3n.<\/p>\n<p>Presenta secciones de reforzamiento de gram\u00e1tica, ortograf\u00eda y de evaluaci\u00f3n.<\/p>\n<p>Propicia el desarrollo de habilidades comunicativas.<\/p>\n<p>Campo formativo: Lenguajes<\/p>\n","protected":false},"excerpt":{"rendered":"<p>Leonor Bastida<\/p>\n","protected":false},"featured_media":1691,"comment_status":"open","ping_status":"closed","template":"","meta":[],"product_brand":[],"product_cat":[15,18],"product_tag":[],"class_list":{"0":"post-1690","1":"product","2":"type-product","3":"status-publish","4":"has-post-thumbnail","6":"product_cat-novedades2023","7":"product_cat-secundaria","9":"first","10":"instock","11":"taxable","12":"shipping-taxable","13":"purchasable","14":"product-type-simple"},"_links":{"self":[{"href":"https:\/\/esfinge.mx\/inicio\/wp-json\/wp\/v2\/product\/1690","targetHints":{"allow":["GET"]}}],"collection":[{"href":"https:\/\/esfinge.mx\/inicio\/wp-json\/wp\/v2\/product"}],"about":[{"href":"https:\/\/esfinge.mx\/inicio\/wp-json\/wp\/v2\/types\/product"}],"replies":[{"embeddable":true,"href":"https:\/\/esfinge.mx\/inicio\/wp-json\/wp\/v2\/comments?post=1690"}],"wp:featuredmedia":[{"embeddable":true,"href":"https:\/\/esfinge.mx\/inicio\/wp-json\/wp\/v2\/media\/1691"}],"wp:attachment":[{"href":"https:\/\/esfinge.mx\/inicio\/wp-json\/wp\/v2\/media?parent=1690"}],"wp:term":[{"taxonomy":"product_brand","embeddable":true,"href":"https:\/\/esfinge.mx\/inicio\/wp-json\/wp\/v2\/product_brand?post=1690"},{"taxonomy":"product_cat","embeddable":true,"href":"https:\/\/esfinge.mx\/inicio\/wp-json\/wp\/v2\/product_cat?post=1690"},{"taxonomy":"product_tag","embeddable":true,"href":"https:\/\/esfinge.mx\/inicio\/wp-json\/wp\/v2\/product_tag?post=1690"}],"curies":[{"name":"wp","href":"https:\/\/api.w.org\/{rel}","templated":true}]}}