{"id":174,"date":"2021-09-22T16:50:59","date_gmt":"2021-09-22T16:50:59","guid":{"rendered":"https:\/\/esfinge.mx\/inicio\/?product=historia-de-las-religiones"},"modified":"2026-03-29T02:00:18","modified_gmt":"2026-03-29T08:00:18","slug":"historia-de-las-religiones","status":"publish","type":"product","link":"https:\/\/esfinge.mx\/inicio\/producto\/historia-de-las-religiones\/","title":{"rendered":"Historia de las religiones"},"content":{"rendered":"<div class=\"caracteristicas\"><b class=\"subtitulo\">Resumen<\/b><\/div>\n<div class=\"caracteristicas\">Parte de una colecci\u00f3n de 9 tomos. Las religiones representan uno de los ejemplos m\u00e1s distinguidos del idealismo del hombre. Pero, como todo en la existencia humana, su mal entendimiento o empleo inadecuado, puede conducir a graves equivocaciones, tal es el caso del fundamentalismo. Afortunadamente, este no es el caso de nuestro pa\u00eds; M\u00e9xico es una sociedad religiosa que ha sabido desarrollarse dentro de un Estado laico, lo cual es una manifestaci\u00f3n de modernidad pues en nuestro pa\u00eds han sabido coexistir los llamados poder temporal y eterno independientemente de cuales sean nuestras creencias. De esto y m\u00e1s encontrar\u00e1n en este tomo.<\/div>\n","protected":false},"excerpt":{"rendered":"<p>Federico Ortiz Quezada<\/p>\n","protected":false},"featured_media":695,"comment_status":"open","ping_status":"closed","template":"","meta":[],"product_brand":[],"product_cat":[35],"product_tag":[],"class_list":{"0":"post-174","1":"product","2":"type-product","3":"status-publish","4":"has-post-thumbnail","6":"product_cat-literatura","8":"first","9":"instock","10":"taxable","11":"shipping-taxable","12":"purchasable","13":"product-type-simple"},"_links":{"self":[{"href":"https:\/\/esfinge.mx\/inicio\/wp-json\/wp\/v2\/product\/174","targetHints":{"allow":["GET"]}}],"collection":[{"href":"https:\/\/esfinge.mx\/inicio\/wp-json\/wp\/v2\/product"}],"about":[{"href":"https:\/\/esfinge.mx\/inicio\/wp-json\/wp\/v2\/types\/product"}],"replies":[{"embeddable":true,"href":"https:\/\/esfinge.mx\/inicio\/wp-json\/wp\/v2\/comments?post=174"}],"wp:featuredmedia":[{"embeddable":true,"href":"https:\/\/esfinge.mx\/inicio\/wp-json\/wp\/v2\/media\/695"}],"wp:attachment":[{"href":"https:\/\/esfinge.mx\/inicio\/wp-json\/wp\/v2\/media?parent=174"}],"wp:term":[{"taxonomy":"product_brand","embeddable":true,"href":"https:\/\/esfinge.mx\/inicio\/wp-json\/wp\/v2\/product_brand?post=174"},{"taxonomy":"product_cat","embeddable":true,"href":"https:\/\/esfinge.mx\/inicio\/wp-json\/wp\/v2\/product_cat?post=174"},{"taxonomy":"product_tag","embeddable":true,"href":"https:\/\/esfinge.mx\/inicio\/wp-json\/wp\/v2\/product_tag?post=174"}],"curies":[{"name":"wp","href":"https:\/\/api.w.org\/{rel}","templated":true}]}}