{"id":175,"date":"2021-09-22T16:50:59","date_gmt":"2021-09-22T16:50:59","guid":{"rendered":"https:\/\/esfinge.mx\/inicio\/?product=invencion-de-la-escritura"},"modified":"2026-03-29T02:00:24","modified_gmt":"2026-03-29T08:00:24","slug":"invencion-de-la-escritura","status":"publish","type":"product","link":"https:\/\/esfinge.mx\/inicio\/producto\/invencion-de-la-escritura\/","title":{"rendered":"Invenci\u00f3n de la escritura"},"content":{"rendered":"<div class=\"caracteristicas\"><b class=\"subtitulo\">Resumen<\/b><\/div>\n<div class=\"caracteristicas\">Parte de una colecci\u00f3n de 9 tomos. El ser humano, al escribir, se ve obligado a reflexionar y con ello la conciencia va ampli\u00e1ndose sobre s\u00ed misma, es decir, se auto-alimenta y al hacerlo va descubriendo, no nada m\u00e1s el mundo exterior que rese\u00f1a, sino el mundo interior, el de las emociones, el de los sentimientos, el de la raz\u00f3n. \u201cMe ense\u00f1\u00e9 a m\u00ed misma, escribiendo\u201d, afirma Anais Nin. As\u00ed, va construy\u00e9ndose lo humano como lo conocemos: tomando trazos simplificados de la pintura, l\u00edneas que se convierten en palabras, s\u00edmbolos representativos del mundo percibido, relatos de los hechos que uno tras otro conforman la Historia, narraciones de lo que el ser humano es y quiere llegar a ser, se crea la literatura, la filosof\u00eda y la ciencia mediante un lenguaje que expresa el Universo todo. De esto y m\u00e1s encontrar\u00e1n en este tomo.<\/div>\n","protected":false},"excerpt":{"rendered":"<p>Federico Ortiz Quezada<\/p>\n","protected":false},"featured_media":696,"comment_status":"open","ping_status":"closed","template":"","meta":[],"product_brand":[],"product_cat":[35],"product_tag":[],"class_list":{"0":"post-175","1":"product","2":"type-product","3":"status-publish","4":"has-post-thumbnail","6":"product_cat-literatura","8":"first","9":"instock","10":"taxable","11":"shipping-taxable","12":"purchasable","13":"product-type-simple"},"_links":{"self":[{"href":"https:\/\/esfinge.mx\/inicio\/wp-json\/wp\/v2\/product\/175","targetHints":{"allow":["GET"]}}],"collection":[{"href":"https:\/\/esfinge.mx\/inicio\/wp-json\/wp\/v2\/product"}],"about":[{"href":"https:\/\/esfinge.mx\/inicio\/wp-json\/wp\/v2\/types\/product"}],"replies":[{"embeddable":true,"href":"https:\/\/esfinge.mx\/inicio\/wp-json\/wp\/v2\/comments?post=175"}],"wp:featuredmedia":[{"embeddable":true,"href":"https:\/\/esfinge.mx\/inicio\/wp-json\/wp\/v2\/media\/696"}],"wp:attachment":[{"href":"https:\/\/esfinge.mx\/inicio\/wp-json\/wp\/v2\/media?parent=175"}],"wp:term":[{"taxonomy":"product_brand","embeddable":true,"href":"https:\/\/esfinge.mx\/inicio\/wp-json\/wp\/v2\/product_brand?post=175"},{"taxonomy":"product_cat","embeddable":true,"href":"https:\/\/esfinge.mx\/inicio\/wp-json\/wp\/v2\/product_cat?post=175"},{"taxonomy":"product_tag","embeddable":true,"href":"https:\/\/esfinge.mx\/inicio\/wp-json\/wp\/v2\/product_tag?post=175"}],"curies":[{"name":"wp","href":"https:\/\/api.w.org\/{rel}","templated":true}]}}