{"id":1752,"date":"2023-05-30T16:48:59","date_gmt":"2023-05-30T16:48:59","guid":{"rendered":"https:\/\/esfinge.mx\/inicio\/?post_type=product&#038;p=1752"},"modified":"2026-03-29T02:00:08","modified_gmt":"2026-03-29T08:00:08","slug":"alfa-matematicas-preescolar-1","status":"publish","type":"product","link":"https:\/\/esfinge.mx\/inicio\/producto\/alfa-matematicas-preescolar-1\/","title":{"rendered":"Alfa matem\u00e1ticas preescolar 1"},"content":{"rendered":"<p>Cuadernos de trabajo con actividades y ejercicios para el desarrollo de competencias matem\u00e1ticas.<br \/>\n\u2022\tInstrucciones sencillas.<br \/>\n\u2022\tEstilos de aprendizaje indicados con iconos o c\u00f3digos visuales para identificar la actividad que va a realizar.<br \/>\n\u2022\tDiversidad de actividades y ejercicios enfocados en lo art\u00edstico, experimental, observaci\u00f3n de la naturaleza, canto, baile, reflexi\u00f3n, di\u00e1logo, juegos de mesa, caligraf\u00eda y manualidades en la que emplea materiales.<br \/>\n\u2022\tProblemas para iniciar a sumar y restar, as\u00ed como ejercicios de repaso.<br \/>\n\u2022\tProyectos STEAM vinculados a la NEM los cuales fomentan el aprendizaje basado en la indagaci\u00f3n.<\/p>\n","protected":false},"excerpt":{"rendered":"<p>Elsa Susana Dom\u00ednguez Caballero<br \/>\nMar\u00eda del Refugio Mart\u00ednez Trevi\u00f1o<\/p>\n","protected":false},"featured_media":1753,"comment_status":"open","ping_status":"closed","template":"","meta":[],"product_brand":[],"product_cat":[15,16],"product_tag":[],"class_list":{"0":"post-1752","1":"product","2":"type-product","3":"status-publish","4":"has-post-thumbnail","6":"product_cat-novedades2023","7":"product_cat-preescolar","9":"first","10":"instock","11":"taxable","12":"shipping-taxable","13":"purchasable","14":"product-type-simple"},"_links":{"self":[{"href":"https:\/\/esfinge.mx\/inicio\/wp-json\/wp\/v2\/product\/1752","targetHints":{"allow":["GET"]}}],"collection":[{"href":"https:\/\/esfinge.mx\/inicio\/wp-json\/wp\/v2\/product"}],"about":[{"href":"https:\/\/esfinge.mx\/inicio\/wp-json\/wp\/v2\/types\/product"}],"replies":[{"embeddable":true,"href":"https:\/\/esfinge.mx\/inicio\/wp-json\/wp\/v2\/comments?post=1752"}],"wp:featuredmedia":[{"embeddable":true,"href":"https:\/\/esfinge.mx\/inicio\/wp-json\/wp\/v2\/media\/1753"}],"wp:attachment":[{"href":"https:\/\/esfinge.mx\/inicio\/wp-json\/wp\/v2\/media?parent=1752"}],"wp:term":[{"taxonomy":"product_brand","embeddable":true,"href":"https:\/\/esfinge.mx\/inicio\/wp-json\/wp\/v2\/product_brand?post=1752"},{"taxonomy":"product_cat","embeddable":true,"href":"https:\/\/esfinge.mx\/inicio\/wp-json\/wp\/v2\/product_cat?post=1752"},{"taxonomy":"product_tag","embeddable":true,"href":"https:\/\/esfinge.mx\/inicio\/wp-json\/wp\/v2\/product_tag?post=1752"}],"curies":[{"name":"wp","href":"https:\/\/api.w.org\/{rel}","templated":true}]}}