{"id":176,"date":"2021-09-22T16:50:59","date_gmt":"2021-09-22T16:50:59","guid":{"rendered":"https:\/\/esfinge.mx\/inicio\/?product=la-primera-palabra"},"modified":"2026-03-29T02:00:24","modified_gmt":"2026-03-29T08:00:24","slug":"la-primera-palabra","status":"publish","type":"product","link":"https:\/\/esfinge.mx\/inicio\/producto\/la-primera-palabra\/","title":{"rendered":"La primera palabra"},"content":{"rendered":"<div class=\"caracteristicas\"><b class=\"subtitulo\">Resumen<\/b><\/div>\n<div class=\"caracteristicas\">Parte de una colecci\u00f3n de 9 tomos. El t\u00e9rmino lenguaje proviene de la palabra de origen provenzal lenguaje y se refiere a la forma de comunicaci\u00f3n verbal exclusiva del hombre. Este vocablo se ha hecho extensivo a las distintas formas de comunicaci\u00f3n, tanto de los animales como del ser humano, as\u00ed se habla del lenguaje de los delfines, de los monos, de las aves, del lenguaje pict\u00f3nico musical, etc., por lo que se entiende al lenguaje como sin\u00f3nimo de comunicaci\u00f3n mediante la cual los seres humanos hemos desarrollado una capacidad excepcional. De esto y m\u00e1s encontrar\u00e1n en este tomo.<\/div>\n","protected":false},"excerpt":{"rendered":"<p>Federico Ortiz Quezada<\/p>\n","protected":false},"featured_media":697,"comment_status":"open","ping_status":"closed","template":"","meta":[],"product_brand":[],"product_cat":[35],"product_tag":[],"class_list":{"0":"post-176","1":"product","2":"type-product","3":"status-publish","4":"has-post-thumbnail","6":"product_cat-literatura","8":"first","9":"instock","10":"taxable","11":"shipping-taxable","12":"purchasable","13":"product-type-simple"},"_links":{"self":[{"href":"https:\/\/esfinge.mx\/inicio\/wp-json\/wp\/v2\/product\/176","targetHints":{"allow":["GET"]}}],"collection":[{"href":"https:\/\/esfinge.mx\/inicio\/wp-json\/wp\/v2\/product"}],"about":[{"href":"https:\/\/esfinge.mx\/inicio\/wp-json\/wp\/v2\/types\/product"}],"replies":[{"embeddable":true,"href":"https:\/\/esfinge.mx\/inicio\/wp-json\/wp\/v2\/comments?post=176"}],"wp:featuredmedia":[{"embeddable":true,"href":"https:\/\/esfinge.mx\/inicio\/wp-json\/wp\/v2\/media\/697"}],"wp:attachment":[{"href":"https:\/\/esfinge.mx\/inicio\/wp-json\/wp\/v2\/media?parent=176"}],"wp:term":[{"taxonomy":"product_brand","embeddable":true,"href":"https:\/\/esfinge.mx\/inicio\/wp-json\/wp\/v2\/product_brand?post=176"},{"taxonomy":"product_cat","embeddable":true,"href":"https:\/\/esfinge.mx\/inicio\/wp-json\/wp\/v2\/product_cat?post=176"},{"taxonomy":"product_tag","embeddable":true,"href":"https:\/\/esfinge.mx\/inicio\/wp-json\/wp\/v2\/product_tag?post=176"}],"curies":[{"name":"wp","href":"https:\/\/api.w.org\/{rel}","templated":true}]}}