{"id":1764,"date":"2023-05-30T17:07:28","date_gmt":"2023-05-30T17:07:28","guid":{"rendered":"https:\/\/esfinge.mx\/inicio\/?post_type=product&#038;p=1764"},"modified":"2026-03-29T02:00:15","modified_gmt":"2026-03-29T08:00:15","slug":"integradito-preescolar-1","status":"publish","type":"product","link":"https:\/\/esfinge.mx\/inicio\/producto\/integradito-preescolar-1\/","title":{"rendered":"Integradito preescolar 1"},"content":{"rendered":"<p>Cuadernos integrados con actividades relacionadas con los campos formativos de la Nueva Escuela Mexicana:<br \/>\n\u2022\t\u00c9tica, naturaleza y sociedades<br \/>\n\u2022\tSaberes y pensamiento cient\u00edfico<br \/>\n\u2022\tLenguajes<br \/>\n\u2022\tDe lo humano y comunitario<br \/>\nCada actividad incluye informaci\u00f3n del programa de la NEM en cada p\u00e1gina:<br \/>\n\u2022\tCampo formativo, con un icono representativo.<br \/>\n\u2022\tIntenci\u00f3n did\u00e1ctica, la cual deber\u00e1 relacionarse con la habilidad o destreza congnitiva a desarrollar.<br \/>\n\u2022\tEje articulador<br \/>\n\u2022\tMateriales<br \/>\n\u2022\tSugerencias did\u00e1cticas<br \/>\nIncluye propuestas de evaluaci\u00f3n diagn\u00f3stica, formativa y sumativa.<\/p>\n","protected":false},"excerpt":{"rendered":"<p>Esfinge<\/p>\n","protected":false},"featured_media":1765,"comment_status":"open","ping_status":"closed","template":"","meta":[],"product_brand":[],"product_cat":[15,16],"product_tag":[],"class_list":{"0":"post-1764","1":"product","2":"type-product","3":"status-publish","4":"has-post-thumbnail","6":"product_cat-novedades2023","7":"product_cat-preescolar","9":"first","10":"instock","11":"taxable","12":"shipping-taxable","13":"purchasable","14":"product-type-simple"},"_links":{"self":[{"href":"https:\/\/esfinge.mx\/inicio\/wp-json\/wp\/v2\/product\/1764","targetHints":{"allow":["GET"]}}],"collection":[{"href":"https:\/\/esfinge.mx\/inicio\/wp-json\/wp\/v2\/product"}],"about":[{"href":"https:\/\/esfinge.mx\/inicio\/wp-json\/wp\/v2\/types\/product"}],"replies":[{"embeddable":true,"href":"https:\/\/esfinge.mx\/inicio\/wp-json\/wp\/v2\/comments?post=1764"}],"wp:featuredmedia":[{"embeddable":true,"href":"https:\/\/esfinge.mx\/inicio\/wp-json\/wp\/v2\/media\/1765"}],"wp:attachment":[{"href":"https:\/\/esfinge.mx\/inicio\/wp-json\/wp\/v2\/media?parent=1764"}],"wp:term":[{"taxonomy":"product_brand","embeddable":true,"href":"https:\/\/esfinge.mx\/inicio\/wp-json\/wp\/v2\/product_brand?post=1764"},{"taxonomy":"product_cat","embeddable":true,"href":"https:\/\/esfinge.mx\/inicio\/wp-json\/wp\/v2\/product_cat?post=1764"},{"taxonomy":"product_tag","embeddable":true,"href":"https:\/\/esfinge.mx\/inicio\/wp-json\/wp\/v2\/product_tag?post=1764"}],"curies":[{"name":"wp","href":"https:\/\/api.w.org\/{rel}","templated":true}]}}