{"id":1790,"date":"2023-05-30T17:50:42","date_gmt":"2023-05-30T17:50:42","guid":{"rendered":"https:\/\/esfinge.mx\/inicio\/?post_type=product&#038;p=1790"},"modified":"2026-03-29T02:00:30","modified_gmt":"2026-03-29T08:00:30","slug":"ortografia-5-primaria","status":"publish","type":"product","link":"https:\/\/esfinge.mx\/inicio\/producto\/ortografia-5-primaria\/","title":{"rendered":"Ortograf\u00eda 5. Primaria"},"content":{"rendered":"<p>\u2022\tCuadernos de trabajo que ofrecen herramientas necesarias para el aprendizaje de la ortograf\u00eda.<br \/>\n\u2022\tLas actividades apoyan la correcta escritura de las palabras.<br \/>\n\u2022\tVariedad de soluciones a las dudas ortogr\u00e1ficas y de redacci\u00f3n m\u00e1s recurrentes.<br \/>\n\u2022\tSe analizan las reglas ortogr\u00e1ficas, el sistema de signos y se realizan an\u00e1lisis de textos.<\/p>\n","protected":false},"excerpt":{"rendered":"<p>Esfinge<\/p>\n","protected":false},"featured_media":1791,"comment_status":"open","ping_status":"closed","template":"","meta":[],"product_brand":[],"product_cat":[15,17],"product_tag":[],"class_list":{"0":"post-1790","1":"product","2":"type-product","3":"status-publish","4":"has-post-thumbnail","6":"product_cat-novedades2023","7":"product_cat-primaria","9":"first","10":"instock","11":"taxable","12":"shipping-taxable","13":"purchasable","14":"product-type-simple"},"_links":{"self":[{"href":"https:\/\/esfinge.mx\/inicio\/wp-json\/wp\/v2\/product\/1790","targetHints":{"allow":["GET"]}}],"collection":[{"href":"https:\/\/esfinge.mx\/inicio\/wp-json\/wp\/v2\/product"}],"about":[{"href":"https:\/\/esfinge.mx\/inicio\/wp-json\/wp\/v2\/types\/product"}],"replies":[{"embeddable":true,"href":"https:\/\/esfinge.mx\/inicio\/wp-json\/wp\/v2\/comments?post=1790"}],"wp:featuredmedia":[{"embeddable":true,"href":"https:\/\/esfinge.mx\/inicio\/wp-json\/wp\/v2\/media\/1791"}],"wp:attachment":[{"href":"https:\/\/esfinge.mx\/inicio\/wp-json\/wp\/v2\/media?parent=1790"}],"wp:term":[{"taxonomy":"product_brand","embeddable":true,"href":"https:\/\/esfinge.mx\/inicio\/wp-json\/wp\/v2\/product_brand?post=1790"},{"taxonomy":"product_cat","embeddable":true,"href":"https:\/\/esfinge.mx\/inicio\/wp-json\/wp\/v2\/product_cat?post=1790"},{"taxonomy":"product_tag","embeddable":true,"href":"https:\/\/esfinge.mx\/inicio\/wp-json\/wp\/v2\/product_tag?post=1790"}],"curies":[{"name":"wp","href":"https:\/\/api.w.org\/{rel}","templated":true}]}}