{"id":1841,"date":"2023-06-20T17:28:39","date_gmt":"2023-06-20T17:28:39","guid":{"rendered":"https:\/\/esfinge.mx\/inicio\/?post_type=product&#038;p=1841"},"modified":"2026-03-29T02:00:23","modified_gmt":"2026-03-29T08:00:23","slug":"logros-espanol-1","status":"publish","type":"product","link":"https:\/\/esfinge.mx\/inicio\/producto\/logros-espanol-1\/","title":{"rendered":"Logros espa\u00f1ol 1"},"content":{"rendered":"<p><strong><em>Descripci\u00f3n<\/em><\/strong><\/p>\n<ul>\n<li>Libros complementarios de la asignatura de Espa\u00f1ol enfocados en desarrollar habilidades de comprensi\u00f3n y expresi\u00f3n oral y escrita de la lengua.<\/li>\n<li>Lecciones organizadas por secuenci did\u00e1ctica.<\/li>\n<li>Actividades de reflexi\u00f3n sobre la lengua.<\/li>\n<li>Secciones de reforzamiento de gram\u00e1tica y ortograf\u00eda.<\/li>\n<li>Actividades vinculadas con la Educaci\u00f3n socioemocional.<\/li>\n<li>Estrategias de lectura, escritura, producci\u00f3n y comprensi\u00f3n de textos.<\/li>\n<\/ul>\n<p>Proyectos STEAM vinculados al enfoque de ense\u00f1anza de la Nueva Escuela Mexicana los cuales fomentan el aprendizaje basado en la indagaci\u00f3n y la resoluci\u00f3n de problemas y retos de la vida cotidiana.<\/p>\n","protected":false},"excerpt":{"rendered":"<p><em>Karla Guadalupe Ortiz Salazar<\/em><\/p>\n<p><em>Nydia Caren Maldonado P\u00e9rez<\/em><\/p>\n","protected":false},"featured_media":1842,"comment_status":"open","ping_status":"closed","template":"","meta":[],"product_brand":[],"product_cat":[15,17],"product_tag":[],"class_list":{"0":"post-1841","1":"product","2":"type-product","3":"status-publish","4":"has-post-thumbnail","6":"product_cat-novedades2023","7":"product_cat-primaria","9":"first","10":"instock","11":"taxable","12":"shipping-taxable","13":"purchasable","14":"product-type-simple"},"_links":{"self":[{"href":"https:\/\/esfinge.mx\/inicio\/wp-json\/wp\/v2\/product\/1841","targetHints":{"allow":["GET"]}}],"collection":[{"href":"https:\/\/esfinge.mx\/inicio\/wp-json\/wp\/v2\/product"}],"about":[{"href":"https:\/\/esfinge.mx\/inicio\/wp-json\/wp\/v2\/types\/product"}],"replies":[{"embeddable":true,"href":"https:\/\/esfinge.mx\/inicio\/wp-json\/wp\/v2\/comments?post=1841"}],"wp:featuredmedia":[{"embeddable":true,"href":"https:\/\/esfinge.mx\/inicio\/wp-json\/wp\/v2\/media\/1842"}],"wp:attachment":[{"href":"https:\/\/esfinge.mx\/inicio\/wp-json\/wp\/v2\/media?parent=1841"}],"wp:term":[{"taxonomy":"product_brand","embeddable":true,"href":"https:\/\/esfinge.mx\/inicio\/wp-json\/wp\/v2\/product_brand?post=1841"},{"taxonomy":"product_cat","embeddable":true,"href":"https:\/\/esfinge.mx\/inicio\/wp-json\/wp\/v2\/product_cat?post=1841"},{"taxonomy":"product_tag","embeddable":true,"href":"https:\/\/esfinge.mx\/inicio\/wp-json\/wp\/v2\/product_tag?post=1841"}],"curies":[{"name":"wp","href":"https:\/\/api.w.org\/{rel}","templated":true}]}}