{"id":185,"date":"2021-09-22T16:50:59","date_gmt":"2021-09-22T16:50:59","guid":{"rendered":"https:\/\/esfinge.mx\/inicio\/?product=mitos-suenos"},"modified":"2026-03-29T02:00:24","modified_gmt":"2026-03-29T08:00:24","slug":"mitos-suenos","status":"publish","type":"product","link":"https:\/\/esfinge.mx\/inicio\/producto\/mitos-suenos\/","title":{"rendered":"Mitos, sue\u00f1os"},"content":{"rendered":"<div class=\"caracteristicas\"><b class=\"subtitulo\">Resumen<\/b><\/div>\n<div class=\"caracteristicas\">Parte de una colecci\u00f3n de 9 tomos. Las leyendas tienen prop\u00f3sitos incoscientes -cifrados en la mitolog\u00eda- de llevar nuestras vidas adelante; al concebirlas podemos darnos cuenta de que entre los seres humanos existe una identidad que data de milenios, que habla desde el pasado y se proyecta hacia el futuro. Porque a\u00fan cuando existimos y fallecemos en lo individual, somos seres infinitos en la pertinaz cadena humana. Esto explica nuestro deleite por continuar escuchando los numerosos relatosque proceden del origen de nuestras culturas y el af\u00e1n por hurgar en ellos para deducir, aunque sea un poco, lo que somos y de esa manera comprendernos. De esto y m\u00e1s encontrar\u00e1n en este tomo.<\/div>\n","protected":false},"excerpt":{"rendered":"<p>Federico Ortiz Quezada<\/p>\n","protected":false},"featured_media":705,"comment_status":"open","ping_status":"closed","template":"","meta":[],"product_brand":[],"product_cat":[35],"product_tag":[],"class_list":{"0":"post-185","1":"product","2":"type-product","3":"status-publish","4":"has-post-thumbnail","6":"product_cat-literatura","8":"first","9":"instock","10":"taxable","11":"shipping-taxable","12":"purchasable","13":"product-type-simple"},"_links":{"self":[{"href":"https:\/\/esfinge.mx\/inicio\/wp-json\/wp\/v2\/product\/185","targetHints":{"allow":["GET"]}}],"collection":[{"href":"https:\/\/esfinge.mx\/inicio\/wp-json\/wp\/v2\/product"}],"about":[{"href":"https:\/\/esfinge.mx\/inicio\/wp-json\/wp\/v2\/types\/product"}],"replies":[{"embeddable":true,"href":"https:\/\/esfinge.mx\/inicio\/wp-json\/wp\/v2\/comments?post=185"}],"wp:featuredmedia":[{"embeddable":true,"href":"https:\/\/esfinge.mx\/inicio\/wp-json\/wp\/v2\/media\/705"}],"wp:attachment":[{"href":"https:\/\/esfinge.mx\/inicio\/wp-json\/wp\/v2\/media?parent=185"}],"wp:term":[{"taxonomy":"product_brand","embeddable":true,"href":"https:\/\/esfinge.mx\/inicio\/wp-json\/wp\/v2\/product_brand?post=185"},{"taxonomy":"product_cat","embeddable":true,"href":"https:\/\/esfinge.mx\/inicio\/wp-json\/wp\/v2\/product_cat?post=185"},{"taxonomy":"product_tag","embeddable":true,"href":"https:\/\/esfinge.mx\/inicio\/wp-json\/wp\/v2\/product_tag?post=185"}],"curies":[{"name":"wp","href":"https:\/\/api.w.org\/{rel}","templated":true}]}}