{"id":1920,"date":"2023-08-18T15:03:16","date_gmt":"2023-08-18T15:03:16","guid":{"rendered":"https:\/\/esfinge.mx\/inicio\/?post_type=product&#038;p=1920"},"modified":"2026-03-29T02:00:22","modified_gmt":"2026-03-29T08:00:22","slug":"lengua-y-comunicacion-1-serie-trayectos","status":"publish","type":"product","link":"https:\/\/esfinge.mx\/inicio\/producto\/lengua-y-comunicacion-1-serie-trayectos\/","title":{"rendered":"Lengua y comunicaci\u00f3n 1. Serie Trayectos"},"content":{"rendered":"<p>El libro del Recurso sociocognitivo Lengua y Comunicaci\u00f3n incluye la explicaci\u00f3n de conceptos y actividades que logren desarrollar un conjunto de habilidades verbales y cognitivas fundamentales, tales como la comprensi\u00f3n, el an\u00e1lisis, la comparaci\u00f3n, el contraste y la formulaci\u00f3n discursivas, a trav\u00e9s de textos escritos. Estas habilidades son el fundamento desde el cual se ampl\u00eda la capacidad de relacionarse con los otros, comprender, explicar y transformar su realidad. Para que asimismo expresen emociones, perspectivas, cr\u00edticas y planteamientos de orden personal y social.<\/p>\n<p>&nbsp;<\/p>\n<p>Contenido<\/p>\n<p>\u2022 Trabaja las 16 Progresiones de aprendizaje (PDA) indicadas para el Recurso sociocognitivo Lengua y Comunicaci\u00f3n en el nuevo Marco Curricular de la Educaci\u00f3n Media Superior (MCCEMS).<\/p>\n<p>\u2022 Incluye temas generales y espec\u00edficos vinculados directamente con cada PDA de Lengua y Comunicaci\u00f3n, primer semestre.<\/p>\n<p>\u2022 Se trabajan todos los Principios de la Nueva Escuela Mexicana (NEM) de manera transversal en las actividades y las explicaciones de los temas.<\/p>\n","protected":false},"excerpt":{"rendered":"<p>H\u00e9ctor Luis Grada Mart\u00ednez<\/p>\n<p>Jos\u00e9 Francisco Barr\u00f3n Tovar<\/p>\n<p><a href=\"https:\/\/esfinge.mx\/recursos\/Serie_Trayectos\/Lengua_comunicacion\/\"><br \/>\n<button>Muestra<\/button><br \/>\n<\/a><\/p>\n","protected":false},"featured_media":1804,"comment_status":"open","ping_status":"closed","template":"","meta":[],"product_brand":[],"product_cat":[15,21],"product_tag":[],"class_list":{"0":"post-1920","1":"product","2":"type-product","3":"status-publish","4":"has-post-thumbnail","6":"product_cat-novedades2023","7":"product_cat-media-superior","9":"first","10":"instock","11":"taxable","12":"shipping-taxable","13":"purchasable","14":"product-type-simple"},"_links":{"self":[{"href":"https:\/\/esfinge.mx\/inicio\/wp-json\/wp\/v2\/product\/1920","targetHints":{"allow":["GET"]}}],"collection":[{"href":"https:\/\/esfinge.mx\/inicio\/wp-json\/wp\/v2\/product"}],"about":[{"href":"https:\/\/esfinge.mx\/inicio\/wp-json\/wp\/v2\/types\/product"}],"replies":[{"embeddable":true,"href":"https:\/\/esfinge.mx\/inicio\/wp-json\/wp\/v2\/comments?post=1920"}],"wp:featuredmedia":[{"embeddable":true,"href":"https:\/\/esfinge.mx\/inicio\/wp-json\/wp\/v2\/media\/1804"}],"wp:attachment":[{"href":"https:\/\/esfinge.mx\/inicio\/wp-json\/wp\/v2\/media?parent=1920"}],"wp:term":[{"taxonomy":"product_brand","embeddable":true,"href":"https:\/\/esfinge.mx\/inicio\/wp-json\/wp\/v2\/product_brand?post=1920"},{"taxonomy":"product_cat","embeddable":true,"href":"https:\/\/esfinge.mx\/inicio\/wp-json\/wp\/v2\/product_cat?post=1920"},{"taxonomy":"product_tag","embeddable":true,"href":"https:\/\/esfinge.mx\/inicio\/wp-json\/wp\/v2\/product_tag?post=1920"}],"curies":[{"name":"wp","href":"https:\/\/api.w.org\/{rel}","templated":true}]}}