{"id":1923,"date":"2023-08-18T15:09:01","date_gmt":"2023-08-18T15:09:01","guid":{"rendered":"https:\/\/esfinge.mx\/inicio\/?post_type=product&#038;p=1923"},"modified":"2026-03-29T02:00:30","modified_gmt":"2026-03-29T08:00:30","slug":"pensamiento-matematico-1-serie-trayectos","status":"publish","type":"product","link":"https:\/\/esfinge.mx\/inicio\/producto\/pensamiento-matematico-1-serie-trayectos\/","title":{"rendered":"Pensamiento matem\u00e1tico 1. Serie Trayectos"},"content":{"rendered":"<p>El libro del Recurso sociocognitivo Pensamiento matem\u00e1tico incluye la explicaci\u00f3n de conceptos y diversas actividades desde la ejecuci\u00f3n de operaciones, fomenta la resoluci\u00f3n de problemas, el uso y la creaci\u00f3n de modelos que le dan la posibilidad de elaborar tanto conjeturas como argumentos; organizar, sustentar y comunicar sus ideas. Este libro est\u00e1 enfocado en el desarrollo disciplinar del pensamiento estad\u00edstico y probabil\u00edstico se da a trav\u00e9s de la revisi\u00f3n de conceptos b\u00e1sicos de la probabilidad y la estad\u00edstica que comienza con la revisi\u00f3n de la variabilidad y c\u00f3mo \u00e9sta hace necesario que busquemos cuantificar la incertidumbre.<\/p>\n<p>&nbsp;<\/p>\n<p>Contenido<\/p>\n<p>\u2022 Trabaja las 15 Progresiones de aprendizaje (PDA) indicadas para el Recurso sociocognitivo Pensamiento matem\u00e1tico en el nuevo Marco Curricular de la Educaci\u00f3n Media Superior (MCCEMS).<\/p>\n<p>\u2022 Incluye temas generales y espec\u00edficos vinculados directamente con cada PDA de Pensamiento matem\u00e1tico, primer semestre.<\/p>\n<p>\u2022 Se trabajan todos los Principios de la Nueva Escuela Mexicana (NEM) de manera transversal en las actividades y las explicaciones de los temas.<\/p>\n","protected":false},"excerpt":{"rendered":"<p>Ang\u00e9lica Ferrusca Lira<\/p>\n<p>Anabel Mondrag\u00f3n Garc\u00eda<\/p>\n<p><a href=\"https:\/\/esfinge.mx\/recursos\/Serie_Trayectos\/Pensamiento_matematico\/\"><br \/>\n<button>Muestra<\/button><br \/>\n<\/a><\/p>\n","protected":false},"featured_media":1805,"comment_status":"open","ping_status":"closed","template":"","meta":[],"product_brand":[],"product_cat":[21],"product_tag":[],"class_list":{"0":"post-1923","1":"product","2":"type-product","3":"status-publish","4":"has-post-thumbnail","6":"product_cat-media-superior","8":"first","9":"instock","10":"taxable","11":"shipping-taxable","12":"purchasable","13":"product-type-simple"},"_links":{"self":[{"href":"https:\/\/esfinge.mx\/inicio\/wp-json\/wp\/v2\/product\/1923","targetHints":{"allow":["GET"]}}],"collection":[{"href":"https:\/\/esfinge.mx\/inicio\/wp-json\/wp\/v2\/product"}],"about":[{"href":"https:\/\/esfinge.mx\/inicio\/wp-json\/wp\/v2\/types\/product"}],"replies":[{"embeddable":true,"href":"https:\/\/esfinge.mx\/inicio\/wp-json\/wp\/v2\/comments?post=1923"}],"wp:featuredmedia":[{"embeddable":true,"href":"https:\/\/esfinge.mx\/inicio\/wp-json\/wp\/v2\/media\/1805"}],"wp:attachment":[{"href":"https:\/\/esfinge.mx\/inicio\/wp-json\/wp\/v2\/media?parent=1923"}],"wp:term":[{"taxonomy":"product_brand","embeddable":true,"href":"https:\/\/esfinge.mx\/inicio\/wp-json\/wp\/v2\/product_brand?post=1923"},{"taxonomy":"product_cat","embeddable":true,"href":"https:\/\/esfinge.mx\/inicio\/wp-json\/wp\/v2\/product_cat?post=1923"},{"taxonomy":"product_tag","embeddable":true,"href":"https:\/\/esfinge.mx\/inicio\/wp-json\/wp\/v2\/product_tag?post=1923"}],"curies":[{"name":"wp","href":"https:\/\/api.w.org\/{rel}","templated":true}]}}