{"id":205,"date":"2021-09-22T16:51:01","date_gmt":"2021-09-22T16:51:01","guid":{"rendered":"https:\/\/esfinge.mx\/inicio\/?product=vive-las-matematicas-3-secundaria"},"modified":"2025-12-18T02:00:37","modified_gmt":"2025-12-18T08:00:37","slug":"vive-las-matematicas-3-secundaria","status":"publish","type":"product","link":"https:\/\/esfinge.mx\/inicio\/producto\/vive-las-matematicas-3-secundaria\/","title":{"rendered":"Vive las matem\u00e1ticas 3 Secundaria"},"content":{"rendered":"","protected":false},"excerpt":{"rendered":"<p>Mar\u00eda Teresa Mac\u00edas Luna<\/p>\n","protected":false},"featured_media":0,"comment_status":"open","ping_status":"closed","template":"","meta":[],"product_brand":[],"product_cat":[18],"product_tag":[],"class_list":{"0":"post-205","1":"product","2":"type-product","3":"status-publish","5":"product_cat-secundaria","7":"first","8":"instock","9":"taxable","10":"shipping-taxable","11":"purchasable","12":"product-type-simple"},"_links":{"self":[{"href":"https:\/\/esfinge.mx\/inicio\/wp-json\/wp\/v2\/product\/205","targetHints":{"allow":["GET"]}}],"collection":[{"href":"https:\/\/esfinge.mx\/inicio\/wp-json\/wp\/v2\/product"}],"about":[{"href":"https:\/\/esfinge.mx\/inicio\/wp-json\/wp\/v2\/types\/product"}],"replies":[{"embeddable":true,"href":"https:\/\/esfinge.mx\/inicio\/wp-json\/wp\/v2\/comments?post=205"}],"wp:attachment":[{"href":"https:\/\/esfinge.mx\/inicio\/wp-json\/wp\/v2\/media?parent=205"}],"wp:term":[{"taxonomy":"product_brand","embeddable":true,"href":"https:\/\/esfinge.mx\/inicio\/wp-json\/wp\/v2\/product_brand?post=205"},{"taxonomy":"product_cat","embeddable":true,"href":"https:\/\/esfinge.mx\/inicio\/wp-json\/wp\/v2\/product_cat?post=205"},{"taxonomy":"product_tag","embeddable":true,"href":"https:\/\/esfinge.mx\/inicio\/wp-json\/wp\/v2\/product_tag?post=205"}],"curies":[{"name":"wp","href":"https:\/\/api.w.org\/{rel}","templated":true}]}}