{"id":2072,"date":"2024-01-09T17:03:36","date_gmt":"2024-01-09T17:03:36","guid":{"rendered":"https:\/\/esfinge.mx\/inicio\/?post_type=product&#038;p=2072"},"modified":"2026-03-29T02:00:08","modified_gmt":"2026-03-29T08:00:08","slug":"conservacion-de-la-energia-y-sus-interacciones-con-la-materia-serie-trayectos","status":"publish","type":"product","link":"https:\/\/esfinge.mx\/inicio\/producto\/conservacion-de-la-energia-y-sus-interacciones-con-la-materia-serie-trayectos\/","title":{"rendered":"Conservaci\u00f3n de la energ\u00eda y sus interacciones con la materia. Serie Trayectos"},"content":{"rendered":"<p>El libro del \u00e1rea de conocimiento Conservaci\u00f3n de la energ\u00eda y sus interacciones con la materia es un material de apoyo para el aprendizaje de las Ciencias Naturales, Experimentales y Tecnolog\u00eda. Se centra en estudiar c\u00f3mo la energ\u00eda no puede ser creada ni destruida, pero puede ser transportada de un lugar a otro dentro del sistema y, a asu vez, transferida entre sistemas. Por ello, muchos fen\u00f3menos se explican en t\u00e9rminos de transferencias de energ\u00eda.<\/p>\n<p>El objetivo de esta obra es ayudar a comprender el mundo natural mediante la observaci\u00f3n, la experimentaci\u00f3n, la formulaci\u00f3n y verificaci\u00f3n de hip\u00f3tesis; as\u00ed como el planteamiento de preguntas y la b\u00fasqueda de respuestas, que progresivamente profundiza en la car\u00e1cterizaci\u00f3n de los procesos y las din\u00e1micas de los fen\u00f3menos naturales. En este libro se orienta el aprendizaje hacia una visi\u00f3n m\u00e1s cient\u00edfica y coherente con las necesidades actuales, tanto cient\u00edficas como tecnol\u00f3gicas.<\/p>\n<p>Contenido<\/p>\n<p>\u2022 Trabaja las 16 Progresiones de aprendizaje (PDA) indicadas para el \u00c1rea de Conocimiento Ciencias Naturales, Experimentales y Tecnolog\u00f3a en el nuevo Marco Curricular de la Educaci\u00f3n Media Superior (MCCEMS).<\/p>\n<p>\u2022 Integra a la pr\u00e1ctica educativa el enfoque y la propuesta del MCCEMS.<\/p>\n<p>\u2022 Organizado en tres bimestres.<\/p>\n<p>\u2022 Incluye evaluaciones diagn\u00f3sticas, parciales y bimestrales.<\/p>\n<p>\u2022 Presenta un Laboratorio el cual propone trabajar el proyecto \u201cReciclaje y gesti\u00f3n de residuos en la comunidad\u201d.<\/p>\n","protected":false},"excerpt":{"rendered":"<p>Diana Alicia Navarro G\u00f3ngora<\/p>\n<p>Hugo Rico Bautista<\/p>\n<p>Rodrigo Tapia McClung<\/p>\n","protected":false},"featured_media":2073,"comment_status":"open","ping_status":"closed","template":"","meta":[],"product_brand":[],"product_cat":[71,21],"product_tag":[],"class_list":{"0":"post-2072","1":"product","2":"type-product","3":"status-publish","4":"has-post-thumbnail","6":"product_cat-novedades-2024","7":"product_cat-media-superior","9":"first","10":"instock","11":"taxable","12":"shipping-taxable","13":"purchasable","14":"product-type-simple"},"_links":{"self":[{"href":"https:\/\/esfinge.mx\/inicio\/wp-json\/wp\/v2\/product\/2072","targetHints":{"allow":["GET"]}}],"collection":[{"href":"https:\/\/esfinge.mx\/inicio\/wp-json\/wp\/v2\/product"}],"about":[{"href":"https:\/\/esfinge.mx\/inicio\/wp-json\/wp\/v2\/types\/product"}],"replies":[{"embeddable":true,"href":"https:\/\/esfinge.mx\/inicio\/wp-json\/wp\/v2\/comments?post=2072"}],"wp:featuredmedia":[{"embeddable":true,"href":"https:\/\/esfinge.mx\/inicio\/wp-json\/wp\/v2\/media\/2073"}],"wp:attachment":[{"href":"https:\/\/esfinge.mx\/inicio\/wp-json\/wp\/v2\/media?parent=2072"}],"wp:term":[{"taxonomy":"product_brand","embeddable":true,"href":"https:\/\/esfinge.mx\/inicio\/wp-json\/wp\/v2\/product_brand?post=2072"},{"taxonomy":"product_cat","embeddable":true,"href":"https:\/\/esfinge.mx\/inicio\/wp-json\/wp\/v2\/product_cat?post=2072"},{"taxonomy":"product_tag","embeddable":true,"href":"https:\/\/esfinge.mx\/inicio\/wp-json\/wp\/v2\/product_tag?post=2072"}],"curies":[{"name":"wp","href":"https:\/\/api.w.org\/{rel}","templated":true}]}}