{"id":21,"date":"2021-09-22T16:50:49","date_gmt":"2021-09-22T16:50:49","guid":{"rendered":"https:\/\/esfinge.mx\/inicio\/?product=letrazos-1"},"modified":"2025-12-18T02:00:22","modified_gmt":"2025-12-18T08:00:22","slug":"letrazos-1","status":"publish","type":"product","link":"https:\/\/esfinge.mx\/inicio\/producto\/letrazos-1\/","title":{"rendered":"Letrazos 1"},"content":{"rendered":"<form action=\"https:\/\/esfinge.mx\/home\/index.php\/libro\/product\/updatecart\" enctype=\"multipart\/form-data\" method=\"post\" name=\"hikashop_product_form\">\n<div id=\"hikashop_product_bottom_part\" class=\"hikashop_product_bottom_part\">\n<div id=\"hikashop_product_description_main\" class=\"hikashop_product_description_main\">\n<div class=\"caracteristicas\"><b class=\"subtitulo\">Propuesta did\u00e1ctica<\/b><\/div>\n<div class=\"caracteristicas\">\u2022 Material auxiliar para el desarrollo de habilidades motrices (motricidad fina) y de las capacidades auditivas visuales que facilitan el desarrollo de la lectoescritura.<br \/>\n\u2022 Favorece la capacidad de discriminar la funcionalidad independiente del brazo con la mano y de las manos con los dedos.<\/div>\n<div class=\"caracteristicas\"><b class=\"subtitulo\">Actividades y contenido<\/b><\/div>\n<div class=\"caracteristicas\">\u2022 Incluye actividades para el reconocimiento de letras min\u00fasculas y may\u00fasculas en script y cursiva. Escritura de las letras a partir de modelos. Identificaci\u00f3n de letras en palabras asociadas a im\u00e1genes Ejercitaci\u00f3n sil\u00e1bica y de escritura de palabras. Ejercicios l\u00fadicos de reforzamiento y textos literarios ilustrados.<br \/>\n\u2022 Proporciona a la educadora instrucciones claras y sencillas en cada p\u00e1gina sobre la actividad a realizar.<br \/>\n\u2022 Trabajo en la misma p\u00e1gina de letras cursiva y script.<\/div>\n<div class=\"caracteristicas\"><b class=\"subtitulo\">Apoyos did\u00e1cticos<\/b><\/div>\n<div class=\"caracteristicas\">\n<p>\u2022 Gu\u00eda para la educadora para cada nivel.<\/p>\n<\/div>\n<div id=\"contenedor\">\n<div class=\"hijo\"><b class=\"subtitulo\">ISBN<br \/>\n<\/b>9786071005472<\/div>\n<div class=\"hijo\"><b class=\"subtitulo\">Formato<br \/>\n<\/b>30 x 22.5 cm<\/div>\n<div class=\"hijo\"><b class=\"subtitulo\">P\u00e1ginas<br \/>\n<\/b>144<\/div>\n<div class=\"hijo\"><b class=\"subtitulo\">Componentes<br \/>\n<\/b>Cuaderno de ejercicios<br \/>\nGu\u00eda para la educadora<\/div>\n<div class=\"hijo\"><\/div>\n<div class=\"clear\"><\/div>\n<\/div>\n<div class=\"caracteristicas\"><b class=\"subtitulo\">Autor<\/b><\/div>\n<div class=\"caracteristicas\">Johana Fern\u00e1ndez Mondada<\/div>\n<\/div>\n<p>&nbsp;<\/p>\n<div id=\"hikashop_product_files_main\" class=\"hikashop_product_files_main\"><\/div>\n<\/div>\n<\/form>\n<div id=\"hikashop_submodules\" class=\"hikashop_submodules\">\n<div id=\"hikashop_module_98\" class=\"hikashop_module \">\n<div id=\"hikashop_category_information_module_98\" class=\"hikashop_category_information hikashop_products_listing_main hikashop_product_listing_2 filter_refresh_div\" data-refresh-class=\"hikashop_checkout_loading\" data-refresh-url=\"https:\/\/esfinge.mx\/home\/index.php\/libro\/product\/8-letrazos_1?tmpl=raw&amp;filter=1\" data-use-url=\"1\">\n<div class=\"hikashop_checkout_loading_elem\"><\/div>\n<div class=\"hikashop_checkout_loading_spinner\"><\/div>\n<\/div>\n<\/div>\n<\/div>\n","protected":false},"excerpt":{"rendered":"<p>Johanna Fern\u00e1ndez Mondada<\/p>\n","protected":false},"featured_media":621,"comment_status":"open","ping_status":"closed","template":"","meta":[],"product_brand":[],"product_cat":[16],"product_tag":[],"class_list":{"0":"post-21","1":"product","2":"type-product","3":"status-publish","4":"has-post-thumbnail","6":"product_cat-preescolar","8":"first","9":"instock","10":"taxable","11":"shipping-taxable","12":"purchasable","13":"product-type-simple"},"_links":{"self":[{"href":"https:\/\/esfinge.mx\/inicio\/wp-json\/wp\/v2\/product\/21","targetHints":{"allow":["GET"]}}],"collection":[{"href":"https:\/\/esfinge.mx\/inicio\/wp-json\/wp\/v2\/product"}],"about":[{"href":"https:\/\/esfinge.mx\/inicio\/wp-json\/wp\/v2\/types\/product"}],"replies":[{"embeddable":true,"href":"https:\/\/esfinge.mx\/inicio\/wp-json\/wp\/v2\/comments?post=21"}],"wp:featuredmedia":[{"embeddable":true,"href":"https:\/\/esfinge.mx\/inicio\/wp-json\/wp\/v2\/media\/621"}],"wp:attachment":[{"href":"https:\/\/esfinge.mx\/inicio\/wp-json\/wp\/v2\/media?parent=21"}],"wp:term":[{"taxonomy":"product_brand","embeddable":true,"href":"https:\/\/esfinge.mx\/inicio\/wp-json\/wp\/v2\/product_brand?post=21"},{"taxonomy":"product_cat","embeddable":true,"href":"https:\/\/esfinge.mx\/inicio\/wp-json\/wp\/v2\/product_cat?post=21"},{"taxonomy":"product_tag","embeddable":true,"href":"https:\/\/esfinge.mx\/inicio\/wp-json\/wp\/v2\/product_tag?post=21"}],"curies":[{"name":"wp","href":"https:\/\/api.w.org\/{rel}","templated":true}]}}