{"id":2105,"date":"2024-03-05T19:49:53","date_gmt":"2024-03-05T19:49:53","guid":{"rendered":"https:\/\/esfinge.mx\/inicio\/?post_type=product&#038;p=2105"},"modified":"2026-03-29T02:00:22","modified_gmt":"2026-03-29T08:00:22","slug":"la-materia-y-sus-interacciones-2-serie-trayecto","status":"publish","type":"product","link":"https:\/\/esfinge.mx\/inicio\/producto\/la-materia-y-sus-interacciones-2-serie-trayecto\/","title":{"rendered":"La materia y sus interacciones 2. Serie Trayecto"},"content":{"rendered":"<p>El libro del \u00e1rea de conocimiento La materia y sus interacciones es un material de apoyo para tu aprendizaje de las Ciencias Naturales, Experimentales y Tecnolog\u00eda. Est\u00e1 centrado en el estudio de las propiedades de la materia, su cambio de estado f\u00edsico y sus reacciones, los cuales se describen y predicen en t\u00e9rminos de los tipos de \u00e1tomos que se mueven e interact\u00faan en su interior.<\/p>\n<p>El objetivo de esta obra es contribuir a que los estudiantes comprendan el mundo natural mediante la observacion, la experimentaci\u00f3n, la formulaci\u00f3n y verificaci\u00f3n de hip\u00f3tesis, as\u00ed como erl planteamiento de preguntas y la b\u00fasqueda de respuestas, que progresivamente profundiza en la caracterizaci\u00f3n de los procesos y las din\u00e1micas de los fen\u00f3menos naturales.<\/p>\n<p>&nbsp;<\/p>\n<p>Contenido<\/p>\n<p>\u2022 Trabaja las 16 Progresiones de aprendizaje (PDA) indicadas para el \u00c1rea de conocimiento Conservaci\u00f3n de la energ\u00eda y sus interacciones con la materia. Ciencias Naturales, Experimentales y Tecnolog\u00eda en el nuevo Marco Curricular de la Educaci\u00f3n Media Superior (MCCEMS).<\/p>\n<p>\u2022 Integra a la pr\u00e1ctica educativa el enfoque y la propuesta del MCCEMS.<\/p>\n<p>\u2022 Organizado en bimestres.<\/p>\n<p>\u2022 Incluye evaluaciones diagn\u00f3sticas, parciales y bimestrales.<\/p>\n<p>\u2022 Presenta un Laboratorio el cual propone trabajar como proyecto la redacci\u00f3n de un folleto sobre el cambio clim\u00e1tico y las acciones que se pueden tomar para reducir su impacto en el planeta.<\/p>\n","protected":false},"excerpt":{"rendered":"<p>Flor Concepci\u00f3n Estrada Silva<\/p>\n<p>Leonor Garc\u00eda Mart\u00ednez<\/p>\n<p>Sergio Anaya Vera<\/p>\n","protected":false},"featured_media":2106,"comment_status":"open","ping_status":"closed","template":"","meta":[],"product_brand":[],"product_cat":[71,21],"product_tag":[],"class_list":{"0":"post-2105","1":"product","2":"type-product","3":"status-publish","4":"has-post-thumbnail","6":"product_cat-novedades-2024","7":"product_cat-media-superior","9":"first","10":"instock","11":"taxable","12":"shipping-taxable","13":"purchasable","14":"product-type-simple"},"_links":{"self":[{"href":"https:\/\/esfinge.mx\/inicio\/wp-json\/wp\/v2\/product\/2105","targetHints":{"allow":["GET"]}}],"collection":[{"href":"https:\/\/esfinge.mx\/inicio\/wp-json\/wp\/v2\/product"}],"about":[{"href":"https:\/\/esfinge.mx\/inicio\/wp-json\/wp\/v2\/types\/product"}],"replies":[{"embeddable":true,"href":"https:\/\/esfinge.mx\/inicio\/wp-json\/wp\/v2\/comments?post=2105"}],"wp:featuredmedia":[{"embeddable":true,"href":"https:\/\/esfinge.mx\/inicio\/wp-json\/wp\/v2\/media\/2106"}],"wp:attachment":[{"href":"https:\/\/esfinge.mx\/inicio\/wp-json\/wp\/v2\/media?parent=2105"}],"wp:term":[{"taxonomy":"product_brand","embeddable":true,"href":"https:\/\/esfinge.mx\/inicio\/wp-json\/wp\/v2\/product_brand?post=2105"},{"taxonomy":"product_cat","embeddable":true,"href":"https:\/\/esfinge.mx\/inicio\/wp-json\/wp\/v2\/product_cat?post=2105"},{"taxonomy":"product_tag","embeddable":true,"href":"https:\/\/esfinge.mx\/inicio\/wp-json\/wp\/v2\/product_tag?post=2105"}],"curies":[{"name":"wp","href":"https:\/\/api.w.org\/{rel}","templated":true}]}}