{"id":2109,"date":"2024-03-05T19:56:15","date_gmt":"2024-03-05T19:56:15","guid":{"rendered":"https:\/\/esfinge.mx\/inicio\/?post_type=product&#038;p=2109"},"modified":"2026-03-29T02:00:30","modified_gmt":"2026-03-29T08:00:30","slug":"pensamiento-matematico-2-serie-trayectos","status":"publish","type":"product","link":"https:\/\/esfinge.mx\/inicio\/producto\/pensamiento-matematico-2-serie-trayectos\/","title":{"rendered":"Pensamiento matem\u00e1tico 2. Serie Trayectos"},"content":{"rendered":"<p>Descripci\u00f3n<\/p>\n<p>&nbsp;<\/p>\n<p>El libro del recurso sociocognitivo Pensamiento matem\u00e1tico 2 es un material de apoyo para tu aprendizaje de las matem\u00e1ticas. Su objetivo es ayudarte a comprender fen\u00f3menos naturales y sociales a trav\u00e9s de la resoluci\u00f3n de problemas. Est\u00e1 planeado para facilitar la transici\u00f3n de la aritm\u00e9tica al \u00e1lgebra mediante diversas representaciones. Adem\u00e1s, proporciona una conciencia financiera. Fomenta el desarrollo de las habilidades de observaci\u00f3n, conjetura y argumentaci\u00f3n a trav\u00e9s del estudio de las propiedades de los n\u00fameros reales y el estudio de algunos elementos de geometr\u00eda sint\u00e9tica y anal\u00edtica \u00fatiles en diversos campos profesionales y en la vida diaria.<\/p>\n<p>&nbsp;<\/p>\n<p>Contenido<\/p>\n<p>\u2022 Trabaja las 14 Progresiones de aprendizaje (PDA) indicadas para recurso sociocognitivo Pensamiento matem\u00e1tico 2 en el nuevo Marco Curricular de la Educaci\u00f3n Media Superior (MCCEMS).<\/p>\n<p>\u2022 Integra a la pr\u00e1ctica educativa el enfoque y la propuesta del MCCEMS.<\/p>\n<p>\u2022 Organizado en bimestres.<\/p>\n<p>\u2022 Incluye evaluaciones diagn\u00f3sticas, parciales y bimestrales.<\/p>\n<p>\u2022 Presenta un Laboratorio el cual propone trabajar el proyecto un huerto casero a lo largo de los bimestres.<\/p>\n","protected":false},"excerpt":{"rendered":"<p>Karol Paulina Ju\u00e1rez Villeda<\/p>\n<p>Esmeralda Guadalupe Aguilar Jim\u00e9nez<\/p>\n","protected":false},"featured_media":2110,"comment_status":"open","ping_status":"closed","template":"","meta":[],"product_brand":[],"product_cat":[71,21],"product_tag":[],"class_list":{"0":"post-2109","1":"product","2":"type-product","3":"status-publish","4":"has-post-thumbnail","6":"product_cat-novedades-2024","7":"product_cat-media-superior","9":"first","10":"instock","11":"taxable","12":"shipping-taxable","13":"purchasable","14":"product-type-simple"},"_links":{"self":[{"href":"https:\/\/esfinge.mx\/inicio\/wp-json\/wp\/v2\/product\/2109","targetHints":{"allow":["GET"]}}],"collection":[{"href":"https:\/\/esfinge.mx\/inicio\/wp-json\/wp\/v2\/product"}],"about":[{"href":"https:\/\/esfinge.mx\/inicio\/wp-json\/wp\/v2\/types\/product"}],"replies":[{"embeddable":true,"href":"https:\/\/esfinge.mx\/inicio\/wp-json\/wp\/v2\/comments?post=2109"}],"wp:featuredmedia":[{"embeddable":true,"href":"https:\/\/esfinge.mx\/inicio\/wp-json\/wp\/v2\/media\/2110"}],"wp:attachment":[{"href":"https:\/\/esfinge.mx\/inicio\/wp-json\/wp\/v2\/media?parent=2109"}],"wp:term":[{"taxonomy":"product_brand","embeddable":true,"href":"https:\/\/esfinge.mx\/inicio\/wp-json\/wp\/v2\/product_brand?post=2109"},{"taxonomy":"product_cat","embeddable":true,"href":"https:\/\/esfinge.mx\/inicio\/wp-json\/wp\/v2\/product_cat?post=2109"},{"taxonomy":"product_tag","embeddable":true,"href":"https:\/\/esfinge.mx\/inicio\/wp-json\/wp\/v2\/product_tag?post=2109"}],"curies":[{"name":"wp","href":"https:\/\/api.w.org\/{rel}","templated":true}]}}