{"id":2111,"date":"2024-03-05T19:59:25","date_gmt":"2024-03-05T19:59:25","guid":{"rendered":"https:\/\/esfinge.mx\/inicio\/?post_type=product&#038;p=2111"},"modified":"2026-03-29T02:00:22","modified_gmt":"2026-03-29T08:00:22","slug":"lengua-y-comunicacion-2-serie-trayectos","status":"publish","type":"product","link":"https:\/\/esfinge.mx\/inicio\/producto\/lengua-y-comunicacion-2-serie-trayectos\/","title":{"rendered":"Lengua y comunicaci\u00f3n 2. Serie Trayectos"},"content":{"rendered":"<p>Descripci\u00f3n<\/p>\n<p>&nbsp;<\/p>\n<p>Con el libro del recurso sociocognitivo Lengua y comunicaci\u00f3n 2 los estudiantes podr\u00e1n representar y analizar problemas a lo largo de situaciones de lectura, composici\u00f3n de textos y en el estudio de m\u00faltiples fuentes de informaci\u00f3n. Adem\u00e1s aprender\u00e1n a comunicarse de manera adecuada y con confianza en diferentes circunstancias a trav\u00e9s de una creciente variedad de herramientas, elementos verbales y medios tecnol\u00f3gicos que rigen hoy las actividades, intenciones, afinidades y pr\u00e1cticas de la comunicaci\u00f3n.<\/p>\n<p>&nbsp;<\/p>\n<p>Contenido<\/p>\n<p>\u2022 Trabaja las 15 Progresiones de aprendizaje (PDA) indicadas para recurso sociocognitivo Lengua y comunicaci\u00f3n 2 en el nuevo Marco Curricular de la Educaci\u00f3n Media Superior (MCCEMS).<\/p>\n<p>\u2022 Integra a la pr\u00e1ctica educativa el enfoque y la propuesta del MCCEMS.<\/p>\n<p>\u2022 Organizado en bimestres.<\/p>\n<p>\u2022 Incluye evaluaciones diagn\u00f3sticas, parciales y bimestrales.<\/p>\n<p>\u2022 Presenta un Laboratorio el cual propone trabajar un proyecto para desarrollar capacidades para ejercer la cr\u00edtica<\/p>\n","protected":false},"excerpt":{"rendered":"<p>H\u00e9ctor Luis Grada Mart\u00ednez<\/p>\n<p>Jos\u00e9 Francisco Barr\u00f3n Tovar<\/p>\n","protected":false},"featured_media":2112,"comment_status":"open","ping_status":"closed","template":"","meta":[],"product_brand":[],"product_cat":[21,71],"product_tag":[],"class_list":{"0":"post-2111","1":"product","2":"type-product","3":"status-publish","4":"has-post-thumbnail","6":"product_cat-media-superior","7":"product_cat-novedades-2024","9":"first","10":"instock","11":"taxable","12":"shipping-taxable","13":"purchasable","14":"product-type-simple"},"_links":{"self":[{"href":"https:\/\/esfinge.mx\/inicio\/wp-json\/wp\/v2\/product\/2111","targetHints":{"allow":["GET"]}}],"collection":[{"href":"https:\/\/esfinge.mx\/inicio\/wp-json\/wp\/v2\/product"}],"about":[{"href":"https:\/\/esfinge.mx\/inicio\/wp-json\/wp\/v2\/types\/product"}],"replies":[{"embeddable":true,"href":"https:\/\/esfinge.mx\/inicio\/wp-json\/wp\/v2\/comments?post=2111"}],"wp:featuredmedia":[{"embeddable":true,"href":"https:\/\/esfinge.mx\/inicio\/wp-json\/wp\/v2\/media\/2112"}],"wp:attachment":[{"href":"https:\/\/esfinge.mx\/inicio\/wp-json\/wp\/v2\/media?parent=2111"}],"wp:term":[{"taxonomy":"product_brand","embeddable":true,"href":"https:\/\/esfinge.mx\/inicio\/wp-json\/wp\/v2\/product_brand?post=2111"},{"taxonomy":"product_cat","embeddable":true,"href":"https:\/\/esfinge.mx\/inicio\/wp-json\/wp\/v2\/product_cat?post=2111"},{"taxonomy":"product_tag","embeddable":true,"href":"https:\/\/esfinge.mx\/inicio\/wp-json\/wp\/v2\/product_tag?post=2111"}],"curies":[{"name":"wp","href":"https:\/\/api.w.org\/{rel}","templated":true}]}}