{"id":2130,"date":"2024-06-26T16:48:10","date_gmt":"2024-06-26T22:48:10","guid":{"rendered":"https:\/\/esfinge.mx\/inicio\/?post_type=product&#038;p=2130"},"modified":"2026-03-29T02:00:15","modified_gmt":"2026-03-29T08:00:15","slug":"integrado-1-primaria","status":"publish","type":"product","link":"https:\/\/esfinge.mx\/inicio\/producto\/integrado-1-primaria\/","title":{"rendered":"Integrado 1 primaria"},"content":{"rendered":"<p><strong>Descripci\u00f3n<\/strong><\/p>\n<ul>\n<li>Libro modular dise\u00f1ado a partir del programa correspondiente a la Nueva Escuela Mexicana.<\/li>\n<li>Presenta una metodolog\u00eda clara y sencilla que favorece el desarrollo de habilidades propias de cada disciplina a trav\u00e9s de un m\u00e9todo sencillo de repaso y aprendizaje continuo.<\/li>\n<\/ul>\n<p><strong>Contenido<\/strong><\/p>\n<ul>\n<li>Est\u00e1 compuesto por 298 fichas de actividades.<\/li>\n<li>Cada ficha presenta informaci\u00f3n conceptual y procedimental mediante modelos, ejemplos y explicaciones sencillas. Actividades a manera de secuencia did\u00e1ctica, organizadas en: Repasa, Ejercita y Aplica.<\/li>\n<li>Cuatro m\u00f3dulos (uno por cada campo formativo)<\/li>\n<li>Un m\u00f3dulo con recursos adicionales, el cual incluye Educaci\u00f3n financiera, Historia estatal, Religi\u00f3n, Proyectos (5), Pr\u00e1cticas digitales (5) y Evaluaciones (12).<\/li>\n<li>Organizado en asignaturas: Espa\u00f1ol, Artes, Ingl\u00e9s, Matem\u00e1ticas, Ciencias Naturales, Formaci\u00f3n C\u00edvica y \u00c9tica, Geograf\u00eda, Historia, Formaci\u00f3n socioemocional, Vida saludable.<\/li>\n<li>Fomenta el desarrollo de los siete ejes articuladores de la educaci\u00f3n: inclusi\u00f3n, pensamiento cr\u00edtico, interculturalidad, igualdad de g\u00e9nero, vida saludable, apropiaci\u00f3n de las culturas a trav\u00e9s de la lectura y la escritura, artes y experiencias est\u00e9ticas.<\/li>\n<li>Para fomentar la comprensi\u00f3n lectora cada entrada de campo formativo presenta un texto literario con im\u00e1genes atractivas que ser\u00e1n una invitaci\u00f3n a la lectura.<\/li>\n<\/ul>\n","protected":false},"excerpt":{"rendered":"<p>Descripci\u00f3n Libro modular dise\u00f1ado a partir del programa correspondiente a la Nueva Escuela Mexicana. Presenta una metodolog\u00eda clara y sencilla que favorece el desarrollo de habilidades propias de cada disciplina a trav\u00e9s de un m\u00e9todo sencillo de repaso y aprendizaje continuo. Contenido Est\u00e1 compuesto por 298 fichas de actividades. Cada ficha presenta informaci\u00f3n conceptual y [&hellip;]<\/p>\n","protected":false},"featured_media":2131,"comment_status":"open","ping_status":"closed","template":"","meta":[],"product_brand":[],"product_cat":[71,17],"product_tag":[],"class_list":{"0":"post-2130","1":"product","2":"type-product","3":"status-publish","4":"has-post-thumbnail","6":"product_cat-novedades-2024","7":"product_cat-primaria","9":"first","10":"instock","11":"taxable","12":"shipping-taxable","13":"purchasable","14":"product-type-simple"},"_links":{"self":[{"href":"https:\/\/esfinge.mx\/inicio\/wp-json\/wp\/v2\/product\/2130","targetHints":{"allow":["GET"]}}],"collection":[{"href":"https:\/\/esfinge.mx\/inicio\/wp-json\/wp\/v2\/product"}],"about":[{"href":"https:\/\/esfinge.mx\/inicio\/wp-json\/wp\/v2\/types\/product"}],"replies":[{"embeddable":true,"href":"https:\/\/esfinge.mx\/inicio\/wp-json\/wp\/v2\/comments?post=2130"}],"wp:featuredmedia":[{"embeddable":true,"href":"https:\/\/esfinge.mx\/inicio\/wp-json\/wp\/v2\/media\/2131"}],"wp:attachment":[{"href":"https:\/\/esfinge.mx\/inicio\/wp-json\/wp\/v2\/media?parent=2130"}],"wp:term":[{"taxonomy":"product_brand","embeddable":true,"href":"https:\/\/esfinge.mx\/inicio\/wp-json\/wp\/v2\/product_brand?post=2130"},{"taxonomy":"product_cat","embeddable":true,"href":"https:\/\/esfinge.mx\/inicio\/wp-json\/wp\/v2\/product_cat?post=2130"},{"taxonomy":"product_tag","embeddable":true,"href":"https:\/\/esfinge.mx\/inicio\/wp-json\/wp\/v2\/product_tag?post=2130"}],"curies":[{"name":"wp","href":"https:\/\/api.w.org\/{rel}","templated":true}]}}