{"id":2150,"date":"2024-06-26T17:19:40","date_gmt":"2024-06-26T17:19:40","guid":{"rendered":"https:\/\/esfinge.mx\/inicio\/?post_type=product&#038;p=2150"},"modified":"2026-03-29T02:00:15","modified_gmt":"2026-03-29T08:00:15","slug":"ejercicios-ortograficos-2","status":"publish","type":"product","link":"https:\/\/esfinge.mx\/inicio\/producto\/ejercicios-ortograficos-2\/","title":{"rendered":"Ejercicios ortogr\u00e1ficos"},"content":{"rendered":"<ul>\n<li>Ejercicios ortogr\u00e1ficos es un manual que apoya el aprendizaje de la correcta ortograf\u00eda mediante explicaciones claras y sencillas.<\/li>\n<li>Permite escribir de manera precisa las palabras que se practican con ejercicios l\u00fadicos.<\/li>\n<li>Enriquece e incrementa el vocabulario con ejercicios y juegos de palabras.<\/li>\n<li>Permite aprender las reglas ortogr\u00e1ficas con c\u00e1psulas que contienen informaci\u00f3n complementaria.<\/li>\n<li>Ayuda a mejorar las habilidades para escribir y comprender diferentes textos.<\/li>\n<li>Nueva edici\u00f3n que incluye palabras del \u00e1mbito tecnol\u00f3gico<\/li>\n<\/ul>\n<p>&nbsp;<\/p>\n","protected":false},"excerpt":{"rendered":"<p>Agust\u00edn Mateos Mu\u00f1oz<\/p>\n","protected":false},"featured_media":2151,"comment_status":"open","ping_status":"closed","template":"","meta":[],"product_brand":[],"product_cat":[71],"product_tag":[],"class_list":{"0":"post-2150","1":"product","2":"type-product","3":"status-publish","4":"has-post-thumbnail","6":"product_cat-novedades-2024","8":"first","9":"instock","10":"taxable","11":"shipping-taxable","12":"purchasable","13":"product-type-simple"},"_links":{"self":[{"href":"https:\/\/esfinge.mx\/inicio\/wp-json\/wp\/v2\/product\/2150","targetHints":{"allow":["GET"]}}],"collection":[{"href":"https:\/\/esfinge.mx\/inicio\/wp-json\/wp\/v2\/product"}],"about":[{"href":"https:\/\/esfinge.mx\/inicio\/wp-json\/wp\/v2\/types\/product"}],"replies":[{"embeddable":true,"href":"https:\/\/esfinge.mx\/inicio\/wp-json\/wp\/v2\/comments?post=2150"}],"wp:featuredmedia":[{"embeddable":true,"href":"https:\/\/esfinge.mx\/inicio\/wp-json\/wp\/v2\/media\/2151"}],"wp:attachment":[{"href":"https:\/\/esfinge.mx\/inicio\/wp-json\/wp\/v2\/media?parent=2150"}],"wp:term":[{"taxonomy":"product_brand","embeddable":true,"href":"https:\/\/esfinge.mx\/inicio\/wp-json\/wp\/v2\/product_brand?post=2150"},{"taxonomy":"product_cat","embeddable":true,"href":"https:\/\/esfinge.mx\/inicio\/wp-json\/wp\/v2\/product_cat?post=2150"},{"taxonomy":"product_tag","embeddable":true,"href":"https:\/\/esfinge.mx\/inicio\/wp-json\/wp\/v2\/product_tag?post=2150"}],"curies":[{"name":"wp","href":"https:\/\/api.w.org\/{rel}","templated":true}]}}