{"id":2153,"date":"2024-06-26T17:23:02","date_gmt":"2024-06-26T17:23:02","guid":{"rendered":"https:\/\/esfinge.mx\/inicio\/?post_type=product&#038;p=2153"},"modified":"2026-03-29T02:00:30","modified_gmt":"2026-03-29T08:00:30","slug":"secundaria-vive-las-matematicas-1","status":"publish","type":"product","link":"https:\/\/esfinge.mx\/inicio\/producto\/secundaria-vive-las-matematicas-1\/","title":{"rendered":"Secundaria Vive las matem\u00e1ticas 1"},"content":{"rendered":"<p><strong>Descripci\u00f3n<\/strong><\/p>\n<ul>\n<li>Propuesta did\u00e1ctica que desde hace una d\u00e9cada apoya a los alumnos en el desarrollo del pensamiento matem\u00e1tico.<\/li>\n<li>Favorece las habilidades necesarias para alcanzar las metas del perfil de egreso de secundaria.<\/li>\n<li>Cuaderno de trabajo organizado en trimestres, cada uno incluye secuencias did\u00e1cticas a partir de las PDA se\u00f1aladas en el programa de estudios vigente.<\/li>\n<li>Incluye secciones complementarias y proyectos did\u00e1cticos.<\/li>\n<\/ul>\n<p><strong>Contenido<\/strong><\/p>\n<ul>\n<li>De aritm\u00e9tica, de \u00e1lgebra y de situaciones de variaci\u00f3n.<\/li>\n<li>Relacionados con el espacio, las formas geom\u00e9tricas y la medici\u00f3n.<\/li>\n<li>Contenidos para que desarrollen habilidades propias del pensamiento estad\u00edstico y probabil\u00edstico.<\/li>\n<\/ul>\n","protected":false},"excerpt":{"rendered":"<p>Mar\u00eda Teresa del Carmen Mac\u00edas Luna<\/p>\n","protected":false},"featured_media":2154,"comment_status":"open","ping_status":"closed","template":"","meta":[],"product_brand":[],"product_cat":[18,71],"product_tag":[],"class_list":{"0":"post-2153","1":"product","2":"type-product","3":"status-publish","4":"has-post-thumbnail","6":"product_cat-secundaria","7":"product_cat-novedades-2024","9":"first","10":"instock","11":"taxable","12":"shipping-taxable","13":"purchasable","14":"product-type-simple"},"_links":{"self":[{"href":"https:\/\/esfinge.mx\/inicio\/wp-json\/wp\/v2\/product\/2153","targetHints":{"allow":["GET"]}}],"collection":[{"href":"https:\/\/esfinge.mx\/inicio\/wp-json\/wp\/v2\/product"}],"about":[{"href":"https:\/\/esfinge.mx\/inicio\/wp-json\/wp\/v2\/types\/product"}],"replies":[{"embeddable":true,"href":"https:\/\/esfinge.mx\/inicio\/wp-json\/wp\/v2\/comments?post=2153"}],"wp:featuredmedia":[{"embeddable":true,"href":"https:\/\/esfinge.mx\/inicio\/wp-json\/wp\/v2\/media\/2154"}],"wp:attachment":[{"href":"https:\/\/esfinge.mx\/inicio\/wp-json\/wp\/v2\/media?parent=2153"}],"wp:term":[{"taxonomy":"product_brand","embeddable":true,"href":"https:\/\/esfinge.mx\/inicio\/wp-json\/wp\/v2\/product_brand?post=2153"},{"taxonomy":"product_cat","embeddable":true,"href":"https:\/\/esfinge.mx\/inicio\/wp-json\/wp\/v2\/product_cat?post=2153"},{"taxonomy":"product_tag","embeddable":true,"href":"https:\/\/esfinge.mx\/inicio\/wp-json\/wp\/v2\/product_tag?post=2153"}],"curies":[{"name":"wp","href":"https:\/\/api.w.org\/{rel}","templated":true}]}}