{"id":2163,"date":"2024-06-26T17:34:42","date_gmt":"2024-06-26T17:34:42","guid":{"rendered":"https:\/\/esfinge.mx\/inicio\/?post_type=product&#038;p=2163"},"modified":"2026-03-29T02:00:30","modified_gmt":"2026-03-29T08:00:30","slug":"secundaria-cuaderno-espanol-1","status":"publish","type":"product","link":"https:\/\/esfinge.mx\/inicio\/producto\/secundaria-cuaderno-espanol-1\/","title":{"rendered":"Secundaria cuaderno Espa\u00f1ol 1"},"content":{"rendered":"<p><strong>Descripci\u00f3n<\/strong><\/p>\n<ul>\n<li>Cuaderno de trabajo dise\u00f1ado para brindar a los estudiantes una propuesta pedag\u00f3gica basada en la explicaci\u00f3n de los temas y en actividades para trabajar los contenidos y los Procesos de Desarrollo de Aprendizaje (PDA) correspondientes al Campo formativo Lenguajes, con base en la propuesta curricular de la Nueva Escuela Mexicana (NEM).<\/li>\n<\/ul>\n<p><strong>Contenido<\/strong><\/p>\n<ul>\n<li>Organizado en trimestres, cada uno incluye fichas y estas secuencias did\u00e1cticas.<\/li>\n<li>Cada secuencia incluye: Introducci\u00f3n (presentaci\u00f3n del tema), \u00bfDe qu\u00e9 trata? (breve descripci\u00f3n de lo que se va a hacer), \u00bfPara qu\u00e9 alcanzarlo? (indica la utilidad del contenido a estudiar).<\/li>\n<li>Como secciones complementarias incluye: De lengua, Todo se relaciona, En la nube y Glosario<\/li>\n<li>Presenta evaluaciones trimestrales.<\/li>\n<\/ul>\n","protected":false},"excerpt":{"rendered":"<p>Esther L\u00f3pez-Portillo Ch\u00e1vez<\/p>\n","protected":false},"featured_media":2164,"comment_status":"open","ping_status":"closed","template":"","meta":[],"product_brand":[],"product_cat":[71,18],"product_tag":[],"class_list":{"0":"post-2163","1":"product","2":"type-product","3":"status-publish","4":"has-post-thumbnail","6":"product_cat-novedades-2024","7":"product_cat-secundaria","9":"first","10":"instock","11":"taxable","12":"shipping-taxable","13":"purchasable","14":"product-type-simple"},"_links":{"self":[{"href":"https:\/\/esfinge.mx\/inicio\/wp-json\/wp\/v2\/product\/2163","targetHints":{"allow":["GET"]}}],"collection":[{"href":"https:\/\/esfinge.mx\/inicio\/wp-json\/wp\/v2\/product"}],"about":[{"href":"https:\/\/esfinge.mx\/inicio\/wp-json\/wp\/v2\/types\/product"}],"replies":[{"embeddable":true,"href":"https:\/\/esfinge.mx\/inicio\/wp-json\/wp\/v2\/comments?post=2163"}],"wp:featuredmedia":[{"embeddable":true,"href":"https:\/\/esfinge.mx\/inicio\/wp-json\/wp\/v2\/media\/2164"}],"wp:attachment":[{"href":"https:\/\/esfinge.mx\/inicio\/wp-json\/wp\/v2\/media?parent=2163"}],"wp:term":[{"taxonomy":"product_brand","embeddable":true,"href":"https:\/\/esfinge.mx\/inicio\/wp-json\/wp\/v2\/product_brand?post=2163"},{"taxonomy":"product_cat","embeddable":true,"href":"https:\/\/esfinge.mx\/inicio\/wp-json\/wp\/v2\/product_cat?post=2163"},{"taxonomy":"product_tag","embeddable":true,"href":"https:\/\/esfinge.mx\/inicio\/wp-json\/wp\/v2\/product_tag?post=2163"}],"curies":[{"name":"wp","href":"https:\/\/api.w.org\/{rel}","templated":true}]}}