{"id":2176,"date":"2024-06-26T17:55:46","date_gmt":"2024-06-26T17:55:46","guid":{"rendered":"https:\/\/esfinge.mx\/inicio\/?post_type=product&#038;p=2176"},"modified":"2026-03-29T02:00:29","modified_gmt":"2026-03-29T08:00:29","slug":"secundaria-cuaderno-fisica","status":"publish","type":"product","link":"https:\/\/esfinge.mx\/inicio\/producto\/secundaria-cuaderno-fisica\/","title":{"rendered":"Secundaria cuaderno F\u00edsica"},"content":{"rendered":"<p><strong>Descripci\u00f3n<\/strong><\/p>\n<ul>\n<li>Cuaderno para segundo grado de secundaria desarrollado a partir de la propuesta curricular de la Nueva Escuela Mexicana (NEM).<\/li>\n<li>Proporciona a los estudiantes n\u00facleos b\u00e1sicos de informaci\u00f3n sobre contenidos propuestos en el Campo Saberes y pensamiento cient\u00edfico relacionados con los fen\u00f3menos y procesos naturales desde la perspectiva de diversos saberes y su relaci\u00f3n con lo social.<\/li>\n<li>Fomentan la toma de decisiones para explicar situaciones o problemas concretos orientados a una vida saludable.<\/li>\n<li>Permean el desarrollo de habilidades como indagar, interpretar, argumentar y permiten explicar el entorno desde una perspectiva cient\u00edfica.<\/li>\n<\/ul>\n<p><strong>Contenido<\/strong><\/p>\n<ul>\n<li>Organizado en trimestres, cada uno incluye fichas y estas secuencias did\u00e1cticas.<\/li>\n<li>Cada secuencia incluye: Introducci\u00f3n (presentaci\u00f3n del tema), Inicio (actividad para recuperar conocimientos previos), Desarrollo (actividades que permiten desarrollar los contenidos) Cierre (actividad de aplicaci\u00f3n del aprendizaje).<\/li>\n<li>Como secciones complementarias incluye: De ciencia, Todo se relaciona, En la nube y Glosario<\/li>\n<\/ul>\n<p>Presenta evaluaciones trimestrales<\/p>\n","protected":false},"excerpt":{"rendered":"<p>Flor Concepci\u00f3n Estrada Silva<\/p>\n<p>Leonor Garc\u00eda Mart\u00ednez<\/p>\n<p>Sergio Anaya Vera<\/p>\n","protected":false},"featured_media":2177,"comment_status":"open","ping_status":"closed","template":"","meta":[],"product_brand":[],"product_cat":[71,18],"product_tag":[],"class_list":{"0":"post-2176","1":"product","2":"type-product","3":"status-publish","4":"has-post-thumbnail","6":"product_cat-novedades-2024","7":"product_cat-secundaria","9":"first","10":"instock","11":"taxable","12":"shipping-taxable","13":"purchasable","14":"product-type-simple"},"_links":{"self":[{"href":"https:\/\/esfinge.mx\/inicio\/wp-json\/wp\/v2\/product\/2176","targetHints":{"allow":["GET"]}}],"collection":[{"href":"https:\/\/esfinge.mx\/inicio\/wp-json\/wp\/v2\/product"}],"about":[{"href":"https:\/\/esfinge.mx\/inicio\/wp-json\/wp\/v2\/types\/product"}],"replies":[{"embeddable":true,"href":"https:\/\/esfinge.mx\/inicio\/wp-json\/wp\/v2\/comments?post=2176"}],"wp:featuredmedia":[{"embeddable":true,"href":"https:\/\/esfinge.mx\/inicio\/wp-json\/wp\/v2\/media\/2177"}],"wp:attachment":[{"href":"https:\/\/esfinge.mx\/inicio\/wp-json\/wp\/v2\/media?parent=2176"}],"wp:term":[{"taxonomy":"product_brand","embeddable":true,"href":"https:\/\/esfinge.mx\/inicio\/wp-json\/wp\/v2\/product_brand?post=2176"},{"taxonomy":"product_cat","embeddable":true,"href":"https:\/\/esfinge.mx\/inicio\/wp-json\/wp\/v2\/product_cat?post=2176"},{"taxonomy":"product_tag","embeddable":true,"href":"https:\/\/esfinge.mx\/inicio\/wp-json\/wp\/v2\/product_tag?post=2176"}],"curies":[{"name":"wp","href":"https:\/\/api.w.org\/{rel}","templated":true}]}}