{"id":2182,"date":"2024-06-26T18:01:28","date_gmt":"2024-06-26T18:01:28","guid":{"rendered":"https:\/\/esfinge.mx\/inicio\/?post_type=product&#038;p=2182"},"modified":"2026-03-29T02:00:08","modified_gmt":"2026-03-29T08:00:08","slug":"ciencias-sociales-1-serie-trayectos","status":"publish","type":"product","link":"https:\/\/esfinge.mx\/inicio\/producto\/ciencias-sociales-1-serie-trayectos\/","title":{"rendered":"Ciencias sociales 1. Serie Trayectos"},"content":{"rendered":"<p><strong>Descripci\u00f3n<\/strong><\/p>\n<p>Propuesta educativa consistente que permite la formaci\u00f3n integral de los estudiantes a partir de secuencias did\u00e1cticas pertinentes y funcionales. Permite ubicar y aplicar en una diversidad de contextos, problem\u00e1ticas y situaciones a las Ciencias sociales para hacerlas cercanas y vivenciales a los alumnos. La estructura pedag\u00f3gica de este libro promueve el estudio de las Ciencias sociales como un espacio curricular cuyo objeto de estudio es la sociedad y lo p\u00fablico y tiene como prop\u00f3sito contribuir a la comprensi\u00f3n y explicaci\u00f3n del funcionamiento de la sociedad en su complejidad interna y contextual. Promueve la reflexi\u00f3n a partir de problemas pr\u00e1cticos.<\/p>\n<p><strong>Contenido<\/strong><\/p>\n<ul>\n<li>Trabaja las 13 Progresiones de aprendizaje (PDA) indicadas para el \u00c1rea de conocimiento Ciencias Sociales I en el nuevo Marco Curricular de la Educaci\u00f3n Media Superior (MCCEMS).<\/li>\n<li>Integra a la pr\u00e1ctica educativa el enfoque y la propuesta del MCCEMS.<\/li>\n<li>Organizado en bimestres.<\/li>\n<li>Incluye evaluaciones diagn\u00f3sticas, parciales y bimestrales.<\/li>\n<li>Presenta un Laboratorio el cual propone trabajar un proyecto a lo largo de los bimestres.<\/li>\n<\/ul>\n<p>&nbsp;<\/p>\n","protected":false},"excerpt":{"rendered":"<p>Alfredo Ruiz Islas<\/p>\n","protected":false},"featured_media":2183,"comment_status":"open","ping_status":"closed","template":"","meta":[],"product_brand":[],"product_cat":[71,21],"product_tag":[],"class_list":{"0":"post-2182","1":"product","2":"type-product","3":"status-publish","4":"has-post-thumbnail","6":"product_cat-novedades-2024","7":"product_cat-media-superior","9":"first","10":"instock","11":"taxable","12":"shipping-taxable","13":"purchasable","14":"product-type-simple"},"_links":{"self":[{"href":"https:\/\/esfinge.mx\/inicio\/wp-json\/wp\/v2\/product\/2182","targetHints":{"allow":["GET"]}}],"collection":[{"href":"https:\/\/esfinge.mx\/inicio\/wp-json\/wp\/v2\/product"}],"about":[{"href":"https:\/\/esfinge.mx\/inicio\/wp-json\/wp\/v2\/types\/product"}],"replies":[{"embeddable":true,"href":"https:\/\/esfinge.mx\/inicio\/wp-json\/wp\/v2\/comments?post=2182"}],"wp:featuredmedia":[{"embeddable":true,"href":"https:\/\/esfinge.mx\/inicio\/wp-json\/wp\/v2\/media\/2183"}],"wp:attachment":[{"href":"https:\/\/esfinge.mx\/inicio\/wp-json\/wp\/v2\/media?parent=2182"}],"wp:term":[{"taxonomy":"product_brand","embeddable":true,"href":"https:\/\/esfinge.mx\/inicio\/wp-json\/wp\/v2\/product_brand?post=2182"},{"taxonomy":"product_cat","embeddable":true,"href":"https:\/\/esfinge.mx\/inicio\/wp-json\/wp\/v2\/product_cat?post=2182"},{"taxonomy":"product_tag","embeddable":true,"href":"https:\/\/esfinge.mx\/inicio\/wp-json\/wp\/v2\/product_tag?post=2182"}],"curies":[{"name":"wp","href":"https:\/\/api.w.org\/{rel}","templated":true}]}}